{"id":794,"date":"2013-03-04T16:47:16","date_gmt":"2013-03-04T15:47:16","guid":{"rendered":"http:\/\/mastercomercioexterior.es\/?page_id=794"},"modified":"2023-08-23T14:27:14","modified_gmt":"2023-08-23T12:27:14","slug":"catalogo-mie-edicion-20132014","status":"publish","type":"page","link":"https:\/\/mastercomercioexterior.es\/malaga\/catalogo-mie-edicion-20132014\/","title":{"rendered":"MIE edici\u00f3n 2013\/2014"},"content":{"rendered":"<p>[et_pb_section fb_built=\u00bb1&#8243; _builder_version=\u00bb4.16&#8243; global_colors_info=\u00bb{}\u00bb][et_pb_row _builder_version=\u00bb4.16&#8243; background_size=\u00bbinitial\u00bb background_position=\u00bbtop_left\u00bb background_repeat=\u00bbrepeat\u00bb global_colors_info=\u00bb{}\u00bb][et_pb_column type=\u00bb4_4&#8243; _builder_version=\u00bb4.16&#8243; custom_padding=\u00bb|||\u00bb global_colors_info=\u00bb{}\u00bb custom_padding__hover=\u00bb|||\u00bb][et_pb_text _builder_version=\u00bb4.16&#8243; background_size=\u00bbinitial\u00bb background_position=\u00bbtop_left\u00bb background_repeat=\u00bbrepeat\u00bb global_colors_info=\u00bb{}\u00bb]<\/p>\n<p>V\u00cdDEO M\u00c1STER INTERNACIONALIZACI\u00d3N DE EMPRESAS<\/p>\n<p><iframe loading=\"lazy\" src=\"\/\/www.youtube.com\/embed\/HHGv6ZQw_4I\" width=\"480\" height=\"270\" frameborder=\"0\" allowfullscreen=\"allowfullscreen\"><\/iframe><\/p>\n<p>CAT\u00c1LOGO DEL M\u00c1STER<\/p>\n<p>&nbsp;<\/p>\n<p style=\"text-align: center;\">M\u00c1STER EN INTERNACIONALIZACI\u00d3N DE EMPRESA MIE &#8211; M\u00c1LAGA<\/p>\n<p style=\"text-align: center;\"><code>[<\/code><\/p>\n<p>[\/et_pb_text][\/et_pb_column][\/et_pb_row][et_pb_row _builder_version=\u00bb4.22.1&#8243; _module_preset=\u00bbdefault\u00bb][et_pb_column _builder_version=\u00bb4.22.1&#8243; _module_preset=\u00bbdefault\u00bb type=\u00bb4_4&#8243;][et_pb_cta title=\u00bbDescarga nuestro cat\u00e1logo\u00bb _builder_version=\u00bb4.22.1&#8243; _module_preset=\u00bbdefault\u00bb button_url=\u00bbhttps:\/\/mastercomercioexterior.es\/malaga\/wp-content\/uploads\/2023\/08\/Catalogo-informativo-mie-ceci-aim.pdf\u00bb url_new_window=\u00bbon\u00bb link_option_url=\u00bbhttps:\/\/mastercomercioexterior.es\/malaga\/wp-content\/uploads\/2023\/08\/Catalogo-informativo-mie-ceci-aim.pdf\u00bb link_option_url_new_window=\u00bbon\u00bb background_color=\u00bb#FFFFFF\u00bb text_orientation=\u00bbleft\u00bb background_layout=\u00bblight\u00bb header_text_color=\u00bb#E02B20&#8243; hover_enabled=\u00bb0&#8243; sticky_enabled=\u00bb0&#8243;][\/et_pb_cta][\/et_pb_column][\/et_pb_row][\/et_pb_section]<\/p>\n","protected":false},"excerpt":{"rendered":"<p>V\u00cdDEO M\u00c1STER INTERNACIONALIZACI\u00d3N DE EMPRESAS CAT\u00c1LOGO DEL M\u00c1STER &nbsp; M\u00c1STER EN INTERNACIONALIZACI\u00d3N DE EMPRESA MIE &#8211; M\u00c1LAGA [<\/p>\n","protected":false},"author":2,"featured_media":0,"parent":0,"menu_order":0,"comment_status":"closed","ping_status":"closed","template":"","meta":{"_et_pb_use_builder":"on","_et_pb_old_content":"V\u00cdDEO M\u00c1STER INTERNACIONALIZACI\u00d3N DE EMPRESAS\n\n<iframe src=\"\/\/www.youtube.com\/embed\/HHGv6ZQw_4I\" width=\"480\" height=\"270\" frameborder=\"0\" allowfullscreen=\"allowfullscreen\"><\/iframe>\n\nCAT\u00c1LOGO DEL M\u00c1STER\n\nhttp:\/\/issuu.com\/mastermie\/docs\/mastercomercioexterior\n<p style=\"text-align: center;\">M\u00c1STER EN INTERNACIONALIZACI\u00d3N DE EMPRESA MIE - M\u00c1LAGA<\/p>\n<p style=\"text-align: center;\"><code>[dl url=\"http:\/\/mastercomercioexterior.es\/malaga\/wp-content\/uploads\/2013\/03\/catalogo-mie.pdf\" title=\"DESCARGAR CAT\u00c1LOGO\" desc=\"M\u00c1STER MIE\" type=\"NEWWINDOW\" align=\"\"]<\/code><\/p>","_et_gb_content_width":"","footnotes":""},"class_list":["post-794","page","type-page","status-publish","hentry"],"_links":{"self":[{"href":"https:\/\/mastercomercioexterior.es\/malaga\/wp-json\/wp\/v2\/pages\/794","targetHints":{"allow":["GET"]}}],"collection":[{"href":"https:\/\/mastercomercioexterior.es\/malaga\/wp-json\/wp\/v2\/pages"}],"about":[{"href":"https:\/\/mastercomercioexterior.es\/malaga\/wp-json\/wp\/v2\/types\/page"}],"author":[{"embeddable":true,"href":"https:\/\/mastercomercioexterior.es\/malaga\/wp-json\/wp\/v2\/users\/2"}],"replies":[{"embeddable":true,"href":"https:\/\/mastercomercioexterior.es\/malaga\/wp-json\/wp\/v2\/comments?post=794"}],"version-history":[{"count":2,"href":"https:\/\/mastercomercioexterior.es\/malaga\/wp-json\/wp\/v2\/pages\/794\/revisions"}],"predecessor-version":[{"id":5113,"href":"https:\/\/mastercomercioexterior.es\/malaga\/wp-json\/wp\/v2\/pages\/794\/revisions\/5113"}],"wp:attachment":[{"href":"https:\/\/mastercomercioexterior.es\/malaga\/wp-json\/wp\/v2\/media?parent=794"}],"curies":[{"name":"wp","href":"https:\/\/api.w.org\/{rel}","templated":true}]}}