{"id":5027,"date":"2023-07-13T13:48:30","date_gmt":"2023-07-13T11:48:30","guid":{"rendered":"https:\/\/mastercomercioexterior.es\/malaga\/?page_id=5027"},"modified":"2026-04-26T20:45:46","modified_gmt":"2026-04-26T18:45:46","slug":"ficha-tecnica-aim","status":"publish","type":"page","link":"https:\/\/mastercomercioexterior.es\/malaga\/ficha-tecnica-aim\/","title":{"rendered":"Ficha tecnica AIM"},"content":{"rendered":"<p>[et_pb_section fb_built=\u00bb1&#8243; fullwidth=\u00bbon\u00bb _builder_version=\u00bb4.21.0&#8243; _module_preset=\u00bbdefault\u00bb global_colors_info=\u00bb{}\u00bb][\/et_pb_section][et_pb_section fb_built=\u00bb1&#8243; fullwidth=\u00bbon\u00bb _builder_version=\u00bb4.21.0&#8243; _module_preset=\u00bbdefault\u00bb custom_margin=\u00bb||||false|false\u00bb custom_padding=\u00bb0px||||false|false\u00bb global_colors_info=\u00bb{}\u00bb][et_pb_fullwidth_header title=\u00bbFICHA T\u00c9CNICA AIM\u00bb text_orientation=\u00bbcenter\u00bb _builder_version=\u00bb4.24.0&#8243; _module_preset=\u00bbdefault\u00bb background_color=\u00bbrgba(181,79,54,0.99)\u00bb use_background_color_gradient=\u00bbon\u00bb background_color_gradient_stops=\u00bbrgba(181,79,54,0.99) 0%|rgba(181,84,59,0.78) 99%\u00bb custom_padding=\u00bb25px|||||\u00bb global_colors_info=\u00bb{}\u00bb][\/et_pb_fullwidth_header][\/et_pb_section][et_pb_section fb_built=\u00bb1&#8243; _builder_version=\u00bb4.16&#8243; _module_preset=\u00bbdefault\u00bb custom_padding=\u00bb||0px|||\u00bb global_colors_info=\u00bb{}\u00bb][et_pb_row _builder_version=\u00bb4.16&#8243; _module_preset=\u00bbdefault\u00bb custom_padding=\u00bb||0px|||\u00bb global_colors_info=\u00bb{}\u00bb][et_pb_column type=\u00bb4_4&#8243; _builder_version=\u00bb4.16&#8243; _module_preset=\u00bbdefault\u00bb global_colors_info=\u00bb{}\u00bb][et_pb_blurb image=\u00bbhttps:\/\/mastercomercioexterior.es\/malaga\/wp-content\/uploads\/2023\/06\/logo-aim-f2.png\u00bb _builder_version=\u00bb4.24.0&#8243; _module_preset=\u00bbdefault\u00bb global_colors_info=\u00bb{}\u00bb][\/et_pb_blurb][et_pb_text _builder_version=\u00bb4.21.0&#8243; _module_preset=\u00bbdefault\u00bb global_colors_info=\u00bb{}\u00bb]<\/p>\n<h1 style=\"text-align: center;\"><span style=\"color: rgba(181,79,54,0.99);\">ADVANCED INTERNATIONAL MANAGEMENT COURSE<\/span><\/h1>\n<p style=\"text-align: center;\">[\/et_pb_text][et_pb_text _builder_version=\u00bb4.16&#8243; background_size=\u00bbinitial\u00bb background_position=\u00bbtop_left\u00bb background_repeat=\u00bbrepeat\u00bb custom_padding=\u00bb||0px|||\u00bb global_colors_info=\u00bb{}\u00bb]<\/p>\n<h3>FICHA T\u00c9CNICA<\/h3>\n<hr \/>\n<p>&nbsp;<br \/>\n[\/et_pb_text][\/et_pb_column][\/et_pb_row][et_pb_row column_structure=\u00bb1_2,1_2&#8243; _builder_version=\u00bb4.21.0&#8243; _module_preset=\u00bbdefault\u00bb global_colors_info=\u00bb{}\u00bb][et_pb_column type=\u00bb1_2&#8243; _builder_version=\u00bb4.21.0&#8243; _module_preset=\u00bbdefault\u00bb global_colors_info=\u00bb{}\u00bb][et_pb_blurb title=\u00bbFechas\u00bb use_icon=\u00bbon\u00bb font_icon=\u00bb&#xe023;||divi||400&#8243; icon_color=\u00bbrgba(181,79,54,0.99)\u00bb icon_placement=\u00bbleft\u00bb image_icon_width=\u00bb115px\u00bb _builder_version=\u00bb4.27.6&#8243; header_level=\u00bbh3&#8243; background_size=\u00bbinitial\u00bb background_position=\u00bbtop_left\u00bb background_repeat=\u00bbrepeat\u00bb width=\u00bb93%\u00bb max_width_tablet=\u00bb50px\u00bb animation=\u00bboff\u00bb hover_enabled=\u00bb0&#8243; global_colors_info=\u00bb{}\u00bb sticky_enabled=\u00bb0&#8243;]<\/p>\n<p><b>Marzo 2027<\/b><\/p>\n<p>[\/et_pb_blurb][et_pb_blurb title=\u00bbDuraci\u00f3n\u00bb use_icon=\u00bbon\u00bb font_icon=\u00bb&#xe0e1;||divi||400&#8243; icon_color=\u00bbrgba(181,79,54,0.99)\u00bb icon_placement=\u00bbleft\u00bb _builder_version=\u00bb4.21.0&#8243; header_level=\u00bbh3&#8243; background_size=\u00bbinitial\u00bb background_position=\u00bbtop_left\u00bb background_repeat=\u00bbrepeat\u00bb animation=\u00bboff\u00bb global_colors_info=\u00bb{}\u00bb]<\/p>\n<p>El Curso AIM tiene una duraci\u00f3n de 150 horas.<\/p>\n<p>150 horas (25 presenciales + 50 live-streaming + 75 proyectos)<\/p>\n<p>[\/et_pb_blurb][et_pb_blurb title=\u00bbPrecio\u00bb use_icon=\u00bbon\u00bb font_icon=\u00bb&#xe0ed;||divi||400&#8243; icon_color=\u00bbrgba(181,79,54,0.99)\u00bb icon_placement=\u00bbleft\u00bb _builder_version=\u00bb4.21.0&#8243; header_level=\u00bbh3&#8243; background_size=\u00bbinitial\u00bb background_position=\u00bbtop_left\u00bb background_repeat=\u00bbrepeat\u00bb animation=\u00bboff\u00bb global_colors_info=\u00bb{}\u00bb]<\/p>\n<p>1.750 \u20ac (Las empresas pueden solicitar bonificaci\u00f3n <strong>Fundae<\/strong> hasta 1.691 \u20ac)<\/p>\n<p><a href=\"https:\/\/mastercomercioexterior.es\/malaga\/precios-del-master\/\" target=\"_blank\" rel=\"noopener noreferrer\">Ver desglose del M\u00e1ster<\/a><\/p>\n<p>[\/et_pb_blurb][\/et_pb_column][et_pb_column type=\u00bb1_2&#8243; _builder_version=\u00bb4.21.0&#8243; _module_preset=\u00bbdefault\u00bb global_colors_info=\u00bb{}\u00bb][et_pb_blurb title=\u00bbLugar\u00bb use_icon=\u00bbon\u00bb font_icon=\u00bb&#xe081;||divi||400&#8243; icon_color=\u00bbrgba(181,79,54,0.99)\u00bb icon_placement=\u00bbleft\u00bb image_icon_width=\u00bb115px\u00bb _builder_version=\u00bb4.21.0&#8243; header_level=\u00bbh3&#8243; background_size=\u00bbinitial\u00bb background_position=\u00bbtop_left\u00bb background_repeat=\u00bbrepeat\u00bb width=\u00bb93%\u00bb max_width_tablet=\u00bb50px\u00bb animation=\u00bboff\u00bb global_colors_info=\u00bb{}\u00bb]<\/p>\n<p>C\u00e1mara de Comercio de M\u00e1laga<\/p>\n<p>[\/et_pb_blurb][et_pb_blurb title=\u00bbHorarios\u00bb use_icon=\u00bbon\u00bb font_icon=\u00bb&#x7d;||divi||400&#8243; icon_color=\u00bb#a51014&#8243; icon_placement=\u00bbleft\u00bb _builder_version=\u00bb4.21.0&#8243; header_level=\u00bbh3&#8243; background_size=\u00bbinitial\u00bb background_position=\u00bbtop_left\u00bb background_repeat=\u00bbrepeat\u00bb animation=\u00bboff\u00bb global_colors_info=\u00bb{}\u00bb]<\/p>\n<p>Ambos progr\u00e1mas acad\u00e9micos (CECI &amp; AIM) se desarrollan en horario de tarde todos los jueves de 16:00\u00a0 \u00a021:00h.<\/p>\n<p>[\/et_pb_blurb][et_pb_blurb title=\u00bbFormato\u00bb use_icon=\u00bbon\u00bb font_icon=\u00bb&#xe0d1;||divi||400&#8243; icon_color=\u00bbrgba(181,79,54,0.99)\u00bb icon_placement=\u00bbleft\u00bb image_icon_width=\u00bb115px\u00bb _builder_version=\u00bb4.21.0&#8243; header_level=\u00bbh3&#8243; background_size=\u00bbinitial\u00bb background_position=\u00bbtop_left\u00bb background_repeat=\u00bbrepeat\u00bb width=\u00bb93%\u00bb max_width_tablet=\u00bb50px\u00bb animation=\u00bboff\u00bb global_colors_info=\u00bb{}\u00bb]<\/p>\n<p>Semi-Presencial.<\/p>\n<p>Presencial + Live Streaming<\/p>\n<p>[\/et_pb_blurb][\/et_pb_column][\/et_pb_row][\/et_pb_section][et_pb_section fb_built=\u00bb1&#8243; _builder_version=\u00bb4.21.0&#8243; _module_preset=\u00bbdefault\u00bb background_color=\u00bbrgba(181,79,54,0.14)\u00bb custom_padding=\u00bb||0px|||\u00bb global_colors_info=\u00bb{}\u00bb][et_pb_row _builder_version=\u00bb4.21.0&#8243; _module_preset=\u00bbdefault\u00bb global_colors_info=\u00bb{}\u00bb][et_pb_column type=\u00bb4_4&#8243; _builder_version=\u00bb4.21.0&#8243; _module_preset=\u00bbdefault\u00bb global_colors_info=\u00bb{}\u00bb][et_pb_text _builder_version=\u00bb4.21.0&#8243; _module_preset=\u00bbdefault\u00bb global_colors_info=\u00bb{}\u00bb]<\/p>\n<h1 style=\"text-align: center;\"><span style=\"color: rgba(181,79,54,0.99);\">ADVANCED INTERNATIONAL MANAGEMENT COURSE<\/span><\/h1>\n<p style=\"text-align: center;\"><span style=\"color: #333333;\">Son muchas las ventajas de cursar el M\u00e1ster en Comercio Exterior de la C\u00e1mara de Comercio de M\u00e1laga<\/span><\/p>\n<p>[\/et_pb_text][\/et_pb_column][\/et_pb_row][et_pb_row column_structure=\u00bb1_3,1_3,1_3&#8243; _builder_version=\u00bb4.16&#8243; _module_preset=\u00bbdefault\u00bb global_colors_info=\u00bb{}\u00bb][et_pb_column type=\u00bb1_3&#8243; _builder_version=\u00bb4.16&#8243; _module_preset=\u00bbdefault\u00bb global_colors_info=\u00bb{}\u00bb][et_pb_blurb title=\u00bbReconocimiento Internacional\u00bb use_icon=\u00bbon\u00bb font_icon=\u00bb&#xe0e3;||divi||400&#8243; icon_color=\u00bb#a51014&#8243; icon_placement=\u00bbleft\u00bb image_icon_width=\u00bb109px\u00bb _builder_version=\u00bb4.21.0&#8243; _module_preset=\u00bbdefault\u00bb header_level=\u00bbh3&#8243; width=\u00bb100%\u00bb max_width=\u00bb100%\u00bb icon_font_size=\u00bb109px\u00bb global_colors_info=\u00bb{}\u00bb]<\/p>\n<p class=\"et_pb_module_header\">Las C\u00e1maras de Comercio son los centros de formaci\u00f3n empresarial m\u00e1s conocidos a nivel nacional e internacional.<\/p>\n<p>[\/et_pb_blurb][\/et_pb_column][et_pb_column type=\u00bb1_3&#8243; _builder_version=\u00bb4.16&#8243; _module_preset=\u00bbdefault\u00bb global_colors_info=\u00bb{}\u00bb][et_pb_blurb title=\u00bbExcelencia Acad\u00e9mica\u00bb use_icon=\u00bbon\u00bb font_icon=\u00bb&#xe012;||divi||400&#8243; icon_color=\u00bb#a51014&#8243; icon_placement=\u00bbleft\u00bb _builder_version=\u00bb4.16&#8243; _module_preset=\u00bbdefault\u00bb header_level=\u00bbh3&#8243; global_colors_info=\u00bb{}\u00bb]<\/p>\n<p><span>La esencia y clave de un M\u00e1ster <strong>presencial<\/strong> es la excelencia acad\u00e9mica. Por ello, desde la C\u00e1mara de Comercio de M\u00e1laga hemos apostado por un claustro de prestigiosos profesionales<\/span><\/p>\n<p>[\/et_pb_blurb][\/et_pb_column][et_pb_column type=\u00bb1_3&#8243; _builder_version=\u00bb4.16&#8243; _module_preset=\u00bbdefault\u00bb global_colors_info=\u00bb{}\u00bb][et_pb_blurb title=\u00bbAprende Practicando\u00bb use_icon=\u00bbon\u00bb font_icon=\u00bb&#xe02a;||divi||400&#8243; icon_color=\u00bb#a51014&#8243; icon_placement=\u00bbleft\u00bb image_icon_width=\u00bb120px\u00bb _builder_version=\u00bb4.16&#8243; _module_preset=\u00bbdefault\u00bb header_level=\u00bbh3&#8243; icon_font_size=\u00bb120px\u00bb global_colors_info=\u00bb{}\u00bb]<\/p>\n<p>Te ofrecemos una <strong>metodolog\u00eda<\/strong> experiencial donde te mover\u00e1s en entornos reales.<\/p>\n<p>[\/et_pb_blurb][\/et_pb_column][\/et_pb_row][\/et_pb_section][et_pb_section fb_built=\u00bb1&#8243; _builder_version=\u00bb4.21.0&#8243; _module_preset=\u00bbdefault\u00bb custom_padding=\u00bb||4px|||\u00bb global_colors_info=\u00bb{}\u00bb][et_pb_row column_structure=\u00bb2_3,1_3&#8243; _builder_version=\u00bb4.21.0&#8243; _module_preset=\u00bbdefault\u00bb global_colors_info=\u00bb{}\u00bb][et_pb_column type=\u00bb2_3&#8243; _builder_version=\u00bb4.21.0&#8243; _module_preset=\u00bbdefault\u00bb global_colors_info=\u00bb{}\u00bb][et_pb_text _builder_version=\u00bb4.21.0&#8243; _module_preset=\u00bbdefault\u00bb width=\u00bb100%\u00bb global_colors_info=\u00bb{}\u00bb]<\/p>\n<div class=\"et_pb_row et_pb_row_3\">\n<div class=\"et_pb_column et_pb_column_4_4 et_pb_column_6  et_pb_css_mix_blend_mode_passthrough et-last-child\">\n<div class=\"et_pb_module et_pb_text et_pb_text_1  et_pb_text_align_left et_pb_bg_layout_light\">\n<div class=\"et_pb_text_inner\">\n<h3><span style=\"color: #333333;\"><strong>Para qui\u00e9n est\u00e1 pensado<\/strong><\/span><\/h3>\n<p>Para el buen seguimiento del Curso es necesario tener un nivel m\u00ednimo de <strong>ingl\u00e9s B2.<\/strong><\/p>\n<p><strong>Directivos\u00a0y\u00a0mandos intermedios<\/strong> encargados o relacionados con la internacionalizaci\u00f3n de la empresa.<\/p>\n<p><strong>Responsables y t\u00e9cnicos\u00a0<\/strong>de las \u00e1reas financiera, log\u00edstica o comercial, que precisen incorporarse al proceso de internacionalizaci\u00f3n.<\/p>\n<p><strong>Consultores<\/strong>, abodagos o profesionales de internacionalizaci\u00f3n.<\/p>\n<p><strong>Profesionales\u00a0<\/strong>con inter\u00e9s en el conocimiento integral de los procesos de internacionalizaci\u00f3n de la empresa.<\/p>\n<p><strong>Emprendedores<\/strong>, para quienes est\u00e1n pensando en poner en marcha una empresa con vocaci\u00f3n internacional o quieren lanzarse al mercado global.<\/p>\n<p><strong>Reci\u00e9n graduados<\/strong>\u00a0que quieran desarrollar su carrera profesional en el \u00e1rea internacional o empresas internacionales.<\/p>\n<\/div>\n<\/div>\n<\/div>\n<\/div>\n<p>[\/et_pb_text][\/et_pb_column][et_pb_column type=\u00bb1_3&#8243; _builder_version=\u00bb4.21.0&#8243; _module_preset=\u00bbdefault\u00bb global_colors_info=\u00bb{}\u00bb][et_pb_text _builder_version=\u00bb4.21.0&#8243; _module_preset=\u00bbdefault\u00bb global_colors_info=\u00bb{}\u00bb]<\/p>\n<h3 style=\"text-align: center;\"><span style=\"color: #333333;\"><strong>Con\u00f3cenos mejor<\/strong><\/span><\/h3>\n<p>[\/et_pb_text][et_pb_button button_url=\u00bbhttps:\/\/mastercomercioexterior.es\/malaga\/programa-formativo-aim\/\u00bb button_text=\u00bbPrograma acad\u00e9mico\u00bb button_alignment=\u00bbcenter\u00bb _builder_version=\u00bb4.27.4&#8243; _module_preset=\u00bbdefault\u00bb custom_button=\u00bbon\u00bb button_bg_color=\u00bbrgba(181,79,54,0.99)\u00bb button_border_radius=\u00bb10px\u00bb button_letter_spacing=\u00bb0px\u00bb custom_css_main_element=\u00bbWidth: 250px\u00bb global_colors_info=\u00bb{}\u00bb][\/et_pb_button][et_pb_button button_url=\u00bbhttps:\/\/mastercomercioexterior.es\/malaga\/metodologia-del-master\/\u00bb button_text=\u00bbMetodolog\u00eda\u00bb button_alignment=\u00bbcenter\u00bb _builder_version=\u00bb4.27.4&#8243; _module_preset=\u00bbdefault\u00bb custom_button=\u00bbon\u00bb button_bg_color=\u00bbrgba(181,79,54,0.99)\u00bb button_border_radius=\u00bb10px\u00bb custom_css_main_element=\u00bbWidth: 250px\u00bb global_colors_info=\u00bb{}\u00bb][\/et_pb_button][et_pb_button button_url=\u00bbhttps:\/\/mastercomercioexterior.es\/malaga\/precios-del-master\/\u00bb button_text=\u00bbPrecio AIM\u00bb button_alignment=\u00bbcenter\u00bb _builder_version=\u00bb4.27.4&#8243; _module_preset=\u00bbdefault\u00bb custom_button=\u00bbon\u00bb button_bg_color=\u00bbrgba(181,79,54,0.99)\u00bb button_border_radius=\u00bb10px\u00bb custom_css_main_element=\u00bbWidth: 250px\u00bb global_colors_info=\u00bb{}\u00bb][\/et_pb_button][et_pb_button button_url=\u00bbhttps:\/\/mastercomercioexterior.es\/malaga\/formulario-evaluacion-candidatos\/\u00bb button_text=\u00bbProceso Admisi\u00f3n\u00bb button_alignment=\u00bbcenter\u00bb _builder_version=\u00bb4.27.4&#8243; _module_preset=\u00bbdefault\u00bb custom_button=\u00bbon\u00bb button_bg_color=\u00bbrgba(181,79,54,0.99)\u00bb button_border_radius=\u00bb10px\u00bb custom_css_main_element=\u00bbWidth: 250px\u00bb global_colors_info=\u00bb{}\u00bb][\/et_pb_button][\/et_pb_column][\/et_pb_row][\/et_pb_section][et_pb_section fb_built=\u00bb1&#8243; admin_label=\u00bbsection\u00bb _builder_version=\u00bb4.16&#8243; global_colors_info=\u00bb{}\u00bb][et_pb_row column_structure=\u00bb1_2,1_2&#8243; _builder_version=\u00bb4.21.0&#8243; _module_preset=\u00bbdefault\u00bb global_colors_info=\u00bb{}\u00bb][et_pb_column type=\u00bb1_2&#8243; _builder_version=\u00bb4.21.0&#8243; _module_preset=\u00bbdefault\u00bb global_colors_info=\u00bb{}\u00bb][et_pb_blurb title=\u00bbEscuela de Negocio C\u00e1mara de Comercio de M\u00e1laga\u00bb image=\u00bbhttps:\/\/mastercomercioexterior.es\/malaga\/wp-content\/uploads\/2018\/02\/logo-camara.jpg\u00bb icon_placement=\u00bbleft\u00bb _builder_version=\u00bb4.21.0&#8243; _module_preset=\u00bbdefault\u00bb header_level=\u00bbh3&#8243; global_colors_info=\u00bb{}\u00bb][\/et_pb_blurb][et_pb_map address=\u00bbC\u00e1mara Oficial de Comercio, Industria y Navegaci\u00f3n de la Provincia de M\u00e1laga, C\/ Cortina del Muelle, n\u00ba, 23, 29015 M\u00e1laga, Espa\u00f1a\u00bb zoom_level=\u00bb17&#8243; address_lat=\u00bb36.71910640684725&#8243; address_lng=\u00bb-4.417844999999951&#8243; admin_label=\u00bbMap\u00bb _builder_version=\u00bb4.16&#8243; global_colors_info=\u00bb{}\u00bb][et_pb_map_pin title=\u00bbC\u00e1mara comercio de M\u00e1laga\u00bb pin_address=\u00bbC\u00e1mara Oficial de Comercio, Industria y Navegaci\u00f3n de la Provincia de M\u00e1laga, C\/ Cortina del Muelle, n\u00ba, 23, 29015 M\u00e1laga, Espa\u00f1a\u00bb pin_address_lat=\u00bb36.719975&#8243; pin_address_lng=\u00bb-4.417844999999943&#8243; _builder_version=\u00bb3.0.47&#8243; global_colors_info=\u00bb{}\u00bb][\/et_pb_map_pin][\/et_pb_map][\/et_pb_column][et_pb_column type=\u00bb1_2&#8243; _builder_version=\u00bb4.21.0&#8243; _module_preset=\u00bbdefault\u00bb global_colors_info=\u00bb{}\u00bb][et_pb_contact_form title=\u00bbSolicita M\u00e1s Informaci\u00f3n\u00bb submit_button_text=\u00bbEnviar\u00bb _builder_version=\u00bb4.24.0&#8243; _module_preset=\u00bbdefault\u00bb _unique_id=\u00bb5e48bb38-5500-41c6-b87b-7400f92ca9a8&#8243; form_field_background_color=\u00bbrgba(181,171,170,0.2)\u00bb title_level=\u00bbh3&#8243; custom_button=\u00bbon\u00bb button_bg_color=\u00bbrgba(181,79,54,0.99)\u00bb global_colors_info=\u00bb{}\u00bb][et_pb_contact_field field_id=\u00bbName\u00bb field_title=\u00bbName\u00bb fullwidth_field=\u00bbon\u00bb _builder_version=\u00bb4.21.0&#8243; global_colors_info=\u00bb{}\u00bb button_text_size__hover_enabled=\u00bboff\u00bb button_one_text_size__hover_enabled=\u00bboff\u00bb button_two_text_size__hover_enabled=\u00bboff\u00bb button_text_color__hover_enabled=\u00bboff\u00bb button_one_text_color__hover_enabled=\u00bboff\u00bb button_two_text_color__hover_enabled=\u00bboff\u00bb button_border_width__hover_enabled=\u00bboff\u00bb button_one_border_width__hover_enabled=\u00bboff\u00bb button_two_border_width__hover_enabled=\u00bboff\u00bb button_border_color__hover_enabled=\u00bboff\u00bb button_one_border_color__hover_enabled=\u00bboff\u00bb button_two_border_color__hover_enabled=\u00bboff\u00bb button_border_radius__hover_enabled=\u00bboff\u00bb button_one_border_radius__hover_enabled=\u00bboff\u00bb button_two_border_radius__hover_enabled=\u00bboff\u00bb button_letter_spacing__hover_enabled=\u00bboff\u00bb button_one_letter_spacing__hover_enabled=\u00bboff\u00bb button_two_letter_spacing__hover_enabled=\u00bboff\u00bb button_bg_color__hover_enabled=\u00bboff\u00bb button_one_bg_color__hover_enabled=\u00bboff\u00bb button_two_bg_color__hover_enabled=\u00bboff\u00bb][\/et_pb_contact_field][et_pb_contact_field field_id=\u00bbEmail\u00bb field_title=\u00bbEmail Address\u00bb field_type=\u00bbemail\u00bb _builder_version=\u00bb4.16&#8243; global_colors_info=\u00bb{}\u00bb button_text_size__hover_enabled=\u00bboff\u00bb button_one_text_size__hover_enabled=\u00bboff\u00bb button_two_text_size__hover_enabled=\u00bboff\u00bb button_text_color__hover_enabled=\u00bboff\u00bb button_one_text_color__hover_enabled=\u00bboff\u00bb button_two_text_color__hover_enabled=\u00bboff\u00bb button_border_width__hover_enabled=\u00bboff\u00bb button_one_border_width__hover_enabled=\u00bboff\u00bb button_two_border_width__hover_enabled=\u00bboff\u00bb button_border_color__hover_enabled=\u00bboff\u00bb button_one_border_color__hover_enabled=\u00bboff\u00bb button_two_border_color__hover_enabled=\u00bboff\u00bb button_border_radius__hover_enabled=\u00bboff\u00bb button_one_border_radius__hover_enabled=\u00bboff\u00bb button_two_border_radius__hover_enabled=\u00bboff\u00bb button_letter_spacing__hover_enabled=\u00bboff\u00bb button_one_letter_spacing__hover_enabled=\u00bboff\u00bb button_two_letter_spacing__hover_enabled=\u00bboff\u00bb button_bg_color__hover_enabled=\u00bboff\u00bb button_one_bg_color__hover_enabled=\u00bboff\u00bb button_two_bg_color__hover_enabled=\u00bboff\u00bb][\/et_pb_contact_field][et_pb_contact_field field_id=\u00bbTelefono\u00bb field_title=\u00bbTelefono\u00bb _builder_version=\u00bb4.21.0&#8243; _module_preset=\u00bbdefault\u00bb global_colors_info=\u00bb{}\u00bb][\/et_pb_contact_field][et_pb_contact_field field_id=\u00bbMessage\u00bb field_title=\u00bbMessage\u00bb field_type=\u00bbtext\u00bb fullwidth_field=\u00bbon\u00bb _builder_version=\u00bb4.16&#8243; global_colors_info=\u00bb{}\u00bb button_text_size__hover_enabled=\u00bboff\u00bb button_one_text_size__hover_enabled=\u00bboff\u00bb button_two_text_size__hover_enabled=\u00bboff\u00bb button_text_color__hover_enabled=\u00bboff\u00bb button_one_text_color__hover_enabled=\u00bboff\u00bb button_two_text_color__hover_enabled=\u00bboff\u00bb button_border_width__hover_enabled=\u00bboff\u00bb button_one_border_width__hover_enabled=\u00bboff\u00bb button_two_border_width__hover_enabled=\u00bboff\u00bb button_border_color__hover_enabled=\u00bboff\u00bb button_one_border_color__hover_enabled=\u00bboff\u00bb button_two_border_color__hover_enabled=\u00bboff\u00bb button_border_radius__hover_enabled=\u00bboff\u00bb button_one_border_radius__hover_enabled=\u00bboff\u00bb button_two_border_radius__hover_enabled=\u00bboff\u00bb button_letter_spacing__hover_enabled=\u00bboff\u00bb button_one_letter_spacing__hover_enabled=\u00bboff\u00bb button_two_letter_spacing__hover_enabled=\u00bboff\u00bb button_bg_color__hover_enabled=\u00bboff\u00bb button_one_bg_color__hover_enabled=\u00bboff\u00bb button_two_bg_color__hover_enabled=\u00bboff\u00bb][\/et_pb_contact_field][\/et_pb_contact_form][\/et_pb_column][\/et_pb_row][\/et_pb_section]<\/p>\n","protected":false},"excerpt":{"rendered":"<p>ADVANCED INTERNATIONAL MANAGEMENT COURSE FICHA T\u00c9CNICA &nbsp; Marzo 2027El Curso AIM tiene una duraci\u00f3n de 150 horas. 150 horas (25 presenciales + 50 live-streaming + 75 proyectos)1.750 \u20ac (Las empresas pueden solicitar bonificaci\u00f3n Fundae hasta 1.691 \u20ac) Ver desglose del M\u00e1sterC\u00e1mara de Comercio de M\u00e1lagaAmbos progr\u00e1mas acad\u00e9micos (CECI &amp; AIM) se desarrollan en horario de [&hellip;]<\/p>\n","protected":false},"author":10,"featured_media":0,"parent":0,"menu_order":0,"comment_status":"closed","ping_status":"closed","template":"","meta":{"_et_pb_use_builder":"on","_et_pb_old_content":"","_et_gb_content_width":"","footnotes":""},"class_list":["post-5027","page","type-page","status-publish","hentry"],"_links":{"self":[{"href":"https:\/\/mastercomercioexterior.es\/malaga\/wp-json\/wp\/v2\/pages\/5027","targetHints":{"allow":["GET"]}}],"collection":[{"href":"https:\/\/mastercomercioexterior.es\/malaga\/wp-json\/wp\/v2\/pages"}],"about":[{"href":"https:\/\/mastercomercioexterior.es\/malaga\/wp-json\/wp\/v2\/types\/page"}],"author":[{"embeddable":true,"href":"https:\/\/mastercomercioexterior.es\/malaga\/wp-json\/wp\/v2\/users\/10"}],"replies":[{"embeddable":true,"href":"https:\/\/mastercomercioexterior.es\/malaga\/wp-json\/wp\/v2\/comments?post=5027"}],"version-history":[{"count":18,"href":"https:\/\/mastercomercioexterior.es\/malaga\/wp-json\/wp\/v2\/pages\/5027\/revisions"}],"predecessor-version":[{"id":5490,"href":"https:\/\/mastercomercioexterior.es\/malaga\/wp-json\/wp\/v2\/pages\/5027\/revisions\/5490"}],"wp:attachment":[{"href":"https:\/\/mastercomercioexterior.es\/malaga\/wp-json\/wp\/v2\/media?parent=5027"}],"curies":[{"name":"wp","href":"https:\/\/api.w.org\/{rel}","templated":true}]}}