{"id":5013,"date":"2023-07-13T11:17:45","date_gmt":"2023-07-13T09:17:45","guid":{"rendered":"https:\/\/mastercomercioexterior.es\/malaga\/?page_id=5013"},"modified":"2025-03-10T11:21:17","modified_gmt":"2025-03-10T10:21:17","slug":"programa-formativo-aim","status":"publish","type":"page","link":"https:\/\/mastercomercioexterior.es\/malaga\/programa-formativo-aim\/","title":{"rendered":"Programa formativo AIM"},"content":{"rendered":"<p>[et_pb_section fb_built=\u00bb1&#8243; fullwidth=\u00bbon\u00bb _builder_version=\u00bb4.21.0&#8243; _module_preset=\u00bbdefault\u00bb global_colors_info=\u00bb{}\u00bb][et_pb_fullwidth_header title=\u00bbPROGRAMA FORMATIVO ADVANCED INTERNATIONAL MANAGEMENT \u00bb text_orientation=\u00bbcenter\u00bb _builder_version=\u00bb4.21.0&#8243; _module_preset=\u00bbdefault\u00bb title_level=\u00bbh3&#8243; background_color=\u00bbrgba(181,79,54,0.99)\u00bb custom_padding=\u00bb||||false|false\u00bb global_colors_info=\u00bb{}\u00bb][\/et_pb_fullwidth_header][\/et_pb_section][et_pb_section fb_built=\u00bb1&#8243; _builder_version=\u00bb4.21.0&#8243; _module_preset=\u00bbdefault\u00bb global_colors_info=\u00bb{}\u00bb][et_pb_row column_structure=\u00bb2_5,3_5&#8243; _builder_version=\u00bb4.21.0&#8243; _module_preset=\u00bbdefault\u00bb global_colors_info=\u00bb{}\u00bb][et_pb_column type=\u00bb2_5&#8243; _builder_version=\u00bb4.21.0&#8243; _module_preset=\u00bbdefault\u00bb global_colors_info=\u00bb{}\u00bb][et_pb_image src=\u00bbhttps:\/\/mastercomercioexterior.es\/malaga\/wp-content\/uploads\/2023\/06\/logo-aim-f2.png\u00bb title_text=\u00bblogo aim f2&#8243; _builder_version=\u00bb4.21.0&#8243; _module_preset=\u00bbdefault\u00bb global_colors_info=\u00bb{}\u00bb][\/et_pb_image][\/et_pb_column][et_pb_column type=\u00bb3_5&#8243; _builder_version=\u00bb4.21.0&#8243; _module_preset=\u00bbdefault\u00bb global_colors_info=\u00bb{}\u00bb][et_pb_accordion open_toggle_background_color=\u00bb#FFFFFF\u00bb toggle_icon=\u00bb&#xe050;||divi||400&#8243; icon_color=\u00bb#af4324&#8243; _builder_version=\u00bb4.27.4&#8243; _module_preset=\u00bbdefault\u00bb hover_enabled=\u00bb0&#8243; global_colors_info=\u00bb{}\u00bb sticky_enabled=\u00bb0&#8243;][et_pb_accordion_item title=\u00bbPROGRAMA FORMATIVO\u00bb open=\u00bbon\u00bb open_toggle_text_color=\u00bbrgba(181,79,54,0.99)\u00bb _builder_version=\u00bb4.21.0&#8243; _module_preset=\u00bbdefault\u00bb global_colors_info=\u00bb{}\u00bb toggle_level=\u00bbh2&#8243;][\/et_pb_accordion_item][et_pb_accordion_item title=\u00bbINTERNATIONAL ENVIRONMENT &#038; MARKETS\u00bb _builder_version=\u00bb4.21.0&#8243; _module_preset=\u00bbdefault\u00bb global_colors_info=\u00bb{}\u00bb open=\u00bboff\u00bb]<\/p>\n<ul>\n<li>International Business Management:<\/li>\n<li>the big pictureEconomics in a global environment<\/li>\n<li>Economic relations &amp; international policies<\/li>\n<li>Trade policy instrumentsInternational<\/li>\n<li>Economic InstitutionsWorld markets: Europe<\/li>\n<li>World markets: USA<\/li>\n<li>World markets: Asia<\/li>\n<li>World markets: Latam<\/li>\n<li>World markets: Emerging countries<\/li>\n<\/ul>\n<p>[\/et_pb_accordion_item][et_pb_accordion_item title=\u00bbADVANCED LEGAL MANAGEMENT &#038; INTERNATIONAL TENDERS\u00bb _builder_version=\u00bb4.21.0&#8243; _module_preset=\u00bbdefault\u00bb global_colors_info=\u00bb{}\u00bb open=\u00bboff\u00bb]<\/p>\n<ul>\n<li><span>Establishing a company in a foreign country.<\/span><\/li>\n<li><span>Branches and subsidiaries.<\/span><\/li>\n<li><span>Steps to set up a company abroad.<\/span><\/li>\n<li><span>Tax and legal obligations.<\/span><\/li>\n<li><span>Wipo: international intellectual property.<\/span><\/li>\n<li><span>Copyright, trademarks, patents.<\/span><\/li>\n<li><span>International arbitration.<\/span><\/li>\n<li><span>International tenders.<\/span><\/li>\n<li><span>Multilateral organisations.<\/span><\/li>\n<li><span>International tender circuit and procedures.<\/span><\/li>\n<\/ul>\n<p>[\/et_pb_accordion_item][et_pb_accordion_item title=\u00bbSUPPLY CHAIN MANAGEMENT &#038; OPERATIONS\u00bb _builder_version=\u00bb4.21.0&#8243; _module_preset=\u00bbdefault\u00bb global_colors_info=\u00bb{}\u00bb open=\u00bboff\u00bb]<\/p>\n<ul>\n<li><span>International transport documents.<\/span><\/li>\n<li><span>Comparison of offers.<\/span><\/li>\n<li><span>Tariff Classification: Practical Cases.<\/span><\/li>\n<li><span>Origin of goods: Practical cases.<\/span><\/li>\n<li><span>Customs Value: Case Studies.<\/span><\/li>\n<li><span>Customs declarations: required documents.<\/span><\/li>\n<li><span>Customs regimes: tools for the creation of value from foreign trade.<\/span><span><\/span><\/li>\n<li><span>Internal and external transit &amp; Storage: free zone and customs warehouse.<\/span><\/li>\n<li><span>Special destinations &amp; Improvement: Active and passive.<\/span><\/li>\n<li><span>The AEO: advantages of being a trusted AEO in customs operations.<\/span><\/li>\n<\/ul>\n<p><span><\/span><\/p>\n<p>[\/et_pb_accordion_item][et_pb_accordion_item title=\u00bbINTERNATIONAL NEGOTIATION\u00bb _builder_version=\u00bb4.27.4&#8243; _module_preset=\u00bbdefault\u00bb hover_enabled=\u00bb0&#8243; global_colors_info=\u00bb{}\u00bb open=\u00bboff\u00bb sticky_enabled=\u00bb0&#8243;]<\/p>\n<ul>\n<li>Negotiation strategies<\/li>\n<li>Distributive negotiation: Methodology, Phases and Key skills. Practical Cases<\/li>\n<li>Integrative negotiation: Methodology, Phases, Key skills. Practical cases<\/li>\n<li>Cultural aspects to consider<\/li>\n<\/ul>\n<p>[\/et_pb_accordion_item][et_pb_accordion_item title=\u00bbADVANCED INTERNATIONAL BUSINESS STRATEGIES\u00bb _builder_version=\u00bb4.21.0&#8243; _module_preset=\u00bbdefault\u00bb global_colors_info=\u00bb{}\u00bb open=\u00bboff\u00bb]<\/p>\n<ul>\n<li><span>Advanced Marketing Strategies.<\/span><\/li>\n<li><span>Contemporary approaches in International Marketing.<\/span><\/li>\n<li><span>Internationalization of the service sector.<\/span><\/li>\n<li><span>Internationalization of start-ups.<\/span><\/li>\n<li><span>Management skills.<\/span><\/li>\n<li><span>International implementation projects.<\/span><\/li>\n<li><span>International Fairs &amp; Tradeshows.<\/span><\/li>\n<li><span>Ethics, values &amp; sustainability for international business.<\/span><\/li>\n<li><span>AI for International Management.<\/span><\/li>\n<li><span>Marketing tools for International Management.<\/span><\/li>\n<\/ul>\n<p>[\/et_pb_accordion_item][\/et_pb_accordion][\/et_pb_column][\/et_pb_row][et_pb_row _builder_version=\u00bb4.21.0&#8243; _module_preset=\u00bbdefault\u00bb global_colors_info=\u00bb{}\u00bb][et_pb_column type=\u00bb4_4&#8243; _builder_version=\u00bb4.21.0&#8243; _module_preset=\u00bbdefault\u00bb global_colors_info=\u00bb{}\u00bb][\/et_pb_column][\/et_pb_row][et_pb_row column_structure=\u00bb1_3,2_3&#8243; _builder_version=\u00bb4.21.0&#8243; _module_preset=\u00bbdefault\u00bb global_colors_info=\u00bb{}\u00bb][et_pb_column type=\u00bb1_3&#8243; _builder_version=\u00bb4.21.0&#8243; _module_preset=\u00bbdefault\u00bb global_colors_info=\u00bb{}\u00bb][et_pb_image src=\u00bbhttps:\/\/mastercomercioexterior.es\/malaga\/wp-content\/uploads\/2019\/02\/EscuelaNegocios-rojo-y-negro.png\u00bb title_text=\u00bbcurso comercio exterior\u00bb _builder_version=\u00bb4.21.0&#8243; _module_preset=\u00bbdefault\u00bb global_colors_info=\u00bb{}\u00bb][\/et_pb_image][\/et_pb_column][et_pb_column type=\u00bb2_3&#8243; _builder_version=\u00bb4.21.0&#8243; _module_preset=\u00bbdefault\u00bb global_colors_info=\u00bb{}\u00bb][et_pb_text _builder_version=\u00bb4.21.0&#8243; _module_preset=\u00bbdefault\u00bb global_colors_info=\u00bb{}\u00bb]<\/p>\n<p><strong><\/strong><\/p>\n<blockquote>\n<p><span style=\"color: #800000;\">PROGRAMA ACADEMICO AIM<a href=\"https:\/\/mastercomercioexterior.es\/malaga\/wp-content\/uploads\/2020\/09\/PROGRAMA-ACADEMICO-MIE.pdf\" rel=\"attachment wp-att-4258\" style=\"color: #800000;\"><\/a>\u00a0<\/span>La direcci\u00f3n acad\u00e9mica se reserva el derecho a modificar el programa acad\u00e9mico para garantizar el correcto funcionamiento del M\u00e1ster.<\/p>\n<\/blockquote>\n<p>[\/et_pb_text][\/et_pb_column][\/et_pb_row][\/et_pb_section]<\/p>\n","protected":false},"excerpt":{"rendered":"<p>International Business Management: the big pictureEconomics in a global environment Economic relations &amp; international policies Trade policy instrumentsInternational Economic InstitutionsWorld markets: Europe World markets: USA World markets: Asia World markets: Latam World markets: Emerging countries Establishing a company in a foreign country. Branches and subsidiaries. Steps to set up a company abroad. Tax and legal [&hellip;]<\/p>\n","protected":false},"author":10,"featured_media":0,"parent":0,"menu_order":0,"comment_status":"closed","ping_status":"closed","template":"","meta":{"_et_pb_use_builder":"on","_et_pb_old_content":"","_et_gb_content_width":"","footnotes":""},"class_list":["post-5013","page","type-page","status-publish","hentry"],"_links":{"self":[{"href":"https:\/\/mastercomercioexterior.es\/malaga\/wp-json\/wp\/v2\/pages\/5013","targetHints":{"allow":["GET"]}}],"collection":[{"href":"https:\/\/mastercomercioexterior.es\/malaga\/wp-json\/wp\/v2\/pages"}],"about":[{"href":"https:\/\/mastercomercioexterior.es\/malaga\/wp-json\/wp\/v2\/types\/page"}],"author":[{"embeddable":true,"href":"https:\/\/mastercomercioexterior.es\/malaga\/wp-json\/wp\/v2\/users\/10"}],"replies":[{"embeddable":true,"href":"https:\/\/mastercomercioexterior.es\/malaga\/wp-json\/wp\/v2\/comments?post=5013"}],"version-history":[{"count":10,"href":"https:\/\/mastercomercioexterior.es\/malaga\/wp-json\/wp\/v2\/pages\/5013\/revisions"}],"predecessor-version":[{"id":5280,"href":"https:\/\/mastercomercioexterior.es\/malaga\/wp-json\/wp\/v2\/pages\/5013\/revisions\/5280"}],"wp:attachment":[{"href":"https:\/\/mastercomercioexterior.es\/malaga\/wp-json\/wp\/v2\/media?parent=5013"}],"curies":[{"name":"wp","href":"https:\/\/api.w.org\/{rel}","templated":true}]}}