{"id":4933,"date":"2023-06-08T16:34:50","date_gmt":"2023-06-08T14:34:50","guid":{"rendered":"https:\/\/mastercomercioexterior.es\/malaga\/?page_id=4933"},"modified":"2025-01-14T13:27:23","modified_gmt":"2025-01-14T12:27:23","slug":"nueva-estructura-master-mie","status":"publish","type":"page","link":"https:\/\/mastercomercioexterior.es\/malaga\/nueva-estructura-master-mie\/","title":{"rendered":"Nueva estructura M\u00e1ster MIE"},"content":{"rendered":"<p>[et_pb_section fb_built=\u00bb1&#8243; fullwidth=\u00bbon\u00bb _builder_version=\u00bb4.21.0&#8243; _module_preset=\u00bbdefault\u00bb custom_margin=\u00bb||||false|false\u00bb global_colors_info=\u00bb{}\u00bb][et_pb_fullwidth_header title=\u00bbM\u00e1ster en Internacionalizaci\u00f3n de Empresas\u00bb subhead=\u00bbNuevo formato m\u00e1s pr\u00e1ctico y flexible\u00bb text_orientation=\u00bbcenter\u00bb _builder_version=\u00bb4.27.4&#8243; _module_preset=\u00bbdefault\u00bb subhead_font_size=\u00bb17px\u00bb background_color=\u00bb#FFFFFF\u00bb background_layout=\u00bblight\u00bb custom_padding=\u00bb0px||0px||false|false\u00bb hover_enabled=\u00bb0&#8243; global_colors_info=\u00bb{}\u00bb sticky_enabled=\u00bb0&#8243;][\/et_pb_fullwidth_header][et_pb_fullwidth_image src=\u00bbhttps:\/\/mastercomercioexterior.es\/malaga\/wp-content\/uploads\/2023\/06\/master-comercio-exterior.jpg\u00bb title_text=\u00bbmaster-comercio-exterior\u00bb _builder_version=\u00bb4.21.0&#8243; _module_preset=\u00bbdefault\u00bb custom_padding=\u00bb3px|||||\u00bb global_colors_info=\u00bb{}\u00bb][\/et_pb_fullwidth_image][\/et_pb_section][et_pb_section fb_built=\u00bb1&#8243; _builder_version=\u00bb4.21.0&#8243; _module_preset=\u00bbdefault\u00bb custom_padding=\u00bb28px||4px|||\u00bb global_colors_info=\u00bb{}\u00bb][et_pb_row _builder_version=\u00bb4.21.0&#8243; _module_preset=\u00bbdefault\u00bb custom_padding=\u00bb13px||2px|||\u00bb global_colors_info=\u00bb{}\u00bb][et_pb_column type=\u00bb4_4&#8243; _builder_version=\u00bb4.21.0&#8243; _module_preset=\u00bbdefault\u00bb global_colors_info=\u00bb{}\u00bb][et_pb_text _builder_version=\u00bb4.21.0&#8243; _module_preset=\u00bbdefault\u00bb text_font_size=\u00bb17px\u00bb global_colors_info=\u00bb{}\u00bb]<\/p>\n<p style=\"text-align: center;\">La nueva edici\u00f3n del M\u00e1ster MIE ahora te lo pone m\u00e1s f\u00e1cil, podr\u00e1s obtener tu certificado M\u00e1ster realizando ambos cursos m\u00e1s tu Proyecto Fin de M\u00e1ster.<\/p>\n<p>[\/et_pb_text][\/et_pb_column][\/et_pb_row][et_pb_row _builder_version=\u00bb4.21.0&#8243; _module_preset=\u00bbdefault\u00bb custom_padding=\u00bb0px||0px|||\u00bb global_colors_info=\u00bb{}\u00bb][et_pb_column type=\u00bb4_4&#8243; _builder_version=\u00bb4.21.0&#8243; _module_preset=\u00bbdefault\u00bb global_colors_info=\u00bb{}\u00bb][et_pb_image src=\u00bbhttps:\/\/mastercomercioexterior.es\/malaga\/wp-content\/uploads\/2023\/06\/cursos-comercio-exterior-ingles.png\u00bb title_text=\u00bbcursos comercio exterior ingles\u00bb _builder_version=\u00bb4.21.0&#8243; _module_preset=\u00bbdefault\u00bb global_colors_info=\u00bb{}\u00bb][\/et_pb_image][\/et_pb_column][\/et_pb_row][\/et_pb_section][et_pb_section fb_built=\u00bb1&#8243; _builder_version=\u00bb4.21.0&#8243; _module_preset=\u00bbdefault\u00bb background_color=\u00bb#c4c4c4&#8243; custom_padding=\u00bb||0px|||\u00bb global_colors_info=\u00bb{}\u00bb][et_pb_row _builder_version=\u00bb4.21.0&#8243; _module_preset=\u00bbdefault\u00bb global_colors_info=\u00bb{}\u00bb][et_pb_column type=\u00bb4_4&#8243; _builder_version=\u00bb4.21.0&#8243; _module_preset=\u00bbdefault\u00bb global_colors_info=\u00bb{}\u00bb][et_pb_text _builder_version=\u00bb4.21.0&#8243; _module_preset=\u00bbdefault\u00bb text_font_size=\u00bb17px\u00bb global_colors_info=\u00bb{}\u00bb]<\/p>\n<p>Recuerda que puedes cursar por separado cada uno de los programas acad\u00e9micos \u00abCECI\u00bb y \u00abAIM\u00bb visita la WEB de cada programa para conocer su programa y elige el que m\u00e1s se adate a tus necesidades o <a href=\"https:\/\/mastercomercioexterior.es\/malaga\/contactos-master\/\">contactanos y te asesoraremos en tu elecci\u00f3n<\/a><\/p>\n<p>[\/et_pb_text][\/et_pb_column][\/et_pb_row][\/et_pb_section][et_pb_section fb_built=\u00bb1&#8243; _builder_version=\u00bb4.21.0&#8243; _module_preset=\u00bbdefault\u00bb custom_padding=\u00bb57px||6px|||\u00bb global_colors_info=\u00bb{}\u00bb][et_pb_row column_structure=\u00bb1_2,1_2&#8243; _builder_version=\u00bb4.21.0&#8243; _module_preset=\u00bbdefault\u00bb global_colors_info=\u00bb{}\u00bb][et_pb_column type=\u00bb1_2&#8243; _builder_version=\u00bb4.21.0&#8243; _module_preset=\u00bbdefault\u00bb global_colors_info=\u00bb{}\u00bb][et_pb_blurb title=\u00bbCURSO EXPERTO COMERCIO EXTERIOR\u00bb image=\u00bbhttps:\/\/mastercomercioexterior.es\/malaga\/wp-content\/uploads\/2020\/11\/CECI-BLENDED-1280&#215;522-1.png\u00bb image_icon_width=\u00bb70%\u00bb _builder_version=\u00bb4.21.0&#8243; _module_preset=\u00bbdefault\u00bb body_font_size=\u00bb17px\u00bb global_colors_info=\u00bb{}\u00bb]<\/p>\n<p>Nuestro exitoso Curso Experto en Comercio Exteriro en su 14\u00aa edici\u00f3n cuenta con una tasa de empleabilidad de m\u00e1s del 95% en sus \u00faltmas 5 ediciones.<\/p>\n<p>Adquiere los conocimientos en Comercio Exterior con un nuevo sistema donde no todo es formaci\u00f3n, te ofrecemos mucho m\u00e1s.<\/p>\n<p>El CECI ofrece todo lo que precisa un profesional del comercio exterior, capacit\u00e1ndolo en los conceptos b\u00e1sicos de los negocios internacionales desde un punto de vista operativo y pr\u00e1ctico.<\/p>\n<p><a href=\"https:\/\/cursocomercioexterior.com\/curso-comercio-exterior-malaga-2023\/\" target=\"_blank\" rel=\"noopener\">Ver ficha t\u00e9cncia<\/a><\/p>\n<p>[\/et_pb_blurb][\/et_pb_column][et_pb_column type=\u00bb1_2&#8243; _builder_version=\u00bb4.21.0&#8243; _module_preset=\u00bbdefault\u00bb global_colors_info=\u00bb{}\u00bb][et_pb_blurb title=\u00bbADVANCED INTERNATIONAL MANAGEMENT COURSE\u00bb image=\u00bbhttps:\/\/mastercomercioexterior.es\/malaga\/wp-content\/uploads\/2023\/06\/logo-aim-f2.png\u00bb image_icon_width=\u00bb70%\u00bb _builder_version=\u00bb4.21.0&#8243; _module_preset=\u00bbdefault\u00bb body_font_size=\u00bb17px\u00bb global_colors_info=\u00bb{}\u00bb]<\/p>\n<p>Un curso avanzado en comercio exterior \u00edntegrametente en ingl\u00e9s por lo que se requiere un nivel avanzado para el correcto seguimiento.<\/p>\n<p><span>Te proporcionar\u00e1 las herramientas para lanzar tu carrera al \u00e1rea internacional o empezar tu propio negocio conociendo las oportunidades que te brinda el comercio internacional. <\/span><\/p>\n<p><a href=\"https:\/\/mastercomercioexterior.es\/malaga\/ficha-tecnica-aim\/\" target=\"_blank\" rel=\"noopener\">Ver ficha t\u00e9cnica<\/a><\/p>\n<p>[\/et_pb_blurb][\/et_pb_column][\/et_pb_row][et_pb_row _builder_version=\u00bb4.21.0&#8243; _module_preset=\u00bbdefault\u00bb custom_padding=\u00bb||0px|||\u00bb global_colors_info=\u00bb{}\u00bb][et_pb_column type=\u00bb4_4&#8243; _builder_version=\u00bb4.21.0&#8243; _module_preset=\u00bbdefault\u00bb global_colors_info=\u00bb{}\u00bb][et_pb_text _builder_version=\u00bb4.21.0&#8243; _module_preset=\u00bbdefault\u00bb global_colors_info=\u00bb{}\u00bb]<\/p>\n<h1 style=\"text-align: center;\">Conoce las ventajas de la nueva estructura del M\u00e1ster MIE<\/h1>\n<p>[\/et_pb_text][\/et_pb_column][\/et_pb_row][\/et_pb_section][et_pb_section fb_built=\u00bb1&#8243; fullwidth=\u00bbon\u00bb _builder_version=\u00bb4.21.0&#8243; _module_preset=\u00bbdefault\u00bb global_colors_info=\u00bb{}\u00bb][et_pb_fullwidth_image src=\u00bbhttps:\/\/mastercomercioexterior.es\/malaga\/wp-content\/uploads\/2023\/06\/international-management.png\u00bb title_text=\u00bbinternational management\u00bb _builder_version=\u00bb4.21.0&#8243; _module_preset=\u00bbdefault\u00bb global_colors_info=\u00bb{}\u00bb][\/et_pb_fullwidth_image][\/et_pb_section][et_pb_section fb_built=\u00bb1&#8243; _builder_version=\u00bb4.21.0&#8243; _module_preset=\u00bbdefault\u00bb global_colors_info=\u00bb{}\u00bb][\/et_pb_section][et_pb_section fb_built=\u00bb1&#8243; _builder_version=\u00bb4.21.0&#8243; _module_preset=\u00bbdefault\u00bb custom_padding=\u00bb||0px|||\u00bb global_colors_info=\u00bb{}\u00bb][et_pb_row column_structure=\u00bb3_5,2_5&#8243; _builder_version=\u00bb4.21.0&#8243; _module_preset=\u00bbdefault\u00bb global_colors_info=\u00bb{}\u00bb][et_pb_column type=\u00bb3_5&#8243; _builder_version=\u00bb4.21.0&#8243; _module_preset=\u00bbdefault\u00bb global_colors_info=\u00bb{}\u00bb][et_pb_toggle title=\u00bb\u00bfCuando empeiza el pr\u00f3ximo M\u00e1ster?\u00bb icon_color=\u00bbrgba(181,79,54,0.99)\u00bb _builder_version=\u00bb4.21.0&#8243; _module_preset=\u00bbdefault\u00bb title_text_color=\u00bbrgba(181,79,54,0.99)\u00bb title_font_size=\u00bb17px\u00bb global_colors_info=\u00bb{}\u00bb]<\/p>\n<p>Si eres ex-alumno con el CECI completado tendr\u00e1s que esperar a la pr\u00f3xima edici\u00f3n del AIM y matricularte tanto del AIM como del Proyecto Fin de M\u00e1ster.<\/p>\n<p>Si no has cursado ninguno de los dos programas acad\u00e9micos tendr\u00e1s que esperar a la pr\u00f3xima edici\u00f3n del CECI, <a href=\"https:\/\/cursocomercioexterior.com\/curso-comercio-exterior-malaga-ficha-tecnica\/\" target=\"_blank\" rel=\"noopener\">ver pr\u00f3xima edici\u00f3n.<\/a><\/p>\n<p>[\/et_pb_toggle][et_pb_toggle title=\u00bb\u00bfQu\u00e9 horario tiene el M\u00e1ster?\u00bb icon_color=\u00bbrgba(181,79,54,0.99)\u00bb _builder_version=\u00bb4.21.0&#8243; _module_preset=\u00bbdefault\u00bb title_text_color=\u00bbrgba(181,79,54,0.99)\u00bb title_font_size=\u00bb17px\u00bb global_colors_info=\u00bb{}\u00bb]<\/p>\n<p>\u00c1mbos cursos y el Proyecto fin de M\u00e1ster mantendr\u00e1n el mismo horario durante todo el a\u00f1o acad\u00e9mico.<\/p>\n<p><strong>Horario presencial:<\/strong><\/p>\n<p>Las clases presenciales se desarrollar\u00e1n los jueves.<\/p>\n<p>Horario: de 16:00h a 21:00 h.<\/p>\n<p>&nbsp;<\/p>\n<div class=\"et_pb_toggle_content clearfix\">\n<p><strong>Horario\u00a0 Videoclases S\u00edncronas (Live-streaming):<\/strong><\/p>\n<p>Las videoclases s\u00edncronas son 100% en directo, por lo que deber\u00e1s conectarte el d\u00eda y a la hora en la que se imparten tus clases.<\/p>\n<p>Las videoclases se desarrollar\u00e1n los jueves de 16:00h a 21:00 h.<\/p>\n<\/div>\n<p>[\/et_pb_toggle][et_pb_toggle title=\u00bbQue precio tiene ahora el M\u00e1ster MIE\u00bb open_toggle_text_color=\u00bb#000000&#8243; icon_color=\u00bbrgba(181,79,54,0.99)\u00bb _builder_version=\u00bb4.21.0&#8243; _module_preset=\u00bbdefault\u00bb title_text_color=\u00bbrgba(181,79,54,0.99)\u00bb title_font_size=\u00bb17px\u00bb global_colors_info=\u00bb{}\u00bb]<\/p>\n<p>Si deseas obtener el t\u00edtulo M\u00e1ster tendr\u00e1s que realizar los siguientes contenidos:<\/p>\n<ul>\n<li>Curso Experto Comercio Exterior (1.750 \u20ac)<\/li>\n<li>Advanced International Management Course (1.750 \u20ac)<\/li>\n<li>Proyecto Fin de M\u00e1ster (900 \u20ac).<\/li>\n<\/ul>\n<blockquote>\n<p><a href=\"https:\/\/mastercomercioexterior.es\/malaga\/precio-master-comercio-exterior\/\" target=\"_blank\" rel=\"noopener\"><strong>Ver precios de los programas acad\u00e9micos.<\/strong><\/a><\/p>\n<\/blockquote>\n<p>[\/et_pb_toggle][et_pb_toggle title=\u00bbPuedo cursar este a\u00f1o el CECI y el pr\u00f3ximo el AIM\u00bb icon_color=\u00bbrgba(181,79,54,0.99)\u00bb _builder_version=\u00bb4.21.0&#8243; _module_preset=\u00bbdefault\u00bb title_text_color=\u00bbrgba(181,79,54,0.99)\u00bb title_font_size=\u00bb17px\u00bb global_colors_info=\u00bb{}\u00bb]<\/p>\n<p>Cada curso es independiente y te puedes matricular por separado en diferentes ediciones. S\u00f3lo cuando completes \u00e1mbos programas m\u00e1s el proyecto fin de M\u00e1ster podr\u00e1s obtener el t\u00edtulo del M\u00e1ster en Internacionalizaci\u00f3n de Empresas.<\/p>\n<p>[\/et_pb_toggle][et_pb_toggle title=\u00bbComo puede mi empresa gestionar los cr\u00e9dito de la funci\u00f3n FUNDAE (tripartita) \u00bb icon_color=\u00bbrgba(181,79,54,0.99)\u00bb _builder_version=\u00bb4.21.0&#8243; _module_preset=\u00bbdefault\u00bb title_text_color=\u00bbrgba(181,79,54,0.99)\u00bb title_font_size=\u00bb17px\u00bb global_colors_info=\u00bb{}\u00bb]<\/p>\n<p>Si eres empresario y tienes trabajadores a tu cargo puedes solicitar la bonificaci\u00f3n a trav\u00e9s de una empresa gestora de la formaci\u00f3n.<\/p>\n<p>Si no cuentas con una empresa asesora que te gestiones los cr\u00e9ditos para la bonificaci\u00f3n de la formaci\u00f3n os podemos poner en contacto una de nuestra confianza_<\/p>\n<blockquote>\n<p>EBO GESTI\u00d3N<\/p>\n<p>Contacto_ \u00d3scar<\/p>\n<p>Email: <a href=\"mailto:bonificaciones@ebogestion.es\">bonificaciones@ebogestion.es<\/a><\/p>\n<p><a href=\"https:\/\/ebogestion.es\/recibir-formacion-bonificada\/\" target=\"_blank\" rel=\"noopener\">https:\/\/ebogestion.es\/recibir-formacion-bonificada\/<\/a><\/p>\n<p>&nbsp;<\/p>\n<\/blockquote>\n<p>Las gestiones ser\u00e1n entre la empresa beneficiaria y la gestora de la formaci\u00f3n, sin que la direcci\u00f3n del curso ni la C\u00e1mara de comercio asuman responsabilidad alguna en dicha gesti\u00f3n.<\/p>\n<p>[\/et_pb_toggle][et_pb_toggle title=\u00bbQue ayudas puedo obtener para cursar el MIE\u00bb icon_color=\u00bbrgba(181,79,54,0.99)\u00bb _builder_version=\u00bb4.21.0&#8243; _module_preset=\u00bbdefault\u00bb title_text_color=\u00bbrgba(181,79,54,0.99)\u00bb title_font_size=\u00bb17px\u00bb global_colors_info=\u00bb{}\u00bb]<\/p>\n<p>Si eres empresario y tienes trabajadores a tu cargo puedes solicitar la bonificaci\u00f3n a trav\u00e9s de una empresa gestora de la formaci\u00f3n.<\/p>\n<p>Adem\u00e1s podr\u00e1s financiar ambos cursos durante el periodo de impartici\u00f3n.<\/p>\n<blockquote>\n<p><a href=\"https:\/\/mastercomercioexterior.es\/malaga\/precio-master-comercio-exterior\/\" target=\"_blank\" rel=\"noopener\"><em>Ver Precios.<\/em><\/a><\/p>\n<p><em><a href=\"https:\/\/mastercomercioexterior.es\/malaga\/precio-master-comercio-exterior\/\" target=\"_blank\" rel=\"noopener\">Ver descuentos y bonificacion.<\/a><\/em><\/p>\n<\/blockquote>\n<p>&nbsp;<\/p>\n<p>[\/et_pb_toggle][\/et_pb_column][et_pb_column type=\u00bb2_5&#8243; _builder_version=\u00bb4.21.0&#8243; _module_preset=\u00bbdefault\u00bb global_colors_info=\u00bb{}\u00bb][et_pb_image src=\u00bbhttps:\/\/mastercomercioexterior.es\/malaga\/wp-content\/uploads\/2019\/02\/EscuelaNegocios-rojo-y-negro.png\u00bb title_text=\u00bbcurso comercio exterior\u00bb _builder_version=\u00bb4.21.0&#8243; _module_preset=\u00bbdefault\u00bb custom_margin=\u00bb||50px|||\u00bb global_colors_info=\u00bb{}\u00bb][\/et_pb_image][et_pb_contact_form email=\u00bbinfo@cursocomercioexterior.com\u00bb title=\u00bbSOLICITA M\u00c1S INFORMACI\u00d3N\u00bb success_message=\u00bbGracias por contactar con la direcci\u00f3n de formaci\u00f3n en comercio exterior de la C\u00e1mara de Comercio de M\u00e1laga, en breve nos pondremos en contacto.\u00bb submit_button_text=\u00bbEnviar\u00bb _builder_version=\u00bb4.21.0&#8243; _module_preset=\u00bbdefault\u00bb _unique_id=\u00bbd07b5fd6-11ec-4356-b14c-96069d47fff2&#8243; form_field_background_color=\u00bbrgba(181,101,81,0.21)\u00bb form_field_text_color=\u00bbrgba(58,19,16,0.99)\u00bb form_field_focus_background_color=\u00bbRGBA(255,255,255,0)\u00bb form_field_focus_text_color=\u00bb#0C71C3&#8243; custom_button=\u00bbon\u00bb button_text_color=\u00bbrgba(181,36,0,0.99)\u00bb global_colors_info=\u00bb{}\u00bb][et_pb_contact_field field_id=\u00bbField_4&#8243; field_title=\u00bbCURSO DE INTERIES\u00bb field_type=\u00bbselect\u00bb select_options=\u00bb%91{%22value%22:%22CECI &#8211; CURSO EXPERTO COMERCIO EXTERIOR  %22,%22checked%22:0,%22dragID%22:-1},{%22value%22:%22AIM &#8211; ADVANCED INTERNATIONAL MANAGEMENT COURSE%22,%22checked%22:0,%22dragID%22:0},{%22value%22:%22MASTER MIE ( CECI + AIM + PROYECTO FIN DE MASTER)%22,%22checked%22:0,%22dragID%22:1}%93&#8243; fullwidth_field=\u00bbon\u00bb _builder_version=\u00bb4.21.0&#8243; _module_preset=\u00bbdefault\u00bb global_colors_info=\u00bb{}\u00bb][\/et_pb_contact_field][et_pb_contact_field field_id=\u00bbName\u00bb field_title=\u00bbNombre\u00bb fullwidth_field=\u00bbon\u00bb _builder_version=\u00bb4.21.0&#8243; global_colors_info=\u00bb{}\u00bb button_text_size__hover_enabled=\u00bboff\u00bb button_one_text_size__hover_enabled=\u00bboff\u00bb button_two_text_size__hover_enabled=\u00bboff\u00bb button_text_color__hover_enabled=\u00bboff\u00bb button_one_text_color__hover_enabled=\u00bboff\u00bb button_two_text_color__hover_enabled=\u00bboff\u00bb button_border_width__hover_enabled=\u00bboff\u00bb button_one_border_width__hover_enabled=\u00bboff\u00bb button_two_border_width__hover_enabled=\u00bboff\u00bb button_border_color__hover_enabled=\u00bboff\u00bb button_one_border_color__hover_enabled=\u00bboff\u00bb button_two_border_color__hover_enabled=\u00bboff\u00bb button_border_radius__hover_enabled=\u00bboff\u00bb button_one_border_radius__hover_enabled=\u00bboff\u00bb button_two_border_radius__hover_enabled=\u00bboff\u00bb button_letter_spacing__hover_enabled=\u00bboff\u00bb button_one_letter_spacing__hover_enabled=\u00bboff\u00bb button_two_letter_spacing__hover_enabled=\u00bboff\u00bb button_bg_color__hover_enabled=\u00bboff\u00bb button_one_bg_color__hover_enabled=\u00bboff\u00bb button_two_bg_color__hover_enabled=\u00bboff\u00bb][\/et_pb_contact_field][et_pb_contact_field field_id=\u00bbMovil\u00bb field_title=\u00bbTel\u00e9fono\u00bb _builder_version=\u00bb4.21.0&#8243; _module_preset=\u00bbdefault\u00bb global_colors_info=\u00bb{}\u00bb][\/et_pb_contact_field][et_pb_contact_field field_id=\u00bbEmail\u00bb field_title=\u00bbEmail\u00bb field_type=\u00bbemail\u00bb _builder_version=\u00bb4.21.0&#8243; global_colors_info=\u00bb{}\u00bb button_text_size__hover_enabled=\u00bboff\u00bb button_one_text_size__hover_enabled=\u00bboff\u00bb button_two_text_size__hover_enabled=\u00bboff\u00bb button_text_color__hover_enabled=\u00bboff\u00bb button_one_text_color__hover_enabled=\u00bboff\u00bb button_two_text_color__hover_enabled=\u00bboff\u00bb button_border_width__hover_enabled=\u00bboff\u00bb button_one_border_width__hover_enabled=\u00bboff\u00bb button_two_border_width__hover_enabled=\u00bboff\u00bb button_border_color__hover_enabled=\u00bboff\u00bb button_one_border_color__hover_enabled=\u00bboff\u00bb button_two_border_color__hover_enabled=\u00bboff\u00bb button_border_radius__hover_enabled=\u00bboff\u00bb button_one_border_radius__hover_enabled=\u00bboff\u00bb button_two_border_radius__hover_enabled=\u00bboff\u00bb button_letter_spacing__hover_enabled=\u00bboff\u00bb button_one_letter_spacing__hover_enabled=\u00bboff\u00bb button_two_letter_spacing__hover_enabled=\u00bboff\u00bb button_bg_color__hover_enabled=\u00bboff\u00bb button_one_bg_color__hover_enabled=\u00bboff\u00bb button_two_bg_color__hover_enabled=\u00bboff\u00bb][\/et_pb_contact_field][et_pb_contact_field field_id=\u00bbMessage\u00bb field_title=\u00bbD\u00e9janos tu mensaje\u00bb field_type=\u00bbtext\u00bb fullwidth_field=\u00bbon\u00bb _builder_version=\u00bb4.21.0&#8243; global_colors_info=\u00bb{}\u00bb button_text_size__hover_enabled=\u00bboff\u00bb button_one_text_size__hover_enabled=\u00bboff\u00bb button_two_text_size__hover_enabled=\u00bboff\u00bb button_text_color__hover_enabled=\u00bboff\u00bb button_one_text_color__hover_enabled=\u00bboff\u00bb button_two_text_color__hover_enabled=\u00bboff\u00bb button_border_width__hover_enabled=\u00bboff\u00bb button_one_border_width__hover_enabled=\u00bboff\u00bb button_two_border_width__hover_enabled=\u00bboff\u00bb button_border_color__hover_enabled=\u00bboff\u00bb button_one_border_color__hover_enabled=\u00bboff\u00bb button_two_border_color__hover_enabled=\u00bboff\u00bb button_border_radius__hover_enabled=\u00bboff\u00bb button_one_border_radius__hover_enabled=\u00bboff\u00bb button_two_border_radius__hover_enabled=\u00bboff\u00bb button_letter_spacing__hover_enabled=\u00bboff\u00bb button_one_letter_spacing__hover_enabled=\u00bboff\u00bb button_two_letter_spacing__hover_enabled=\u00bboff\u00bb button_bg_color__hover_enabled=\u00bboff\u00bb button_one_bg_color__hover_enabled=\u00bboff\u00bb button_two_bg_color__hover_enabled=\u00bboff\u00bb][\/et_pb_contact_field][\/et_pb_contact_form][\/et_pb_column][\/et_pb_row][et_pb_row column_structure=\u00bb1_2,1_2&#8243; _builder_version=\u00bb4.21.0&#8243; _module_preset=\u00bbdefault\u00bb global_colors_info=\u00bb{}\u00bb][et_pb_column type=\u00bb1_2&#8243; _builder_version=\u00bb4.21.0&#8243; _module_preset=\u00bbdefault\u00bb global_colors_info=\u00bb{}\u00bb][et_pb_image src=\u00bbhttps:\/\/mastercomercioexterior.es\/malaga\/wp-content\/uploads\/2023\/06\/descarga.png\u00bb title_text=\u00bbdescarga\u00bb _builder_version=\u00bb4.21.0&#8243; _module_preset=\u00bbdefault\u00bb global_colors_info=\u00bb{}\u00bb][\/et_pb_image][\/et_pb_column][et_pb_column type=\u00bb1_2&#8243; _builder_version=\u00bb4.21.0&#8243; _module_preset=\u00bbdefault\u00bb global_colors_info=\u00bb{}\u00bb][et_pb_text _builder_version=\u00bb4.21.0&#8243; _module_preset=\u00bbdefault\u00bb text_font_size=\u00bb17px\u00bb global_colors_info=\u00bb{}\u00bb]<\/p>\n<p>Si eres empresa y quieres formar a tus empleados podr\u00e1s solicitar la bonificaci\u00f3n par ambos cursos \u00abCECI\u00bb y \u00abAIM\u00bb <a href=\"https:\/\/mastercomercioexterior.es\/malaga\/contactos-master\/\">cont\u00e1ctanos para m\u00e1s informaci\u00f3n.<\/a><\/p>\n<p>[\/et_pb_text][\/et_pb_column][\/et_pb_row][\/et_pb_section][et_pb_section fb_built=\u00bb1&#8243; fullwidth=\u00bbon\u00bb _builder_version=\u00bb4.21.0&#8243; _module_preset=\u00bbdefault\u00bb global_colors_info=\u00bb{}\u00bb][et_pb_fullwidth_image src=\u00bbhttps:\/\/mastercomercioexterior.es\/malaga\/wp-content\/uploads\/2023\/06\/curso-comercio-exterior.png\u00bb title_text=\u00bbcurso comercio exterior\u00bb _builder_version=\u00bb4.21.0&#8243; _module_preset=\u00bbdefault\u00bb global_colors_info=\u00bb{}\u00bb][\/et_pb_fullwidth_image][\/et_pb_section]<\/p>\n","protected":false},"excerpt":{"rendered":"<p>La nueva edici\u00f3n del M\u00e1ster MIE ahora te lo pone m\u00e1s f\u00e1cil, podr\u00e1s obtener tu certificado M\u00e1ster realizando ambos cursos m\u00e1s tu Proyecto Fin de M\u00e1ster.Recuerda que puedes cursar por separado cada uno de los programas acad\u00e9micos \u00abCECI\u00bb y \u00abAIM\u00bb visita la WEB de cada programa para conocer su programa y elige el que m\u00e1s [&hellip;]<\/p>\n","protected":false},"author":10,"featured_media":0,"parent":0,"menu_order":0,"comment_status":"closed","ping_status":"closed","template":"","meta":{"_et_pb_use_builder":"on","_et_pb_old_content":"","_et_gb_content_width":"","footnotes":""},"class_list":["post-4933","page","type-page","status-publish","hentry"],"_links":{"self":[{"href":"https:\/\/mastercomercioexterior.es\/malaga\/wp-json\/wp\/v2\/pages\/4933","targetHints":{"allow":["GET"]}}],"collection":[{"href":"https:\/\/mastercomercioexterior.es\/malaga\/wp-json\/wp\/v2\/pages"}],"about":[{"href":"https:\/\/mastercomercioexterior.es\/malaga\/wp-json\/wp\/v2\/types\/page"}],"author":[{"embeddable":true,"href":"https:\/\/mastercomercioexterior.es\/malaga\/wp-json\/wp\/v2\/users\/10"}],"replies":[{"embeddable":true,"href":"https:\/\/mastercomercioexterior.es\/malaga\/wp-json\/wp\/v2\/comments?post=4933"}],"version-history":[{"count":23,"href":"https:\/\/mastercomercioexterior.es\/malaga\/wp-json\/wp\/v2\/pages\/4933\/revisions"}],"predecessor-version":[{"id":5219,"href":"https:\/\/mastercomercioexterior.es\/malaga\/wp-json\/wp\/v2\/pages\/4933\/revisions\/5219"}],"wp:attachment":[{"href":"https:\/\/mastercomercioexterior.es\/malaga\/wp-json\/wp\/v2\/media?parent=4933"}],"curies":[{"name":"wp","href":"https:\/\/api.w.org\/{rel}","templated":true}]}}