{"id":47,"date":"2012-03-14T00:07:44","date_gmt":"2012-03-13T23:07:44","guid":{"rendered":"http:\/\/mastercomercioexterior.es\/?page_id=47"},"modified":"2013-10-03T20:31:50","modified_gmt":"2013-10-03T18:31:50","slug":"metodologia","status":"publish","type":"page","link":"https:\/\/mastercomercioexterior.es\/malaga\/metodologia\/","title":{"rendered":"Metodolog\u00eda"},"content":{"rendered":"","protected":false},"excerpt":{"rendered":"<p>Basado en el M\u00e9todo del Caso, estudiando situaciones reales de empresas y casos pr\u00e1cticos que ir\u00e1n adquiriendo mayor complejidad a medida que avanza el Master.<\/p>\n","protected":false},"author":1,"featured_media":0,"parent":0,"menu_order":0,"comment_status":"closed","ping_status":"closed","template":"","meta":{"_et_pb_use_builder":"","_et_pb_old_content":"","_et_gb_content_width":"","footnotes":""},"class_list":["post-47","page","type-page","status-publish","hentry"],"_links":{"self":[{"href":"https:\/\/mastercomercioexterior.es\/malaga\/wp-json\/wp\/v2\/pages\/47","targetHints":{"allow":["GET"]}}],"collection":[{"href":"https:\/\/mastercomercioexterior.es\/malaga\/wp-json\/wp\/v2\/pages"}],"about":[{"href":"https:\/\/mastercomercioexterior.es\/malaga\/wp-json\/wp\/v2\/types\/page"}],"author":[{"embeddable":true,"href":"https:\/\/mastercomercioexterior.es\/malaga\/wp-json\/wp\/v2\/users\/1"}],"replies":[{"embeddable":true,"href":"https:\/\/mastercomercioexterior.es\/malaga\/wp-json\/wp\/v2\/comments?post=47"}],"version-history":[{"count":0,"href":"https:\/\/mastercomercioexterior.es\/malaga\/wp-json\/wp\/v2\/pages\/47\/revisions"}],"wp:attachment":[{"href":"https:\/\/mastercomercioexterior.es\/malaga\/wp-json\/wp\/v2\/media?parent=47"}],"curies":[{"name":"wp","href":"https:\/\/api.w.org\/{rel}","templated":true}]}}