{"id":416,"date":"2012-04-11T20:39:05","date_gmt":"2012-04-11T18:39:05","guid":{"rendered":"http:\/\/mastercomercioexterior.es\/?page_id=416"},"modified":"2014-06-05T08:48:57","modified_gmt":"2014-06-05T06:48:57","slug":"internacionalizarse","status":"publish","type":"page","link":"https:\/\/mastercomercioexterior.es\/malaga\/internacionalizarse\/","title":{"rendered":"Importancia de Internacionalizarse"},"content":{"rendered":"<p>[et_pb_section fullwidth=\u00bboff\u00bb specialty=\u00bboff\u00bb][et_pb_row][et_pb_column type=\u00bb3_4&#8243;][et_pb_image admin_label=\u00bbImage\u00bb src=\u00bbhttps:\/\/mastercomercioexterior.es\/malaga\/wp-content\/uploads\/2014\/06\/internacionalizate.jpg\u00bb show_in_lightbox=\u00bboff\u00bb url_new_window=\u00bboff\u00bb animation=\u00bboff\u00bb \/][et_pb_text admin_label=\u00bbText\u00bb background_layout=\u00bblight\u00bb text_orientation=\u00bbleft\u00bb]<\/p>\n<p>&nbsp;<\/p>\n<h4>Importancia de la Internacionalizaci\u00f3n<\/h4>\n<p>Especialmente desde el comienzo de la crisis escuchamos y leemos todos los d\u00edas que la mejor opci\u00f3n para que las empresas y la econom\u00eda espa\u00f1ola salgan de la crisis es exportar m\u00e1s o actuar en el exterior. Es por eso que cada vez m\u00e1s las empresas toman la decisi\u00f3n de salir fuera como una necesidad para su supervivencia, crecimiento o rentabilidad a largo \u00a0plazo. Y es que en la actualidad, debido a la progresiva apertura de fronteras, la reducci\u00f3n del precio del transporte, la disminuci\u00f3n de los tr\u00e1mites necesarios y la facilidad de las comunicaciones, cada vez es m\u00e1s sencillo extender el brazo comercial hacia nuevos clientes y proveedores, que pueden resultar m\u00e1s interesantes que los cercanos y habituales.<\/p>\n<p>El mundo est\u00e1 en un cambio constante, la globalizaci\u00f3n de la econom\u00eda llega a todos los rincones, y la forma de triunfar en los negocios pasa por aplicar la inteligencia y la imaginaci\u00f3n, por entender qu\u00e9 es lo que est\u00e1 pasando y buscar formas novedosas de enfrentarnos a esa realidad. El M\u00e1ster en Internacionalizaci\u00f3n de la Empresa (MIE) va encaminado a entrenar a los alumnos en todos los aspectos relevantes del comercio y los negocios internacionales. \u00a0Aprender\u00e1 todas las herramientas y procesos para dirigir una empresa en su actividad internacional, desde la gesti\u00f3n de operaciones de importaci\u00f3n y exportaci\u00f3n, cuestiones fiscales, legales como as\u00ed tambi\u00e9n la utilizaci\u00f3n de lnternet y las nuevas tecnolog\u00edas, \u00a0el seguimiento tecnol\u00f3gico y las estrategias \u00a0de inteligencia competitiva, sin descuidar aspectos relativos a la direcci\u00f3n de la empresa internacionalizada, implantaci\u00f3n de filiales, proyectos de inversi\u00f3n y la internacionalizaci\u00f3n de los servicios.<\/p>\n<hr \/>\n<h4><\/h4>\n<h4>Una formaci\u00f3n de calidad<\/h4>\n<p>El MIE se ha dise\u00f1ado para brindarte la mejor formaci\u00f3n adaptada a las demandas del mercado laboral y empresarial actual avalado por un equipo formado por prestigiosos profesionales \u00a0con gran experiencia en el \u00e1mbito internacional y formaci\u00f3n de directivos.<\/p>\n<p>Vincularte a un entorno global que ampl\u00ede tu visi\u00f3n de negocios y que fortalezcas tu capacidad de detecci\u00f3n de oportunidades empresariales. En definitiva, que aumentes tus posibilidades y oportunidades \u00a0exponencialmente siendo capaz de comprar en cualquier parte del mundo productos a los mejores precios y exportarlos obteniendo los mayores beneficios, o conseguir nichos de mercados para tu producto o servicio en la aldea global.<\/p>\n<hr \/>\n<h4><\/h4>\n<h4>Desarrollo Profesional<\/h4>\n<p>Algunas de las opciones laborales que puedes desarrollar una vez cursado el M\u00e1ster MIE <div class='et-box et-shadow'>\n\t\t\t\t\t<div class='et-box-content'><ul>\n<li>Gerente en Consorcios de Exportaci\u00f3n<\/li>\n<li>Director departamento Internacional<\/li>\n<li>Director de operaciones log\u00edsticas<\/li>\n<li>Director expansi\u00f3n internacional<\/li>\n<li>Export Manager<\/li>\n<li>Marketing Manager<\/li>\n<li>Establecerte como Consultor Internacional<\/li>\n<li>Crear tu propia compa\u00f1\u00eda Trading Internacional.<\/div><\/div><\/li>\n<\/ul>\n<p>El MIE permitir\u00e1 que logres el m\u00e1ximo desarrollo de tu carrera profesional en los \u00a0negocios internacionales.<\/p>\n<p>Te invitamos a comenzar un camino diferente, que ofrece muy buenas oportunidades profesionales, laborales as\u00ed como empresariales.<\/p>\n<p>[\/et_pb_text][\/et_pb_column][et_pb_column type=\u00bb1_4&#8243;][et_pb_sidebar admin_label=\u00bbSidebar\u00bb orientation=\u00bbleft\u00bb area=\u00bbsidebar-1&#8243; background_layout=\u00bblight\u00bb \/][et_pb_sidebar admin_label=\u00bbblog\u00bb orientation=\u00bbleft\u00bb area=\u00bbet_pb_widget_area_4&#8243; background_layout=\u00bblight\u00bb \/][et_pb_sidebar admin_label=\u00bbSidebar\u00bb orientation=\u00bbleft\u00bb area=\u00bbet_pb_widget_area_2&#8243; background_layout=\u00bblight\u00bb \/][\/et_pb_column][\/et_pb_row][\/et_pb_section]<\/p>\n","protected":false},"excerpt":{"rendered":"<p><div class=\"et_pb_row et_pb_row_0 et_pb_row_empty\">\n\t\t\t\t\n\t\t\t\t\n\t\t\t\t\n\t\t\t\t\n\t\t\t\t\n\t\t\t<\/div> &nbsp; Importancia de la Internacionalizaci\u00f3n Especialmente desde el comienzo de la crisis escuchamos y leemos todos los d\u00edas que la mejor opci\u00f3n para que las empresas y la econom\u00eda espa\u00f1ola salgan de la crisis es exportar m\u00e1s o actuar en el exterior. Es por eso que cada vez m\u00e1s las empresas toman la decisi\u00f3n [&hellip;]<\/p>\n","protected":false},"author":1,"featured_media":0,"parent":0,"menu_order":0,"comment_status":"closed","ping_status":"closed","template":"","meta":{"_et_pb_use_builder":"on","_et_pb_old_content":"<p>\u00a0<\/p>\r\n<p>[button color=\"black\"] Importancia de la Internacionalizaci\u00f3n[\/button]<\/p>\r\n<p>Especialmente desde el comienzo de la crisis escuchamos y leemos todos los d\u00edas que la mejor opci\u00f3n para que las empresas y la econom\u00eda espa\u00f1ola salgan de la crisis es exportar m\u00e1s o actuar en el exterior. Es por eso que cada vez m\u00e1s las empresas toman la decisi\u00f3n de salir fuera como una necesidad para su supervivencia, crecimiento o rentabilidad a largo \u00a0plazo. Y es que en la actualidad, debido a la progresiva apertura de fronteras, la reducci\u00f3n del precio del transporte, la disminuci\u00f3n de los tr\u00e1mites necesarios y la facilidad de las comunicaciones, cada vez es m\u00e1s sencillo extender el brazo comercial hacia nuevos clientes y proveedores, que pueden resultar m\u00e1s interesantes que los cercanos y habituales.<\/p>\r\n<p>El mundo est\u00e1 en un cambio constante, la globalizaci\u00f3n de la econom\u00eda llega a todos los rincones, y la forma de triunfar en los negocios pasa por aplicar la inteligencia y la imaginaci\u00f3n, por entender qu\u00e9 es lo que est\u00e1 pasando y buscar formas novedosas de enfrentarnos a esa realidad. El M\u00e1ster en Internacionalizaci\u00f3n de la Empresa (MIE) va encaminado a entrenar a los alumnos en todos los aspectos relevantes del comercio y los negocios internacionales. \u00a0Aprender\u00e1 todas las herramientas y procesos para dirigir una empresa en su actividad internacional, desde la gesti\u00f3n de operaciones de importaci\u00f3n y exportaci\u00f3n, cuestiones fiscales, legales como as\u00ed tambi\u00e9n la utilizaci\u00f3n de lnternet y las nuevas tecnolog\u00edas, \u00a0el seguimiento tecnol\u00f3gico y las estrategias \u00a0de inteligencia competitiva, sin descuidar aspectos relativos a la direcci\u00f3n de la empresa internacionalizada, implantaci\u00f3n de filiales, proyectos de inversi\u00f3n y la internacionalizaci\u00f3n de los servicios.<\/p>\r\n<p>\u00a0<\/p>\r\n<p>[button color=\"black\"] Una formaci\u00f3n de calidad[\/button]<\/p>\r\n<p>El MIE se ha dise\u00f1ado para brindarte la mejor formaci\u00f3n adaptada a las demandas del mercado laboral y empresarial actual avalado por un equipo formado por prestigiosos profesionales \u00a0con gran experiencia en el \u00e1mbito internacional y formaci\u00f3n de directivos.<\/p>\r\n<p>Vincularte a un entorno global que ampl\u00ede tu visi\u00f3n de negocios y que fortalezcas tu capacidad de detecci\u00f3n de oportunidades empresariales. En definitiva, que aumentes tus posibilidades y oportunidades \u00a0exponencialmente siendo capaz de comprar en cualquier parte del mundo productos a los mejores precios y exportarlos obteniendo los mayores beneficios, o conseguir nichos de mercados para tu producto o servicio en la aldea global.<\/p>\r\n<p>\u00a0<\/p>\r\n<p>[button link=\"#oportunidadeslaborales\" color=\"black\"] Desarrollo Profesional[\/button]<\/p>\r\n<p>Algunas de las opciones laborales que puedes desarrollar una vez cursado el M\u00e1ster MIE [box type=\"shadow\"]<\/p>\r\n<ul>\r\n<li>Gerente en Consorcios de Exportaci\u00f3n<\/li>\r\n<li>Director departamento Internacional<\/li>\r\n<li>Director de operaciones log\u00edsticas<\/li>\r\n<li>Director expansi\u00f3n internacional<\/li>\r\n<li>Export Manager<\/li>\r\n<li>Marketing Manager<\/li>\r\n<li>Establecerte como Consultor Internacional<\/li>\r\n<li>Crear tu propia compa\u00f1\u00eda Trading Internacional.[\/box]<\/li>\r\n<\/ul>\r\n<p>El MIE permitir\u00e1 que logres el m\u00e1ximo desarrollo de tu carrera profesional en los \u00a0negocios internacionales.<\/p>\r\n<p>Te invitamos a comenzar un camino diferente, que ofrece muy buenas oportunidades profesionales, laborales as\u00ed como empresariales.<\/p>","_et_gb_content_width":"","footnotes":""},"class_list":["post-416","page","type-page","status-publish","hentry"],"_links":{"self":[{"href":"https:\/\/mastercomercioexterior.es\/malaga\/wp-json\/wp\/v2\/pages\/416","targetHints":{"allow":["GET"]}}],"collection":[{"href":"https:\/\/mastercomercioexterior.es\/malaga\/wp-json\/wp\/v2\/pages"}],"about":[{"href":"https:\/\/mastercomercioexterior.es\/malaga\/wp-json\/wp\/v2\/types\/page"}],"author":[{"embeddable":true,"href":"https:\/\/mastercomercioexterior.es\/malaga\/wp-json\/wp\/v2\/users\/1"}],"replies":[{"embeddable":true,"href":"https:\/\/mastercomercioexterior.es\/malaga\/wp-json\/wp\/v2\/comments?post=416"}],"version-history":[{"count":0,"href":"https:\/\/mastercomercioexterior.es\/malaga\/wp-json\/wp\/v2\/pages\/416\/revisions"}],"wp:attachment":[{"href":"https:\/\/mastercomercioexterior.es\/malaga\/wp-json\/wp\/v2\/media?parent=416"}],"curies":[{"name":"wp","href":"https:\/\/api.w.org\/{rel}","templated":true}]}}