{"id":4133,"date":"2020-07-01T18:19:35","date_gmt":"2020-07-01T16:19:35","guid":{"rendered":"https:\/\/mastercomercioexterior.es\/malaga\/?page_id=4133"},"modified":"2021-04-04T19:57:39","modified_gmt":"2021-04-04T17:57:39","slug":"master-mie-formato-hibrido","status":"publish","type":"page","link":"https:\/\/mastercomercioexterior.es\/malaga\/master-mie-formato-hibrido\/","title":{"rendered":"master mie formato hibrido"},"content":{"rendered":"<p>[et_pb_section fb_built=\u00bb1&#8243; fullwidth=\u00bbon\u00bb _builder_version=\u00bb4.4.8&#8243; custom_margin=\u00bb||||false|false\u00bb][et_pb_fullwidth_header title=\u00bbAula Abierta\u00bb subhead=\u00bbUn modelo H\u00edbrido donde todas nuestras clases se retransmitir\u00e1n en vivo para que t\u00fa decidas como asistir.\u00bb text_orientation=\u00bbcenter\u00bb _builder_version=\u00bb4.4.9&#8243; background_color=\u00bbrgba(214,214,214,0.36)\u00bb background_layout=\u00bblight\u00bb min_height=\u00bb202px\u00bb custom_margin=\u00bb||-4px|||\u00bb custom_padding=\u00bb44px||0px|||\u00bb][\/et_pb_fullwidth_header][\/et_pb_section][et_pb_section fb_built=\u00bb1&#8243; _builder_version=\u00bb4.4.9&#8243;][et_pb_row _builder_version=\u00bb4.4.8&#8243;][et_pb_column type=\u00bb4_4&#8243; _builder_version=\u00bb4.4.8&#8243;][et_pb_text _builder_version=\u00bb4.5.1&#8243;]<\/p>\n<p><span style=\"font-weight: 400;\">Un nuevo concepto de M\u00e1ster Presencial donde t\u00fa eliges si asistir f\u00edsicamente al aula o conectarte desde tu dispositivo en Streaming.<\/span><\/p>\n<p><span style=\"font-weight: 400;\">Con nuestro formato hibrido live streaming \u2013 presencial apenas se modifica la metodolog\u00eda de las clases, ya que los alumnos disfrutar\u00e1n de video y audio en alta calidad y podr\u00e1n interactuar con la clase y con el profesor. <strong>Con los mismos docentes, mismo temario, mismas horas, misma formaci\u00f3n.<\/strong><\/span><\/p>\n<p><span style=\"font-weight: 400;\">Desde la primera edici\u00f3n en 2012 han sido muchos los interesados en realizar el M\u00e1ster MIE que no han podido cursarlo por problemas de desplazamiento, motivos econ\u00f3micos a\u00f1adidos al viaje, etc.\u00a0 todo esto, unido a la crisis provocada por la pandemia covid-19, ha motivado se haya decidido ofrecer unas plazas limitadas en live streaming que van a ayudar a muchos alumnos de fuera de M\u00e1laga a disfrutar del M\u00e1ster con la mayor comodidad, pensado en aquellos alumnos que decidan realizar nuestro M\u00e1ster en tiempo real y no puedan acudir de manera presencial.<\/span><\/p>\n<p>[\/et_pb_text][\/et_pb_column][\/et_pb_row][\/et_pb_section][et_pb_section fb_built=\u00bb1&#8243; fullwidth=\u00bbon\u00bb _builder_version=\u00bb4.4.9&#8243;][et_pb_fullwidth_image src=\u00bbhttps:\/\/mastercomercioexterior.es\/malaga\/wp-content\/uploads\/2020\/07\/master-hibirido-malaga-F-scaled.jpg\u00bb title_text=\u00bbVideo Call Chatting Communication Concept\u00bb _builder_version=\u00bb4.5.1&#8243;][\/et_pb_fullwidth_image][\/et_pb_section][et_pb_section fb_built=\u00bb1&#8243; _builder_version=\u00bb4.4.8&#8243; background_color=\u00bbrgba(214,214,214,0.36)\u00bb][et_pb_row column_structure=\u00bb1_2,1_2&#8243; _builder_version=\u00bb4.4.8&#8243;][et_pb_column type=\u00bb1_2&#8243; _builder_version=\u00bb4.4.8&#8243;][et_pb_toggle title=\u00bb\u00bfHay horario en las clases en Streaming?\u00bb open=\u00bbon\u00bb _builder_version=\u00bb4.4.8&#8243;]<\/p>\n<p><span style=\"font-weight: 400;\">Las clases en Streaming son 100% en directo, por lo que deber\u00e1s conectarte el d\u00eda y a la hora en la que se imparten tus clases.\u00a0<\/span><\/p>\n<p>[\/et_pb_toggle][et_pb_toggle title=\u00bb\u00bfEs diferente el M\u00e1ster en formato h\u00edbrido Streaming vs Presencial?\u00bb open=\u00bbon\u00bb _builder_version=\u00bb4.5.1&#8243;]<\/p>\n<p><span style=\"font-weight: 400;\">No. Los profesores imparten el mismo temario adaptado a la modalidad live streaming, por lo que el nivel de la formaci\u00f3n es el mismo.<\/span><\/p>\n<p>[\/et_pb_toggle][et_pb_toggle title=\u00bb\u00bfQu\u00e9 pasa si no puedo asistir a alguna clase?\u00bb open=\u00bbon\u00bb _builder_version=\u00bb4.4.8&#8243;]<\/p>\n<p><span style=\"font-weight: 400;\">No te preocupes. Si no puedes asistir a alguna clase, te podemos facilitar la grabaci\u00f3n de la misma, pero en este caso no podr\u00e1s interactuar con compa\u00f1eros ni participar en los casos pr\u00e1cticos, ten en cuenta que el M\u00e1ster MIE es un programa eminentemente pr\u00e1ctico.\u00a0<\/span><\/p>\n<p>[\/et_pb_toggle][\/et_pb_column][et_pb_column type=\u00bb1_2&#8243; _builder_version=\u00bb4.4.8&#8243;][et_pb_toggle title=\u00bb\u00bfQu\u00e9 requisitos t\u00e9cnicos se necesitan para seguir las clases en Streaming?\u00bb open=\u00bbon\u00bb _builder_version=\u00bb4.4.8&#8243;]<\/p>\n<p><span style=\"font-weight: 400;\">Tan solo necesitas un ordenador con buena conexi\u00f3n a Internet. Adem\u00e1s, te recomendamos que busques un lugar tranquilo para poder concentrarte mientras sigues las clases.<\/span><\/p>\n<p>[\/et_pb_toggle][et_pb_toggle title=\u00bb\u00bfPuedo interactuar con el profesor y resto de compa\u00f1eros durante el streaming?\u00bb open=\u00bbon\u00bb _builder_version=\u00bb4.4.8&#8243;]<\/p>\n<p><span style=\"font-weight: 400;\">Por supuesto. A diferencia de la formaci\u00f3n online, la modalidad \u201cAula Abierta\u201d o h\u00edbrida en streaming te permite tener la misma interacci\u00f3n con profesores y compa\u00f1eros que la que tendr\u00edas en persona. Las clases son en directo por lo que puedes preguntar a los profesores cualquier duda que tengas al momento.<\/span><\/p>\n<p>[\/et_pb_toggle][\/et_pb_column][\/et_pb_row][\/et_pb_section][et_pb_section fb_built=\u00bb1&#8243; _builder_version=\u00bb4.4.8&#8243; background_color=\u00bb#ffffff\u00bb][et_pb_row column_structure=\u00bb1_2,1_2&#8243; _builder_version=\u00bb4.4.8&#8243;][et_pb_column type=\u00bb1_2&#8243; _builder_version=\u00bb4.4.8&#8243;][et_pb_text _builder_version=\u00bb4.5.1&#8243;]<\/p>\n<p><span style=\"font-weight: 400;\">En la nueva situaci\u00f3n post-pandemia es evidente que este nuevo modelo, donde el alumno es quien decide entre la presencialidad o las clases en vivo en streaming desde casa, se ha vuelto el m\u00e1s adecuado y eficiente para una formaci\u00f3n de calidad vers\u00e1til. Combinamos los beneficios del intercambio en el aula f\u00edsica y las ventajas multimedia para crear grupos multidisciplinares con estudiantes de diferentes pa\u00edses, enriqueciendo de esta manera la formaci\u00f3n acad\u00e9mica.<\/span><\/p>\n<p><span>Este modelo te permitir\u00e1 estudiar a personas con alguna discapacidad f\u00edsica con problemas de movilidad, a estudiantes de zonas de dif\u00edcil acceso y al resto de estudiantes de otros pa\u00edses interesados en un M\u00e1ster de prestigio en Comercio Exterior.<\/span><span style=\"font-size: 14px;\">\u00a0<\/span><\/p>\n<p>[\/et_pb_text][\/et_pb_column][et_pb_column type=\u00bb1_2&#8243; _builder_version=\u00bb4.4.8&#8243;][et_pb_text _builder_version=\u00bb4.5.1&#8243;]<\/p>\n<p><span style=\"font-weight: 400;\">Desde el M\u00e1ster en Internacionalizaci\u00f3n de Empresas somos conscientes del reto que supone el nuevo formato h\u00edbrido, exigiendo a nuestros docentes adaptar su metodolog\u00eda de ense\u00f1anza a nuevos modelos que permitan rebajar la memorizaci\u00f3n para dejar espacio a la innovaci\u00f3n y al pensamiento individual. Fomentando a la vez el aprendizaje colaborativo y trabajos por equipos, aplicando principios del modelo de aula invertida \u201cflipped classroom\u201d, potenciando adem\u00e1s, la relaci\u00f3n docente- alumno al convertirnos en tutores personalizados que animan a pensar, a ser m\u00e1s creativos a trav\u00e9s de los medios tecnol\u00f3gicos.<\/span><\/p>\n<p>[\/et_pb_text][\/et_pb_column][\/et_pb_row][\/et_pb_section][et_pb_section fb_built=\u00bb1&#8243; _builder_version=\u00bb4.5.1&#8243; _module_preset=\u00bbdefault\u00bb][et_pb_row column_structure=\u00bb1_2,1_2&#8243; _builder_version=\u00bb4.5.1&#8243; _module_preset=\u00bbdefault\u00bb][et_pb_column type=\u00bb1_2&#8243; _builder_version=\u00bb4.5.1&#8243; _module_preset=\u00bbdefault\u00bb][et_pb_image src=\u00bbhttps:\/\/mastercomercioexterior.es\/malaga\/wp-content\/uploads\/2020\/07\/formato-hi\u0301brido-master-comercio-exterior.png\u00bb title_text=\u00bbformato hi\u0301brido master comercio exterior\u00bb _builder_version=\u00bb4.5.1&#8243; _module_preset=\u00bbdefault\u00bb][\/et_pb_image][\/et_pb_column][et_pb_column type=\u00bb1_2&#8243; _builder_version=\u00bb4.5.1&#8243; _module_preset=\u00bbdefault\u00bb][et_pb_text _builder_version=\u00bb4.5.1&#8243; text_text_color=\u00bb#ffffff\u00bb]<\/p>\n<h3><span style=\"color: #000000;\">SOLICITA M\u00c1S INFORMACI\u00d3N<\/span><\/h3>\n<p>[\/et_pb_text][et_pb_contact_form email=\u00bbsoporte@mastercomercioexterior.es\u00bb success_message=\u00bbGracias por contactar con el M\u00e1ster en Internacionalizaci\u00f3n de Empresas\u00bb submit_button_text=\u00bbEnviar\u00bb _builder_version=\u00bb4.9.3&#8243; captcha_text_color=\u00bb#000000&#8243; background_color=\u00bbrgba(0,0,0,0)\u00bb custom_button=\u00bbon\u00bb button_text_size=\u00bb17px\u00bb button_text_color=\u00bb#a51014&#8243; button_use_icon=\u00bboff\u00bb hover_enabled=\u00bb0&#8243; sticky_enabled=\u00bb0&#8243;][et_pb_contact_field field_id=\u00bbName\u00bb field_title=\u00bbNombre y Apellidos\u00bb fullwidth_field=\u00bbon\u00bb _builder_version=\u00bb4.4.9&#8243; button_text_size__hover_enabled=\u00bboff\u00bb button_one_text_size__hover_enabled=\u00bboff\u00bb button_two_text_size__hover_enabled=\u00bboff\u00bb button_text_color__hover_enabled=\u00bboff\u00bb button_one_text_color__hover_enabled=\u00bboff\u00bb button_two_text_color__hover_enabled=\u00bboff\u00bb button_border_width__hover_enabled=\u00bboff\u00bb button_one_border_width__hover_enabled=\u00bboff\u00bb button_two_border_width__hover_enabled=\u00bboff\u00bb button_border_color__hover_enabled=\u00bboff\u00bb button_one_border_color__hover_enabled=\u00bboff\u00bb button_two_border_color__hover_enabled=\u00bboff\u00bb button_border_radius__hover_enabled=\u00bboff\u00bb button_one_border_radius__hover_enabled=\u00bboff\u00bb button_two_border_radius__hover_enabled=\u00bboff\u00bb button_letter_spacing__hover_enabled=\u00bboff\u00bb button_one_letter_spacing__hover_enabled=\u00bboff\u00bb button_two_letter_spacing__hover_enabled=\u00bboff\u00bb button_bg_color__hover_enabled=\u00bboff\u00bb button_one_bg_color__hover_enabled=\u00bboff\u00bb button_two_bg_color__hover_enabled=\u00bboff\u00bb][\/et_pb_contact_field][et_pb_contact_field field_id=\u00bbTelefono\u00bb field_title=\u00bbTel\u00e9fono\u00bb _builder_version=\u00bb4.4.8&#8243;][\/et_pb_contact_field][et_pb_contact_field field_id=\u00bbEmail\u00bb field_title=\u00bbEmail\u00bb field_type=\u00bbemail\u00bb _builder_version=\u00bb4.4.9&#8243; button_text_size__hover_enabled=\u00bboff\u00bb button_one_text_size__hover_enabled=\u00bboff\u00bb button_two_text_size__hover_enabled=\u00bboff\u00bb button_text_color__hover_enabled=\u00bboff\u00bb button_one_text_color__hover_enabled=\u00bboff\u00bb button_two_text_color__hover_enabled=\u00bboff\u00bb button_border_width__hover_enabled=\u00bboff\u00bb button_one_border_width__hover_enabled=\u00bboff\u00bb button_two_border_width__hover_enabled=\u00bboff\u00bb button_border_color__hover_enabled=\u00bboff\u00bb button_one_border_color__hover_enabled=\u00bboff\u00bb button_two_border_color__hover_enabled=\u00bboff\u00bb button_border_radius__hover_enabled=\u00bboff\u00bb button_one_border_radius__hover_enabled=\u00bboff\u00bb button_two_border_radius__hover_enabled=\u00bboff\u00bb button_letter_spacing__hover_enabled=\u00bboff\u00bb button_one_letter_spacing__hover_enabled=\u00bboff\u00bb button_two_letter_spacing__hover_enabled=\u00bboff\u00bb button_bg_color__hover_enabled=\u00bboff\u00bb button_one_bg_color__hover_enabled=\u00bboff\u00bb button_two_bg_color__hover_enabled=\u00bboff\u00bb][\/et_pb_contact_field][et_pb_contact_field field_id=\u00bbMessage\u00bb field_title=\u00bbMensaje\u00bb field_type=\u00bbtext\u00bb fullwidth_field=\u00bbon\u00bb _builder_version=\u00bb4.4.9&#8243; button_text_size__hover_enabled=\u00bboff\u00bb button_one_text_size__hover_enabled=\u00bboff\u00bb button_two_text_size__hover_enabled=\u00bboff\u00bb button_text_color__hover_enabled=\u00bboff\u00bb button_one_text_color__hover_enabled=\u00bboff\u00bb button_two_text_color__hover_enabled=\u00bboff\u00bb button_border_width__hover_enabled=\u00bboff\u00bb button_one_border_width__hover_enabled=\u00bboff\u00bb button_two_border_width__hover_enabled=\u00bboff\u00bb button_border_color__hover_enabled=\u00bboff\u00bb button_one_border_color__hover_enabled=\u00bboff\u00bb button_two_border_color__hover_enabled=\u00bboff\u00bb button_border_radius__hover_enabled=\u00bboff\u00bb button_one_border_radius__hover_enabled=\u00bboff\u00bb button_two_border_radius__hover_enabled=\u00bboff\u00bb button_letter_spacing__hover_enabled=\u00bboff\u00bb button_one_letter_spacing__hover_enabled=\u00bboff\u00bb button_two_letter_spacing__hover_enabled=\u00bboff\u00bb button_bg_color__hover_enabled=\u00bboff\u00bb button_one_bg_color__hover_enabled=\u00bboff\u00bb button_two_bg_color__hover_enabled=\u00bboff\u00bb][\/et_pb_contact_field][\/et_pb_contact_form][\/et_pb_column][\/et_pb_row][\/et_pb_section][et_pb_section fb_built=\u00bb1&#8243; inner_shadow=\u00bbon\u00bb disabled_on=\u00bboff|off|off\u00bb _builder_version=\u00bb4.5.1&#8243; background_color=\u00bbrgba(0,0,0,0.82)\u00bb use_background_color_gradient=\u00bbon\u00bb background_color_gradient_start=\u00bbrgba(66,66,66,0.88)\u00bb background_color_gradient_end=\u00bb#020202&#8243; background_color_gradient_direction=\u00bb70deg\u00bb background_color_gradient_start_position=\u00bb28%\u00bb background_color_gradient_end_position=\u00bb81%\u00bb background_image=\u00bbhttps:\/\/mastercomercioexterior.es\/malaga\/wp-content\/uploads\/2020\/07\/master-mie-hibrido-scaled.jpg\u00bb background_blend=\u00bboverlay\u00bb custom_padding=\u00bb||0px|||\u00bb][et_pb_row _builder_version=\u00bb4.5.1&#8243; _module_preset=\u00bbdefault\u00bb][et_pb_column type=\u00bb4_4&#8243; _builder_version=\u00bb4.5.1&#8243; _module_preset=\u00bbdefault\u00bb][et_pb_blurb title=\u00bbMASTER INTERNACIONAIZACI\u00d3N DE EMPRESAS\u00bb image=\u00bbhttps:\/\/mastercomercioexterior.es\/malaga\/wp-content\/uploads\/2014\/06\/MIE_DEF-rojo.png\u00bb icon_placement=\u00bbleft\u00bb content_max_width=\u00bb724px\u00bb _builder_version=\u00bb4.5.1&#8243; header_level=\u00bbh1&#8243; header_font=\u00bb|700|||||||\u00bb body_font=\u00bb|700|||||||\u00bb body_text_color=\u00bb#e5e5e5&#8243; body_font_size=\u00bb24px\u00bb body_line_height=\u00bb1.8em\u00bb background_layout=\u00bbdark\u00bb][\/et_pb_blurb][\/et_pb_column][\/et_pb_row][\/et_pb_section]<\/p>\n","protected":false},"excerpt":{"rendered":"<p>Un nuevo concepto de M\u00e1ster Presencial donde t\u00fa eliges si asistir f\u00edsicamente al aula o conectarte desde tu dispositivo en Streaming. Con nuestro formato hibrido live streaming \u2013 presencial apenas se modifica la metodolog\u00eda de las clases, ya que los alumnos disfrutar\u00e1n de video y audio en alta calidad y podr\u00e1n interactuar con la clase [&hellip;]<\/p>\n","protected":false},"author":10,"featured_media":4226,"parent":0,"menu_order":0,"comment_status":"closed","ping_status":"closed","template":"","meta":{"_et_pb_use_builder":"on","_et_pb_old_content":"","_et_gb_content_width":"","footnotes":""},"class_list":["post-4133","page","type-page","status-publish","has-post-thumbnail","hentry"],"_links":{"self":[{"href":"https:\/\/mastercomercioexterior.es\/malaga\/wp-json\/wp\/v2\/pages\/4133","targetHints":{"allow":["GET"]}}],"collection":[{"href":"https:\/\/mastercomercioexterior.es\/malaga\/wp-json\/wp\/v2\/pages"}],"about":[{"href":"https:\/\/mastercomercioexterior.es\/malaga\/wp-json\/wp\/v2\/types\/page"}],"author":[{"embeddable":true,"href":"https:\/\/mastercomercioexterior.es\/malaga\/wp-json\/wp\/v2\/users\/10"}],"replies":[{"embeddable":true,"href":"https:\/\/mastercomercioexterior.es\/malaga\/wp-json\/wp\/v2\/comments?post=4133"}],"version-history":[{"count":17,"href":"https:\/\/mastercomercioexterior.es\/malaga\/wp-json\/wp\/v2\/pages\/4133\/revisions"}],"predecessor-version":[{"id":4558,"href":"https:\/\/mastercomercioexterior.es\/malaga\/wp-json\/wp\/v2\/pages\/4133\/revisions\/4558"}],"wp:featuredmedia":[{"embeddable":true,"href":"https:\/\/mastercomercioexterior.es\/malaga\/wp-json\/wp\/v2\/media\/4226"}],"wp:attachment":[{"href":"https:\/\/mastercomercioexterior.es\/malaga\/wp-json\/wp\/v2\/media?parent=4133"}],"curies":[{"name":"wp","href":"https:\/\/api.w.org\/{rel}","templated":true}]}}