{"id":2665,"date":"2017-04-06T17:36:56","date_gmt":"2017-04-06T15:36:56","guid":{"rendered":"http:\/\/mastercomercioexterior.es\/malaga\/?page_id=2665"},"modified":"2017-04-06T17:57:09","modified_gmt":"2017-04-06T15:57:09","slug":"formacion-comercio-exterior-malaga","status":"publish","type":"page","link":"https:\/\/mastercomercioexterior.es\/malaga\/formacion-comercio-exterior-malaga\/","title":{"rendered":"Formaci\u00f3n comercio exterior m\u00e1laga"},"content":{"rendered":"<p>[et_pb_section bb_built=\u00bb1&#8243; admin_label=\u00bbSecci\u00f3n\u00bb fullwidth=\u00bbon\u00bb specialty=\u00bboff\u00bb][et_pb_fullwidth_image admin_label=\u00bbImagen de anchura completa\u00bb src=\u00bbhttps:\/\/mastercomercioexterior.es\/malaga\/wp-content\/uploads\/2014\/06\/internacionalizate.jpg\u00bb show_in_lightbox=\u00bboff\u00bb url_new_window=\u00bboff\u00bb use_overlay=\u00bboff\u00bb animation=\u00bboff\u00bb use_border_color=\u00bboff\u00bb border_color=\u00bb#ffffff\u00bb border_style=\u00bbsolid\u00bb \/][\/et_pb_section][et_pb_section bb_built=\u00bb1&#8243; admin_label=\u00bbSecci\u00f3n\u00bb fullwidth=\u00bbon\u00bb specialty=\u00bboff\u00bb][et_pb_fullwidth_header admin_label=\u00bbT\u00edtulo de anchura completa\u00bb title=\u00bbFormaci\u00f3n en Comercio Exterior\u00bb subhead=\u00bbOferta formativa en comercio exterior en M\u00e1laga\u00bb background_layout=\u00bblight\u00bb text_orientation=\u00bbleft\u00bb header_fullscreen=\u00bboff\u00bb header_scroll_down=\u00bboff\u00bb parallax=\u00bboff\u00bb parallax_method=\u00bboff\u00bb content_orientation=\u00bbcenter\u00bb image_orientation=\u00bbcenter\u00bb custom_button_one=\u00bboff\u00bb button_one_letter_spacing=\u00bb0&#8243; button_one_use_icon=\u00bbdefault\u00bb button_one_icon_placement=\u00bbright\u00bb button_one_on_hover=\u00bbon\u00bb button_one_letter_spacing_hover=\u00bb0&#8243; custom_button_two=\u00bboff\u00bb button_two_letter_spacing=\u00bb0&#8243; button_two_use_icon=\u00bbdefault\u00bb button_two_icon_placement=\u00bbright\u00bb button_two_on_hover=\u00bbon\u00bb button_two_letter_spacing_hover=\u00bb0&#8243; \/][\/et_pb_section][et_pb_section bb_built=\u00bb1&#8243; admin_label=\u00bbsection\u00bb][et_pb_row admin_label=\u00bbrow\u00bb][et_pb_column type=\u00bb4_4&#8243;][et_pb_text admin_label=\u00bbTexto\u00bb background_layout=\u00bblight\u00bb text_orientation=\u00bbleft\u00bb use_border_color=\u00bboff\u00bb border_color=\u00bb#ffffff\u00bb border_style=\u00bbsolid\u00bb]<\/p>\n<p>Las escuelas de negocio de las C\u00e1maras de Comercio han apostado desde sus inicios por la <strong>formaci\u00f3n de profesionales en comercio internacional<\/strong> y se han posicionado como un eficaz apoyo en la internacionalizaci\u00f3n de empresas,\u00a0 ofreciendo una formaci\u00f3n especializada y pr\u00e1ctica que se ajusta a las necesidades que requiere el mercado y exigen las empresas.<\/p>\n<p>Las C\u00e1maras de comercio a diferencia del resto de <strong>escuelas de negocio o universidades<\/strong> est\u00e1n obligadas a participar de forma activa en la internacionalizaci\u00f3n y formaci\u00f3n de profesionales especializados, as\u00ed como en todos los procesos de la internacionalizaci\u00f3n.<\/p>\n<p>La globalizaci\u00f3n, junto con los constantes avances tecnol\u00f3gicos y entornos cada vez m\u00e1s competitivo han generado la urgente necesidad de que las empresas incorporen <strong>profesionales especializados en comercio exterior.<\/strong> Se trata de un apartado clave en al estrategia de una compa\u00f1\u00eda que quiera mantener su competitividad en un entorno global.<\/p>\n<p>La C\u00e1mara de Comercio de M\u00e1laga ofrece formaci\u00f3n continua en comercio exterior, esta formaci\u00f3n se puede articular en jornadas, seminarios, cursos o M\u00e1ster. Las jornadas que se desarrollan en la sede de la corporaci\u00f3n son frecuentes y de <strong>car\u00e1cter gratuito<\/strong>, est\u00e1s suelen versar sobre <strong>oportunidades de negocio en mercados exteriores<\/strong> o sobre reglamentaci\u00f3n, financiaci\u00f3n para la internacionalizaci\u00f3n, pueden consultarla en la secci\u00f3n de COMEX de la C\u00e1mara de Comercio.<\/p>\n<p>Adicionalmente la C\u00e1mara de Comercio como principal instituci\u00f3n p\u00fablica para el fomento de la exportaci\u00f3n dispones de una formaci\u00f3n especialida y de calidad en comercio exterior a trav\u00e9s de los siguientes Cursos y M\u00e1ster.<\/p>\n<p>[\/et_pb_text][\/et_pb_column][\/et_pb_row][et_pb_row admin_label=\u00bbFila\u00bb][et_pb_column type=\u00bb1_3&#8243;][et_pb_blurb admin_label=\u00bbAnuncio\u00bb title=\u00bbCUROS EXPERTO EN COMERCIO EXTERIOR\u00bb url=\u00bbhttps:\/\/mastercomercioexterior.es\/malaga\/ceci-curso-comercio-exterior\/\u00bb url_new_window=\u00bbon\u00bb use_icon=\u00bbon\u00bb font_icon=\u00bb%%165%%\u00bb icon_color=\u00bb#e02b20&#8243; use_circle=\u00bboff\u00bb circle_color=\u00bb#dbdbdb\u00bb use_circle_border=\u00bboff\u00bb circle_border_color=\u00bb#ddc6a1&#8243; icon_placement=\u00bbleft\u00bb animation=\u00bbtop\u00bb background_layout=\u00bblight\u00bb text_orientation=\u00bbleft\u00bb use_icon_font_size=\u00bboff\u00bb use_border_color=\u00bboff\u00bb border_color=\u00bb#ffffff\u00bb border_style=\u00bbsolid\u00bb \/][et_pb_cta admin_label=\u00bbLlamada a la acci\u00f3n\u00bb button_url=\u00bbhttps:\/\/mastercomercioexterior.es\/malaga\/contactos-master\/\u00bb url_new_window=\u00bbon\u00bb use_background_color=\u00bboff\u00bb background_color=\u00bb#ddc6a1&#8243; background_layout=\u00bblight\u00bb text_orientation=\u00bbcenter\u00bb use_border_color=\u00bboff\u00bb border_color=\u00bb#ffffff\u00bb border_style=\u00bbsolid\u00bb custom_button=\u00bboff\u00bb button_letter_spacing=\u00bb0&#8243; button_use_icon=\u00bbdefault\u00bb button_icon_placement=\u00bbright\u00bb button_on_hover=\u00bbon\u00bb button_letter_spacing_hover=\u00bb0&#8243; button_text=\u00bbM\u00e1s informaci\u00f3n\u00bb \/][\/et_pb_column][et_pb_column type=\u00bb1_3&#8243;][et_pb_blurb admin_label=\u00bbAnuncio\u00bb title=\u00bbCurso Universitario International E-Business \u00bb url=\u00bbhttps:\/\/mastercomercioexterior.es\/malaga\/curso-universitario-internacionalizacion\/\u00bb url_new_window=\u00bbon\u00bb use_icon=\u00bbon\u00bb font_icon=\u00bb%%165%%\u00bb icon_color=\u00bb#e02b20&#8243; use_circle=\u00bboff\u00bb circle_color=\u00bb#ddc6a1&#8243; use_circle_border=\u00bboff\u00bb circle_border_color=\u00bb#ddc6a1&#8243; icon_placement=\u00bbleft\u00bb animation=\u00bbtop\u00bb background_layout=\u00bblight\u00bb text_orientation=\u00bbleft\u00bb use_icon_font_size=\u00bboff\u00bb use_border_color=\u00bboff\u00bb border_color=\u00bb#ffffff\u00bb border_style=\u00bbsolid\u00bb \/][et_pb_cta admin_label=\u00bbLlamada a la acci\u00f3n\u00bb button_url=\u00bbhttps:\/\/mastercomercioexterior.es\/malaga\/contactos-master\/\u00bb url_new_window=\u00bbon\u00bb use_background_color=\u00bboff\u00bb background_color=\u00bb#ddc6a1&#8243; background_layout=\u00bblight\u00bb text_orientation=\u00bbcenter\u00bb use_border_color=\u00bboff\u00bb border_color=\u00bb#ffffff\u00bb border_style=\u00bbsolid\u00bb custom_button=\u00bboff\u00bb button_letter_spacing=\u00bb0&#8243; button_use_icon=\u00bbdefault\u00bb button_icon_placement=\u00bbright\u00bb button_on_hover=\u00bbon\u00bb button_letter_spacing_hover=\u00bb0&#8243; button_text=\u00bbM\u00e1s informaci\u00f3n\u00bb \/][\/et_pb_column][et_pb_column type=\u00bb1_3&#8243;][et_pb_blurb admin_label=\u00bbAnuncio\u00bb title=\u00bbM\u00e1ster en Internacionalizaci\u00f3n de Empresas\u00bb url=\u00bbhttps:\/\/mastercomercioexterior.es\/malaga\u00bb url_new_window=\u00bbon\u00bb use_icon=\u00bbon\u00bb font_icon=\u00bb%%165%%\u00bb icon_color=\u00bb#e02b20&#8243; use_circle=\u00bboff\u00bb circle_color=\u00bb#ddc6a1&#8243; use_circle_border=\u00bboff\u00bb circle_border_color=\u00bb#ddc6a1&#8243; icon_placement=\u00bbleft\u00bb animation=\u00bbtop\u00bb background_layout=\u00bblight\u00bb text_orientation=\u00bbleft\u00bb use_icon_font_size=\u00bboff\u00bb use_border_color=\u00bboff\u00bb border_color=\u00bb#ffffff\u00bb border_style=\u00bbsolid\u00bb \/][et_pb_cta admin_label=\u00bbLlamada a la acci\u00f3n\u00bb button_url=\u00bbhttps:\/\/mastercomercioexterior.es\/malaga\/contactos-master\/\u00bb url_new_window=\u00bbon\u00bb use_background_color=\u00bboff\u00bb background_color=\u00bb#ddc6a1&#8243; background_layout=\u00bblight\u00bb text_orientation=\u00bbcenter\u00bb use_border_color=\u00bboff\u00bb border_color=\u00bb#ffffff\u00bb border_style=\u00bbsolid\u00bb custom_button=\u00bboff\u00bb button_letter_spacing=\u00bb0&#8243; button_use_icon=\u00bbdefault\u00bb button_icon_placement=\u00bbright\u00bb button_on_hover=\u00bbon\u00bb button_letter_spacing_hover=\u00bb0&#8243; button_text=\u00bbM\u00e1s informaci\u00f3n\u00bb \/][\/et_pb_column][\/et_pb_row][\/et_pb_section]<\/p>\n","protected":false},"excerpt":{"rendered":"<p>Las escuelas de negocio de las C\u00e1maras de Comercio han apostado desde sus inicios por la formaci\u00f3n de profesionales en comercio internacional y se han posicionado como un eficaz apoyo en la internacionalizaci\u00f3n de empresas,\u00a0 ofreciendo una formaci\u00f3n especializada y pr\u00e1ctica que se ajusta a las necesidades que requiere el mercado y exigen las empresas. [&hellip;]<\/p>\n","protected":false},"author":2,"featured_media":0,"parent":0,"menu_order":0,"comment_status":"closed","ping_status":"closed","template":"","meta":{"_et_pb_use_builder":"on","_et_pb_old_content":"","_et_gb_content_width":"","footnotes":""},"class_list":["post-2665","page","type-page","status-publish","hentry"],"_links":{"self":[{"href":"https:\/\/mastercomercioexterior.es\/malaga\/wp-json\/wp\/v2\/pages\/2665","targetHints":{"allow":["GET"]}}],"collection":[{"href":"https:\/\/mastercomercioexterior.es\/malaga\/wp-json\/wp\/v2\/pages"}],"about":[{"href":"https:\/\/mastercomercioexterior.es\/malaga\/wp-json\/wp\/v2\/types\/page"}],"author":[{"embeddable":true,"href":"https:\/\/mastercomercioexterior.es\/malaga\/wp-json\/wp\/v2\/users\/2"}],"replies":[{"embeddable":true,"href":"https:\/\/mastercomercioexterior.es\/malaga\/wp-json\/wp\/v2\/comments?post=2665"}],"version-history":[{"count":0,"href":"https:\/\/mastercomercioexterior.es\/malaga\/wp-json\/wp\/v2\/pages\/2665\/revisions"}],"wp:attachment":[{"href":"https:\/\/mastercomercioexterior.es\/malaga\/wp-json\/wp\/v2\/media?parent=2665"}],"curies":[{"name":"wp","href":"https:\/\/api.w.org\/{rel}","templated":true}]}}