{"id":209,"date":"2012-03-15T22:12:14","date_gmt":"2012-03-15T21:12:14","guid":{"rendered":"http:\/\/mastercomercioexterior.es\/?page_id=209"},"modified":"2016-09-14T23:11:00","modified_gmt":"2016-09-14T21:11:00","slug":"titulo","status":"publish","type":"page","link":"https:\/\/mastercomercioexterior.es\/malaga\/titulo\/","title":{"rendered":"Obtenci\u00f3n del T\u00edtulo"},"content":{"rendered":"<p>[et_pb_section admin_label=\u00bbsection\u00bb fullwidth=\u00bboff\u00bb specialty=\u00bboff\u00bb][et_pb_row admin_label=\u00bbrow\u00bb][et_pb_column type=\u00bb3_4&#8243;][et_pb_image admin_label=\u00bbImage\u00bb src=\u00bbhttps:\/\/mastercomercioexterior.es\/malaga\/wp-content\/uploads\/2014\/06\/obtencion-titulo-master.jpg\u00bb show_in_lightbox=\u00bboff\u00bb url_new_window=\u00bboff\u00bb animation=\u00bboff\u00bb] [\/et_pb_image][et_pb_text admin_label=\u00bbText\u00bb background_layout=\u00bblight\u00bb text_orientation=\u00bbleft\u00bb use_border_color=\u00bboff\u00bb border_color=\u00bb#ffffff\u00bb border_style=\u00bbsolid\u00bb]<\/p>\n<p>El M\u00e1ster MIE utiliza un sistema de evaluaci\u00f3n continuo que permitir\u00e1 reconocer la labor y la adquisici\u00f3n de conocimiento de los alumnos. El proceso de evaluaci\u00f3n que dar\u00e1 derecho a la obtenci\u00f3n del T\u00edtulo\u00a0M\u00e1ster\u00a0se basa en:<\/p>\n<h4><\/h4>\n<h4>Trabajo individual y en Equipo<\/h4>\n<p>Se valorar\u00e1 el esfuerzo de cada uno de los alumnos tanto individualmente como en equipo en la resoluci\u00f3n de casos pr\u00e1cticos\u00a0de los m\u00f3dulos desarrollados.<\/p>\n<hr \/>\n<h4>Participaci\u00f3n en Clase<\/h4>\n<p>Participaci\u00f3n activa de los alumnos en clase\u00a0y su aportaci\u00f3n personal y profesional sobre aspectos concretos del comercio internacional que se someten a debate o son objeto de exposiciones en el aula.<\/p>\n<hr \/>\n<h4>Defensa del Proyecto de Internacionalizaci\u00f3n<\/h4>\n<p>La defensa individual y en grupo de los proyectos de internacionalizaci\u00f3n que se habr\u00e1n ido desarrollando a lo largo de los 9 meses.<\/p>\n<hr \/>\n<h4>Asistencia<\/h4>\n<p>La asistan m\u00ednima obligatoria para la obtenci\u00f3n del t\u00edtulo M\u00e1ster en Internacionalizaci\u00f3n de Empresas ser\u00e1 del 80% del per\u00edodo lectivo.<\/p>\n<hr \/>\n<p>&nbsp;<\/p>\n<p>Reconocemos el esfuerzo a trav\u00e9s de la\u00a0<strong>DISTINCI\u00d3N A LA EXCELENCIA DEL MEJOR ALUMNO\/A M\u00c1STER MIE<\/strong><\/p>\n<p>El alumno\/a mejor valorado se le otorgar\u00e1 la menci\u00f3n especial de \u201cMejor alumno M\u00e1ster en Internacionalizaci\u00f3n de Empresas, titulo que se otorgara durante la gala fin de M\u00e1ster.<\/p>\n<p>[\/et_pb_text][\/et_pb_column][et_pb_column type=\u00bb1_4&#8243;][et_pb_sidebar admin_label=\u00bbSidebar\u00bb orientation=\u00bbleft\u00bb area=\u00bbsidebar-1&#8243; background_layout=\u00bblight\u00bb] [\/et_pb_sidebar][et_pb_sidebar admin_label=\u00bbSidebar\u00bb orientation=\u00bbleft\u00bb area=\u00bbet_pb_widget_area_2&#8243; background_layout=\u00bblight\u00bb] [\/et_pb_sidebar][\/et_pb_column][\/et_pb_row][\/et_pb_section]<\/p>\n","protected":false},"excerpt":{"rendered":"<p>El M\u00e1ster MIE utiliza un sistema de evaluaci\u00f3n continuo que permitir\u00e1 reconocer la labor y la adquisici\u00f3n de conocimiento de los alumnos. El proceso de evaluaci\u00f3n que dar\u00e1 derecho a la obtenci\u00f3n del T\u00edtulo\u00a0M\u00e1ster\u00a0se basa en: Trabajo individual y en Equipo Se valorar\u00e1 el esfuerzo de cada uno de los alumnos tanto individualmente como en [&hellip;]<\/p>\n","protected":false},"author":1,"featured_media":0,"parent":0,"menu_order":0,"comment_status":"closed","ping_status":"closed","template":"","meta":{"_et_pb_use_builder":"on","_et_pb_old_content":"<p>\u00a0<\/p><p>El Master MIE utiliza un sistema de evaluaci\u00f3n continuo que permitir\u00e1 reconocer la labor y adquisici\u00f3n de conocimiento de los alumnos. El proceso de evaluaci\u00f3n que dar\u00e1 derecho a la obtenci\u00f3n del T\u00edtulo\u00a0M\u00e1ster\u00a0se basa en:<\/p><p>[learn_more caption=\"Trabajo individual y en Equipo\" state=\"open\"]<\/p><p>Se valorar\u00e1 el esfuerzo de cada uno de los alumnos tanto individualmente como en equipo en la aplicaci\u00f3n pr\u00e1ctica de los m\u00f3dulos desarrollados.[\/learn_more]<\/p><p>[learn_more caption=\"Participaci\u00f3n en Clase\" state=\"open\"]<\/p><p>Participaci\u00f3n activa de los alumnos en aula y su aportaci\u00f3n personal y profesional sobre aspectos concretos del comercio internacional que se someten a debate o son objeto de exposiciones en aula.[\/learn_more]<\/p><p>[learn_more caption=\"Defensa del Proyecto de Internacionalizaci\u00f3n\" state=\"open\"]\u00a0<\/p><p>La defensa individual y en grupo de los proyectos de internacionalizaci\u00f3n que se habr\u00e1n ido desarrollando a lo largo de los 9 meses.[\/learn_more]<\/p><p>[learn_more caption=\"Asistencia\" state=\"open\"]<\/p><p>La asistan m\u00ednima obligatoria para la obtenci\u00f3n del t\u00edtulo M\u00e1ster en Internacionalizaci\u00f3n de Empresas ser\u00e1 del 80% del per\u00edodo lectivo.[\/learn_more]<\/p>","_et_gb_content_width":"","footnotes":""},"class_list":["post-209","page","type-page","status-publish","hentry"],"_links":{"self":[{"href":"https:\/\/mastercomercioexterior.es\/malaga\/wp-json\/wp\/v2\/pages\/209","targetHints":{"allow":["GET"]}}],"collection":[{"href":"https:\/\/mastercomercioexterior.es\/malaga\/wp-json\/wp\/v2\/pages"}],"about":[{"href":"https:\/\/mastercomercioexterior.es\/malaga\/wp-json\/wp\/v2\/types\/page"}],"author":[{"embeddable":true,"href":"https:\/\/mastercomercioexterior.es\/malaga\/wp-json\/wp\/v2\/users\/1"}],"replies":[{"embeddable":true,"href":"https:\/\/mastercomercioexterior.es\/malaga\/wp-json\/wp\/v2\/comments?post=209"}],"version-history":[{"count":0,"href":"https:\/\/mastercomercioexterior.es\/malaga\/wp-json\/wp\/v2\/pages\/209\/revisions"}],"wp:attachment":[{"href":"https:\/\/mastercomercioexterior.es\/malaga\/wp-json\/wp\/v2\/media?parent=209"}],"curies":[{"name":"wp","href":"https:\/\/api.w.org\/{rel}","templated":true}]}}