{"id":207,"date":"2012-03-15T22:11:41","date_gmt":"2012-03-15T21:11:41","guid":{"rendered":"http:\/\/mastercomercioexterior.es\/?page_id=207"},"modified":"2025-05-18T20:10:38","modified_gmt":"2025-05-18T18:10:38","slug":"proceso-de-inscripcion","status":"publish","type":"page","link":"https:\/\/mastercomercioexterior.es\/malaga\/proceso-de-inscripcion\/","title":{"rendered":"Proceso de Inscripci\u00f3n"},"content":{"rendered":"<p>[et_pb_section fb_built=\u00bb1&#8243; admin_label=\u00bbsection\u00bb _builder_version=\u00bb4.16&#8243; global_colors_info=\u00bb{}\u00bb][et_pb_row column_structure=\u00bb3_4,1_4&#8243; admin_label=\u00bbrow\u00bb _builder_version=\u00bb4.16&#8243; background_size=\u00bbinitial\u00bb background_position=\u00bbtop_left\u00bb background_repeat=\u00bbrepeat\u00bb global_colors_info=\u00bb{}\u00bb][et_pb_column type=\u00bb3_4&#8243; _builder_version=\u00bb4.16&#8243; custom_padding=\u00bb|||\u00bb global_colors_info=\u00bb{}\u00bb custom_padding__hover=\u00bb|||\u00bb][et_pb_image src=\u00bbhttps:\/\/mastercomercioexterior.es\/malaga\/wp-content\/uploads\/2014\/06\/proceos-de-inscripcion-master.jpg\u00bb align_tablet=\u00bbcenter\u00bb align_phone=\u00bbcenter\u00bb align_last_edited=\u00bbon|desktop\u00bb admin_label=\u00bbImage\u00bb _builder_version=\u00bb4.16&#8243; animation=\u00bboff\u00bb global_colors_info=\u00bb{}\u00bb][\/et_pb_image][et_pb_text admin_label=\u00bbText\u00bb _builder_version=\u00bb4.16&#8243; background_size=\u00bbinitial\u00bb background_position=\u00bbtop_left\u00bb background_repeat=\u00bbrepeat\u00bb custom_margin=\u00bb||0px|||\u00bb custom_padding=\u00bb||0px|||\u00bb use_border_color=\u00bboff\u00bb border_color=\u00bb#ffffff\u00bb border_style=\u00bbsolid\u00bb global_colors_info=\u00bb{}\u00bb]<\/p>\n<p>&nbsp;<\/p>\n<p>Los alumnos del M\u00e1ster \u00a0Internacional en Comercio Exterior de la C\u00e1mara de Comercio de M\u00e1laga deber\u00e1n cumplir con unos requisitos b\u00e1sicos que garanticen el buen funcionamiento\u00a0durante el desarrollo de las clases, estos requisitos ser\u00e1n bien acad\u00e9micos, bien por experiencia profesional o bien por proyecto de internacionalizaci\u00f3n. Para validar la idoneidad de los candidatos ser\u00e1 necesario:<\/p>\n<p>\u00a0<span style=\"font-size: 14px;\">\u00a0<\/span><\/p>\n<p>[\/et_pb_text][et_pb_text _builder_version=\u00bb4.22.1&#8243; custom_margin=\u00bb||6px|||\u00bb custom_padding=\u00bb||0px|||\u00bb global_colors_info=\u00bb{}\u00bb]<\/p>\n<h3>Solicitud de entrevista<\/h3>\n<p>Los interesados podr\u00e1n solicitar la entrevista de admisi\u00f3n con el Director Acad\u00e9mico del M\u00e1ster a trav\u00e9s de la Web.<\/p>\n<p>En\u00a0 la secci\u00f3n <a title=\"Solicite entrevista para realizar master comercio exterior\" href=\"https:\/\/mastercomercioexterior.es\/malaga\/formulario-evaluacion-candidatos\/\" target=\"_blank\" rel=\"noopener\">CONTACTO<\/a> de la web \u00a0seleccionar la opci\u00f3n de \u00absolicitar entrevista\u00bb,\u00a0debiendo aportar adicionalmente el curriculum.<\/p>\n<p>&nbsp;<\/p>\n<p>[\/et_pb_text][et_pb_divider _builder_version=\u00bb4.16&#8243; custom_margin=\u00bb||-28px|||\u00bb global_colors_info=\u00bb{}\u00bb][\/et_pb_divider][et_pb_text _builder_version=\u00bb4.16&#8243; custom_padding=\u00bb46px|||||\u00bb global_colors_info=\u00bb{}\u00bb]<\/p>\n<h3>Entrevistas<\/h3>\n<p>Los interesados deber\u00e1n superar\u00a0una entrevista con el Director Acad\u00e9mico del M\u00e1ster donde se\u00a0evaluar\u00e1 el perfil del candidato, sus motivaciones e idoneidad para el programa.<\/p>\n<p>Las entrevistas personales podr\u00e1n realizarse por videoconferencia\u00a0bajo solicitud previa.<\/p>\n<p>[\/et_pb_text][et_pb_divider _builder_version=\u00bb4.16&#8243; custom_margin=\u00bb||16px|||\u00bb global_colors_info=\u00bb{}\u00bb][\/et_pb_divider][et_pb_text _builder_version=\u00bb4.16&#8243; custom_margin=\u00bb-38px|||||\u00bb custom_padding=\u00bb46px|||||\u00bb global_colors_info=\u00bb{}\u00bb]<\/p>\n<h3>Comunicado de Admisi\u00f3n<\/h3>\n<p>Si la resoluci\u00f3n es positiva el candidato\u00a0recibir\u00e1 su Certificado de Admisi\u00f3n y las indicaciones para la reserva de su plaza.<\/p>\n<p>Las ayudas que concede la C\u00e1mara de Comercio para cursar el M\u00e1ster en Comercio Exterior se otorgan por <strong>estricto orden de solicitud.<\/strong><\/p>\n<p>[\/et_pb_text][et_pb_divider _builder_version=\u00bb4.16&#8243; custom_margin=\u00bb||17px|||\u00bb global_colors_info=\u00bb{}\u00bb][\/et_pb_divider][et_pb_text _builder_version=\u00bb4.16&#8243; custom_margin=\u00bb-38px|||||\u00bb custom_padding=\u00bb46px||0px|||\u00bb global_colors_info=\u00bb{}\u00bb]<\/p>\n<h3>Derecho de Admisi\u00f3n<\/h3>\n<p>La C\u00e1mara de Comercio de M\u00e1laga junto con la direcci\u00f3n del M\u00e1ster se reservan el derecho de admisi\u00f3n con el objeto de mantener unos est\u00e1ndares b\u00e1sicos que garanticen el buen funcionamiento\u00a0durante el desarrollo de las clases.<\/p>\n<p>[\/et_pb_text][et_pb_divider _builder_version=\u00bb4.16&#8243; global_colors_info=\u00bb{}\u00bb][\/et_pb_divider][et_pb_text _builder_version=\u00bb4.27.2&#8243; custom_margin=\u00bb-38px|||||\u00bb custom_padding=\u00bb46px||0px|||\u00bb global_colors_info=\u00bb{}\u00bb]<\/p>\n<h3>Formalizaci\u00f3n de la matr\u00edcula<\/h3>\n<p>Una vez recibido el comunicado de aptitud para el correcto seguimiento del M\u00e1ster, tendr\u00e1s un plazo de 15 d\u00edas para la formalizaci\u00f3n de la matr\u00edcula donde deber\u00e1s cumplimentar el formulario de matricula y realizar el pago de la reserva de plaza en la cuenta idicada.<\/p>\n<p>[\/et_pb_text][et_pb_divider _builder_version=\u00bb4.16&#8243; global_colors_info=\u00bb{}\u00bb][\/et_pb_divider][et_pb_text _builder_version=\u00bb4.27.4&#8243; custom_margin=\u00bb-38px|||||\u00bb custom_padding=\u00bb46px||0px|||\u00bb hover_enabled=\u00bb0&#8243; global_colors_info=\u00bb{}\u00bb disabled_on=\u00bbon|on|on\u00bb disabled=\u00bbon\u00bb sticky_enabled=\u00bb0&#8243;]<\/p>\n<h2>Retraso o Anulaci\u00f3n<\/h2>\n<p>Si por motivos externos o propios de la organizaci\u00f3n del M\u00e1ster como no alcanzar el m\u00ednimo de alumnos,\u00a0 hubiere que retrasar\u00a0 o anular el M\u00e1ster en\u00a0 Internacionalizaci\u00f3n de Empresas, los alumnos tendr\u00e1n en este \u00faltimo supuesto el derecho al reembolso total del importe efectivamente pagado hasta la fecha.<\/p>\n<p>[\/et_pb_text][\/et_pb_column][et_pb_column type=\u00bb1_4&#8243; _builder_version=\u00bb4.16&#8243; custom_padding=\u00bb|||\u00bb global_colors_info=\u00bb{}\u00bb custom_padding__hover=\u00bb|||\u00bb][et_pb_sidebar area=\u00bbsidebar-1&#8243; admin_label=\u00bbSidebar\u00bb _builder_version=\u00bb4.16&#8243; global_colors_info=\u00bb{}\u00bb][\/et_pb_sidebar][et_pb_divider color=\u00bb#dbdbdb\u00bb disabled_on=\u00bbon|on|off\u00bb admin_label=\u00bbDivider\u00bb _builder_version=\u00bb4.16&#8243; global_colors_info=\u00bb{}\u00bb][\/et_pb_divider][et_pb_testimonial author=\u00bbJos\u00e9 Manuel Puy\u00f3\u00bb job_title=\u00bbGerente \u00bb company_name=\u00bbAceitunas Rold\u00e1n\u00bb admin_label=\u00bbTestimonial\u00bb _builder_version=\u00bb4.16&#8243; background_size=\u00bbinitial\u00bb background_position=\u00bbtop_left\u00bb background_repeat=\u00bbrepeat\u00bb text_orientation=\u00bbcenter\u00bb global_colors_info=\u00bb{}\u00bb]El M\u00e1ster me ha ayudado a definir lo que se tiene que hacer y lo que no para montar un Departamento de Exportaci\u00f3n en la Empresa y conocer las estrategias para abordar cada pa\u00eds.<br \/>\n[\/et_pb_testimonial][et_pb_testimonial author=\u00bbJoaqu\u00edn Zafra\u00bb job_title=\u00bbGerente L\u00ednea Internacional\u00bb company_name=\u00bbIngenia\u00bb admin_label=\u00bbTestimonial\u00bb _builder_version=\u00bb4.16&#8243; background_size=\u00bbinitial\u00bb background_position=\u00bbtop_left\u00bb background_repeat=\u00bbrepeat\u00bb text_orientation=\u00bbcenter\u00bb global_colors_info=\u00bb{}\u00bb]Lo que m\u00e1s destacar\u00eda del M\u00e1ster es su nivel Global. Hemos abarcado casi la totalidad de los mercados internacionales, eso no es f\u00e1cil pero se ha conseguido.<br \/>\n[\/et_pb_testimonial][et_pb_divider color=\u00bb#dbdbdb\u00bb disabled_on=\u00bbon|on|off\u00bb admin_label=\u00bbDivider\u00bb _builder_version=\u00bb4.16&#8243; global_colors_info=\u00bb{}\u00bb][\/et_pb_divider][et_pb_sidebar area=\u00bbet_pb_widget_area_2&#8243; admin_label=\u00bbSidebar\u00bb _builder_version=\u00bb4.16&#8243; global_colors_info=\u00bb{}\u00bb][\/et_pb_sidebar][\/et_pb_column][\/et_pb_row][\/et_pb_section]<\/p>\n","protected":false},"excerpt":{"rendered":"<p>&nbsp; Los alumnos del M\u00e1ster \u00a0Internacional en Comercio Exterior de la C\u00e1mara de Comercio de M\u00e1laga deber\u00e1n cumplir con unos requisitos b\u00e1sicos que garanticen el buen funcionamiento\u00a0durante el desarrollo de las clases, estos requisitos ser\u00e1n bien acad\u00e9micos, bien por experiencia profesional o bien por proyecto de internacionalizaci\u00f3n. Para validar la idoneidad de los candidatos ser\u00e1 [&hellip;]<\/p>\n","protected":false},"author":1,"featured_media":0,"parent":0,"menu_order":0,"comment_status":"closed","ping_status":"closed","template":"","meta":{"_et_pb_use_builder":"on","_et_pb_old_content":"<p>\u00a0<\/p><p>[button color=\"black\"]Perfil del alumno[\/button]<\/p><p>Los alumnos que deseen cursar el Master en Internacionalizaci\u00f3n de Empresas deber\u00e1n cumplir unos requisitos formales que garanticen el buen funcionamiento y un \u00f3ptimo aprovechamiento del mismo.<\/p><p>los alumnos tendr\u00e1n que acreditar alguno de los siguientes requisitos:<\/p><p>-\u00a0\u00a0\u00a0\u00a0\u00a0\u00a0\u00a0\u00a0\u00a0 Condici\u00f3n de directivo o responsable del departamento de exportaci\u00f3n de una empresa.<\/p><p>-\u00a0\u00a0\u00a0\u00a0\u00a0\u00a0\u00a0\u00a0\u00a0 Estar en posesi\u00f3n de alguna acreditaci\u00f3n acad\u00e9mica universitaria o experiencia profesional equivalente.<\/p><p>-\u00a0\u00a0\u00a0\u00a0\u00a0\u00a0\u00a0\u00a0\u00a0 Emprendedor con proyecto de internacionalizaci\u00f3n en marcha.<\/p><p>\u00a0<\/p><p>[button link=\"http:\/\/mastercomercioexterior.es\/malaga\/contacto\/\" color=\"black\"] Solicitud de entrevista[\/button]<\/p><p>En\u00a0 la secci\u00f3n <a title=\"Solicite entrevista para realizar master comercio exterior\" href=\"http:\/\/mastercomercioexterior.es\/malaga\/contacto\/\">CONTACTO<\/a> de la web los alumnos podr\u00e1n seleccionar la opci\u00f3n de solicitar entrevista,\u00a0debiendo aportar adicionalmente el curriculum.<\/p><p>\u00a0<br \/> \u00a0<br \/> \u00a0<\/p><p>[button color=\"black\"] Entrevistas personales[\/button]<\/p><p>La administraci\u00f3n del Master concertar\u00e1 una entrevista con el Director Acad\u00e9mico del Master,\u00a0 quien evaluar\u00e1 el perfil del candidato e informar\u00e1 a los admitidos.<\/p><p>Las entrevistas personales podr\u00e1n realizarse por videoconferencia\u00a0bajo solicitud previa.<\/p><p>\u00a0<\/p><p>[dl url=\"http:\/\/mastercomercioexterior.es\/malaga\/wp-content\/uploads\/2013\/04\/PROCESO-DE-INSCRIPCION.jpg\" title=\"Proceso de inscripci\u00f3n\" desc=\"Descargar\" type=\"new page\" align=\"center\" target=\"_blank\"]<\/p>","_et_gb_content_width":"","footnotes":""},"class_list":["post-207","page","type-page","status-publish","hentry"],"_links":{"self":[{"href":"https:\/\/mastercomercioexterior.es\/malaga\/wp-json\/wp\/v2\/pages\/207","targetHints":{"allow":["GET"]}}],"collection":[{"href":"https:\/\/mastercomercioexterior.es\/malaga\/wp-json\/wp\/v2\/pages"}],"about":[{"href":"https:\/\/mastercomercioexterior.es\/malaga\/wp-json\/wp\/v2\/types\/page"}],"author":[{"embeddable":true,"href":"https:\/\/mastercomercioexterior.es\/malaga\/wp-json\/wp\/v2\/users\/1"}],"replies":[{"embeddable":true,"href":"https:\/\/mastercomercioexterior.es\/malaga\/wp-json\/wp\/v2\/comments?post=207"}],"version-history":[{"count":3,"href":"https:\/\/mastercomercioexterior.es\/malaga\/wp-json\/wp\/v2\/pages\/207\/revisions"}],"predecessor-version":[{"id":5330,"href":"https:\/\/mastercomercioexterior.es\/malaga\/wp-json\/wp\/v2\/pages\/207\/revisions\/5330"}],"wp:attachment":[{"href":"https:\/\/mastercomercioexterior.es\/malaga\/wp-json\/wp\/v2\/media?parent=207"}],"curies":[{"name":"wp","href":"https:\/\/api.w.org\/{rel}","templated":true}]}}