{"id":198,"date":"2012-03-15T20:28:48","date_gmt":"2012-03-15T19:28:48","guid":{"rendered":"http:\/\/mastercomercioexterior.es\/?page_id=198"},"modified":"2026-03-22T11:36:33","modified_gmt":"2026-03-22T10:36:33","slug":"ficha-tecnica","status":"publish","type":"page","link":"https:\/\/mastercomercioexterior.es\/malaga\/ficha-tecnica\/","title":{"rendered":"Ficha T\u00e9cnica"},"content":{"rendered":"<p>[et_pb_section fb_built=\u00bb1&#8243; fullwidth=\u00bbon\u00bb _builder_version=\u00bb4.16&#8243; _module_preset=\u00bbdefault\u00bb global_colors_info=\u00bb{}\u00bb][\/et_pb_section][et_pb_section fb_built=\u00bb1&#8243; fullwidth=\u00bbon\u00bb _builder_version=\u00bb4.16&#8243; _module_preset=\u00bbdefault\u00bb min_height=\u00bb204px\u00bb custom_margin=\u00bb-21px|||||\u00bb custom_padding=\u00bb3px|||||\u00bb global_colors_info=\u00bb{}\u00bb][et_pb_fullwidth_header title=\u00bbFICHA T\u00c9CNICA\u00bb text_orientation=\u00bbcenter\u00bb _builder_version=\u00bb4.16&#8243; _module_preset=\u00bbdefault\u00bb background_color=\u00bb#a51014&#8243; custom_padding=\u00bb52px|||||\u00bb global_colors_info=\u00bb{}\u00bb][\/et_pb_fullwidth_header][\/et_pb_section][et_pb_section fb_built=\u00bb1&#8243; _builder_version=\u00bb4.16&#8243; _module_preset=\u00bbdefault\u00bb custom_padding=\u00bb||0px|||\u00bb global_colors_info=\u00bb{}\u00bb][et_pb_row _builder_version=\u00bb4.16&#8243; _module_preset=\u00bbdefault\u00bb global_colors_info=\u00bb{}\u00bb][et_pb_column type=\u00bb4_4&#8243; _builder_version=\u00bb4.16&#8243; _module_preset=\u00bbdefault\u00bb global_colors_info=\u00bb{}\u00bb][et_pb_text _builder_version=\u00bb4.16&#8243; _module_preset=\u00bbdefault\u00bb global_colors_info=\u00bb{}\u00bb]<\/p>\n<h1 style=\"text-align: center;\"><span style=\"color: #a51014;\">Por qu\u00e9 el M\u00e1ster en Comercio Internacional<\/span><\/h1>\n<p style=\"text-align: center;\"><span style=\"color: #333333;\">Son muchas las ventajas de cursar el M\u00e1ster en Comercio Exterior de la C\u00e1mara de Comercio de M\u00e1laga<\/span><\/p>\n<p>[\/et_pb_text][\/et_pb_column][\/et_pb_row][et_pb_row column_structure=\u00bb1_3,1_3,1_3&#8243; _builder_version=\u00bb4.16&#8243; _module_preset=\u00bbdefault\u00bb global_colors_info=\u00bb{}\u00bb][et_pb_column type=\u00bb1_3&#8243; _builder_version=\u00bb4.16&#8243; _module_preset=\u00bbdefault\u00bb global_colors_info=\u00bb{}\u00bb][et_pb_blurb title=\u00bbReconocimiento Internacional\u00bb use_icon=\u00bbon\u00bb font_icon=\u00bb&#xe0e3;||divi||400&#8243; icon_color=\u00bb#a51014&#8243; icon_placement=\u00bbleft\u00bb image_icon_width=\u00bb109px\u00bb _builder_version=\u00bb4.16&#8243; _module_preset=\u00bbdefault\u00bb header_level=\u00bbh3&#8243; width=\u00bb100%\u00bb max_width=\u00bb100%\u00bb icon_font_size=\u00bb109px\u00bb global_colors_info=\u00bb{}\u00bb]<\/p>\n<p class=\"et_pb_module_header\">Las C\u00e1maras de Comercio son los centros de formaci\u00f3n empresarial m\u00e1s conocidos a nivel nacional e internacional.<\/p>\n<p>[\/et_pb_blurb][\/et_pb_column][et_pb_column type=\u00bb1_3&#8243; _builder_version=\u00bb4.16&#8243; _module_preset=\u00bbdefault\u00bb global_colors_info=\u00bb{}\u00bb][et_pb_blurb title=\u00bbExcelencia Acad\u00e9mica\u00bb use_icon=\u00bbon\u00bb font_icon=\u00bb&#xe012;||divi||400&#8243; icon_color=\u00bb#a51014&#8243; icon_placement=\u00bbleft\u00bb _builder_version=\u00bb4.16&#8243; _module_preset=\u00bbdefault\u00bb header_level=\u00bbh3&#8243; global_colors_info=\u00bb{}\u00bb]<\/p>\n<p><span>La esencia y clave de un M\u00e1ster <strong>presencial<\/strong> es la excelencia acad\u00e9mica. Por ello, desde la C\u00e1mara de Comercio de M\u00e1laga hemos apostado por un claustro de prestigiosos profesionales<\/span><\/p>\n<p>[\/et_pb_blurb][\/et_pb_column][et_pb_column type=\u00bb1_3&#8243; _builder_version=\u00bb4.16&#8243; _module_preset=\u00bbdefault\u00bb global_colors_info=\u00bb{}\u00bb][et_pb_blurb title=\u00bbAprende Practicando\u00bb use_icon=\u00bbon\u00bb font_icon=\u00bb&#xe02a;||divi||400&#8243; icon_color=\u00bb#a51014&#8243; icon_placement=\u00bbleft\u00bb image_icon_width=\u00bb120px\u00bb _builder_version=\u00bb4.16&#8243; _module_preset=\u00bbdefault\u00bb header_level=\u00bbh3&#8243; icon_font_size=\u00bb120px\u00bb global_colors_info=\u00bb{}\u00bb]<\/p>\n<p>Te ofrecemos una <strong>metodolog\u00eda<\/strong> experiencial donde te mover\u00e1s en entornos reales.<\/p>\n<p>[\/et_pb_blurb][\/et_pb_column][\/et_pb_row][\/et_pb_section][et_pb_section fb_built=\u00bb1&#8243; admin_label=\u00bbsection\u00bb _builder_version=\u00bb4.16&#8243; background_color=\u00bbrgba(0,0,0,0.05)\u00bb custom_margin=\u00bb1px|||||\u00bb custom_padding=\u00bb5px|0px|10px|0px|false|false\u00bb global_colors_info=\u00bb{}\u00bb][et_pb_row _builder_version=\u00bb4.16&#8243; background_size=\u00bbinitial\u00bb background_position=\u00bbtop_left\u00bb background_repeat=\u00bbrepeat\u00bb custom_padding=\u00bb5px|||||\u00bb global_colors_info=\u00bb{}\u00bb][et_pb_column type=\u00bb4_4&#8243; _builder_version=\u00bb4.16&#8243; custom_padding=\u00bb|||\u00bb global_colors_info=\u00bb{}\u00bb custom_padding__hover=\u00bb|||\u00bb][et_pb_text _builder_version=\u00bb4.16&#8243; background_size=\u00bbinitial\u00bb background_position=\u00bbtop_left\u00bb background_repeat=\u00bbrepeat\u00bb global_colors_info=\u00bb{}\u00bb]<\/p>\n<h3>FICHA T\u00c9CNICA<\/h3>\n<hr \/>\n<p>&nbsp;<br \/>\n[\/et_pb_text][\/et_pb_column][\/et_pb_row][et_pb_row column_structure=\u00bb1_3,1_3,1_3&#8243; _builder_version=\u00bb4.21.0&#8243; _module_preset=\u00bbdefault\u00bb global_colors_info=\u00bb{}\u00bb][et_pb_column type=\u00bb1_3&#8243; _builder_version=\u00bb4.21.0&#8243; _module_preset=\u00bbdefault\u00bb global_colors_info=\u00bb{}\u00bb][et_pb_image src=\u00bbhttps:\/\/mastercomercioexterior.es\/malaga\/wp-content\/uploads\/2023\/06\/cursos-comercio-exterior-ingles.png\u00bb title_text=\u00bbcursos comercio exterior ingles\u00bb _builder_version=\u00bb4.21.0&#8243; _module_preset=\u00bbdefault\u00bb global_colors_info=\u00bb{}\u00bb][\/et_pb_image][\/et_pb_column][et_pb_column type=\u00bb1_3&#8243; _builder_version=\u00bb4.21.0&#8243; _module_preset=\u00bbdefault\u00bb global_colors_info=\u00bb{}\u00bb][et_pb_blurb title=\u00bbFechas\u00bb use_icon=\u00bbon\u00bb font_icon=\u00bb&#xe023;||divi||400&#8243; icon_color=\u00bb#a51014&#8243; icon_placement=\u00bbleft\u00bb _builder_version=\u00bb4.27.6&#8243; background_size=\u00bbinitial\u00bb background_position=\u00bbtop_left\u00bb background_repeat=\u00bbrepeat\u00bb max_width_tablet=\u00bb50px\u00bb animation=\u00bboff\u00bb hover_enabled=\u00bb0&#8243; global_colors_info=\u00bb{}\u00bb sticky_enabled=\u00bb0&#8243;]<\/p>\n<p><strong>Fecha Inicio MIE\u00a0 ( CECI + AIM )<\/strong><\/p>\n<p><strong>CECI<\/strong>: 22 octubre 2026<\/p>\n<p>[\/et_pb_blurb][et_pb_blurb title=\u00bbDuraci\u00f3n\u00bb use_icon=\u00bbon\u00bb font_icon=\u00bb&#xe0e1;||divi||400&#8243; icon_color=\u00bb#a51014&#8243; icon_placement=\u00bbleft\u00bb _builder_version=\u00bb4.25.0&#8243; background_size=\u00bbinitial\u00bb background_position=\u00bbtop_left\u00bb background_repeat=\u00bbrepeat\u00bb animation=\u00bboff\u00bb global_colors_info=\u00bb{}\u00bb]<\/p>\n<p>El Master MIE tiene una duraci\u00f3n de 400 horas, de las cuales 100 son presenciales y 200 semipresenciales (Live steaming) el resto se dedicar\u00e1 al proyecto fin de master en la elaboraci\u00f3n de un Plan de Internacionalizaci\u00f3n.<\/p>\n<p>[\/et_pb_blurb][\/et_pb_column][et_pb_column type=\u00bb1_3&#8243; _builder_version=\u00bb4.21.0&#8243; _module_preset=\u00bbdefault\u00bb global_colors_info=\u00bb{}\u00bb][et_pb_blurb title=\u00bbHorarios\u00bb use_icon=\u00bbon\u00bb font_icon=\u00bb&#x7d;||divi||400&#8243; icon_color=\u00bb#a51014&#8243; icon_placement=\u00bbleft\u00bb _builder_version=\u00bb4.21.0&#8243; background_size=\u00bbinitial\u00bb background_position=\u00bbtop_left\u00bb background_repeat=\u00bbrepeat\u00bb animation=\u00bboff\u00bb global_colors_info=\u00bb{}\u00bb]<\/p>\n<p>Ambos progr\u00e1mas acad\u00e9micos (CECI &amp; AIM) se desarrollan en horario de tarde todos los jueves de 16:00\u00a0 \u00a021:00h.<\/p>\n<p>[\/et_pb_blurb][et_pb_blurb title=\u00bbPrecio\u00bb use_icon=\u00bbon\u00bb font_icon=\u00bb&#xe0ed;||divi||400&#8243; icon_color=\u00bb#a51014&#8243; icon_placement=\u00bbleft\u00bb _builder_version=\u00bb4.18.0&#8243; background_size=\u00bbinitial\u00bb background_position=\u00bbtop_left\u00bb background_repeat=\u00bbrepeat\u00bb animation=\u00bboff\u00bb global_colors_info=\u00bb{}\u00bb]<\/p>\n<p>El Master MIE tiene el coste de la suma de ambos programas m\u00e1s la matricula del proyecto fin de m\u00e1ster, en total 4.400 \u20ac<\/p>\n<p><a href=\"https:\/\/mastercomercioexterior.es\/malaga\/precios-del-master\/\" target=\"_blank\" rel=\"noopener noreferrer\">Ver ayudas<\/a><\/p>\n<p>[\/et_pb_blurb][\/et_pb_column][\/et_pb_row][et_pb_row column_structure=\u00bb1_3,1_3,1_3&#8243; disabled_on=\u00bbon|on|on\u00bb _builder_version=\u00bb4.21.0&#8243; _module_preset=\u00bbdefault\u00bb disabled=\u00bbon\u00bb global_colors_info=\u00bb{}\u00bb][et_pb_column type=\u00bb1_3&#8243; _builder_version=\u00bb4.21.0&#8243; _module_preset=\u00bbdefault\u00bb global_colors_info=\u00bb{}\u00bb][et_pb_image src=\u00bbhttps:\/\/mastercomercioexterior.es\/malaga\/wp-content\/uploads\/2023\/06\/master-comercio-exterior.png\u00bb title_text=\u00bbmaster comercio exterior\u00bb _builder_version=\u00bb4.21.0&#8243; _module_preset=\u00bbdefault\u00bb global_colors_info=\u00bb{}\u00bb][\/et_pb_image][\/et_pb_column][et_pb_column type=\u00bb1_3&#8243; _builder_version=\u00bb4.21.0&#8243; _module_preset=\u00bbdefault\u00bb global_colors_info=\u00bb{}\u00bb][et_pb_blurb title=\u00bbFechas\u00bb use_icon=\u00bbon\u00bb font_icon=\u00bb&#xe023;||divi||400&#8243; icon_color=\u00bb#a51014&#8243; icon_placement=\u00bbleft\u00bb _builder_version=\u00bb4.18.0&#8243; background_size=\u00bbinitial\u00bb background_position=\u00bbtop_left\u00bb background_repeat=\u00bbrepeat\u00bb max_width_tablet=\u00bb50px\u00bb animation=\u00bboff\u00bb global_colors_info=\u00bb{}\u00bb]<\/p>\n<p><strong>Fecha Inicio\/ Finalizaci\u00f3n:<\/strong><\/p>\n<p>Octubre 2023 \/ Julio 2024<\/p>\n<p>[\/et_pb_blurb][\/et_pb_column][et_pb_column type=\u00bb1_3&#8243; _builder_version=\u00bb4.21.0&#8243; _module_preset=\u00bbdefault\u00bb global_colors_info=\u00bb{}\u00bb][et_pb_blurb title=\u00bbHorarios\u00bb use_icon=\u00bbon\u00bb font_icon=\u00bb&#x7d;||divi||400&#8243; icon_color=\u00bb#a51014&#8243; icon_placement=\u00bbleft\u00bb _builder_version=\u00bb4.16&#8243; background_size=\u00bbinitial\u00bb background_position=\u00bbtop_left\u00bb background_repeat=\u00bbrepeat\u00bb animation=\u00bboff\u00bb global_colors_info=\u00bb{}\u00bb]<\/p>\n<p>El Master se desarrollar\u00e1 Presencialmente en horario executive: Viernes de 17:00 h a 22:00 y S\u00e1bados de 09:00 a 14:00 horas.<\/p>\n<p>Permitiendo as\u00ed compatibilizar las clases con el trabajo de empresarios y trabajadores.<\/p>\n<p>Los alumnos que no puedan asistir presencialmente lo podr\u00e1n hacer telem\u00e1ticamente.\u00a0<\/p>\n<p>[\/et_pb_blurb][\/et_pb_column][\/et_pb_row][\/et_pb_section][et_pb_section fb_built=\u00bb1&#8243; _builder_version=\u00bb4.16&#8243; _module_preset=\u00bbdefault\u00bb global_colors_info=\u00bb{}\u00bb][et_pb_row column_structure=\u00bb1_4,1_4,1_4,1_4&#8243; _builder_version=\u00bb4.16&#8243; _module_preset=\u00bbdefault\u00bb global_colors_info=\u00bb{}\u00bb][et_pb_column type=\u00bb1_4&#8243; _builder_version=\u00bb4.16&#8243; _module_preset=\u00bbdefault\u00bb global_colors_info=\u00bb{}\u00bb][et_pb_button button_url=\u00bbhttps:\/\/mastercomercioexterior.es\/malaga\/programa-formativo-master-mie\/\u00bb url_new_window=\u00bbon\u00bb button_text=\u00bbPrograma acad\u00e9mico\u00bb button_alignment=\u00bbcenter\u00bb _builder_version=\u00bb4.16&#8243; _module_preset=\u00bbdefault\u00bb custom_button=\u00bbon\u00bb button_bg_color=\u00bb#a51014&#8243; button_border_radius=\u00bb10px\u00bb button_letter_spacing=\u00bb0px\u00bb custom_css_main_element=\u00bbWidth: 250px\u00bb global_colors_info=\u00bb{}\u00bb][\/et_pb_button][\/et_pb_column][et_pb_column type=\u00bb1_4&#8243; _builder_version=\u00bb4.16&#8243; _module_preset=\u00bbdefault\u00bb global_colors_info=\u00bb{}\u00bb][et_pb_button button_url=\u00bbhttps:\/\/mastercomercioexterior.es\/malaga\/precios-del-master\/\u00bb url_new_window=\u00bbon\u00bb button_text=\u00bbPrecio M\u00e1ster\u00bb button_alignment=\u00bbcenter\u00bb _builder_version=\u00bb4.16&#8243; _module_preset=\u00bbdefault\u00bb custom_button=\u00bbon\u00bb button_bg_color=\u00bb#a51014&#8243; button_border_radius=\u00bb10px\u00bb custom_css_main_element=\u00bbWidth: 250px\u00bb global_colors_info=\u00bb{}\u00bb][\/et_pb_button][\/et_pb_column][et_pb_column type=\u00bb1_4&#8243; _builder_version=\u00bb4.16&#8243; _module_preset=\u00bbdefault\u00bb global_colors_info=\u00bb{}\u00bb][et_pb_button button_url=\u00bbhttps:\/\/mastercomercioexterior.es\/malaga\/metodologia-del-master\/\u00bb url_new_window=\u00bbon\u00bb button_text=\u00bbMetodolog\u00eda\u00bb button_alignment=\u00bbcenter\u00bb _builder_version=\u00bb4.16&#8243; _module_preset=\u00bbdefault\u00bb custom_button=\u00bbon\u00bb button_bg_color=\u00bb#a51014&#8243; button_border_radius=\u00bb10px\u00bb custom_css_main_element=\u00bbWidth: 250px\u00bb global_colors_info=\u00bb{}\u00bb][\/et_pb_button][\/et_pb_column][et_pb_column type=\u00bb1_4&#8243; _builder_version=\u00bb4.16&#8243; _module_preset=\u00bbdefault\u00bb global_colors_info=\u00bb{}\u00bb][et_pb_button button_url=\u00bbhttps:\/\/mastercomercioexterior.es\/malaga\/formulario-evaluacion-candidatos\/\u00bb url_new_window=\u00bbon\u00bb button_text=\u00bbProceso Admisi\u00f3n\u00bb button_alignment=\u00bbcenter\u00bb _builder_version=\u00bb4.16&#8243; _module_preset=\u00bbdefault\u00bb custom_button=\u00bbon\u00bb button_bg_color=\u00bb#a51014&#8243; button_border_radius=\u00bb10px\u00bb custom_css_main_element=\u00bbWidth: 250px\u00bb global_colors_info=\u00bb{}\u00bb][\/et_pb_button][\/et_pb_column][\/et_pb_row][\/et_pb_section][et_pb_section fb_built=\u00bb1&#8243; admin_label=\u00bbsection\u00bb _builder_version=\u00bb4.16&#8243; global_colors_info=\u00bb{}\u00bb][et_pb_row column_structure=\u00bb3_4,1_4&#8243; admin_label=\u00bbrow\u00bb _builder_version=\u00bb4.16&#8243; background_size=\u00bbinitial\u00bb background_position=\u00bbtop_left\u00bb background_repeat=\u00bbrepeat\u00bb custom_padding=\u00bb22px|0px|24.7344px|0px|false|false\u00bb global_colors_info=\u00bb{}\u00bb][et_pb_column type=\u00bb3_4&#8243; _builder_version=\u00bb4.16&#8243; custom_padding=\u00bb|||\u00bb global_colors_info=\u00bb{}\u00bb custom_padding__hover=\u00bb|||\u00bb][et_pb_text admin_label=\u00bbText\u00bb _builder_version=\u00bb4.16&#8243; background_size=\u00bbinitial\u00bb background_position=\u00bbtop_left\u00bb background_repeat=\u00bbrepeat\u00bb global_colors_info=\u00bb{}\u00bb]<\/p>\n<h3><\/h3>\n<p><strong>Lugar impartici\u00f3n<\/strong>:<\/p>\n<p>El M\u00e1ster se desarrollar\u00e1 en la <strong>Escuela de Negocios de la C\u00e1mara de Comercio de M\u00e1laga<\/strong>\u00a0<\/p>\n<p>[\/et_pb_text][et_pb_map address=\u00bbC\u00e1mara Oficial de Comercio, Industria y Navegaci\u00f3n de la Provincia de M\u00e1laga, C\/ Cortina del Muelle, n\u00ba, 23, 29015 M\u00e1laga, Espa\u00f1a\u00bb zoom_level=\u00bb17&#8243; address_lat=\u00bb36.71910640684725&#8243; address_lng=\u00bb-4.417844999999951&#8243; admin_label=\u00bbMap\u00bb _builder_version=\u00bb4.16&#8243; global_colors_info=\u00bb{}\u00bb][et_pb_map_pin title=\u00bbC\u00e1mara comercio de M\u00e1laga\u00bb pin_address=\u00bbC\u00e1mara Oficial de Comercio, Industria y Navegaci\u00f3n de la Provincia de M\u00e1laga, C\/ Cortina del Muelle, n\u00ba, 23, 29015 M\u00e1laga, Espa\u00f1a\u00bb pin_address_lat=\u00bb36.719975&#8243; pin_address_lng=\u00bb-4.417844999999943&#8243; _builder_version=\u00bb3.0.47&#8243; global_colors_info=\u00bb{}\u00bb][\/et_pb_map_pin][\/et_pb_map][\/et_pb_column][et_pb_column type=\u00bb1_4&#8243; _builder_version=\u00bb4.16&#8243; custom_padding=\u00bb|||\u00bb global_colors_info=\u00bb{}\u00bb custom_padding__hover=\u00bb|||\u00bb][et_pb_divider show_divider=\u00bboff\u00bb disabled_on=\u00bbon|on|off\u00bb _builder_version=\u00bb4.16&#8243; height=\u00bb100px\u00bb hide_on_mobile=\u00bbon\u00bb global_colors_info=\u00bb{}\u00bb][\/et_pb_divider][et_pb_sidebar area=\u00bbsidebar-1&#8243; admin_label=\u00bbSidebar\u00bb _builder_version=\u00bb4.16&#8243; global_colors_info=\u00bb{}\u00bb][\/et_pb_sidebar][et_pb_sidebar area=\u00bbet_pb_widget_area_2&#8243; admin_label=\u00bbSidebar\u00bb _builder_version=\u00bb4.16&#8243; header_font_size=\u00bb20px\u00bb header_line_height=\u00bb2.4em\u00bb body_line_height=\u00bb2em\u00bb global_colors_info=\u00bb{}\u00bb][\/et_pb_sidebar][\/et_pb_column][\/et_pb_row][\/et_pb_section]<\/p>\n","protected":false},"excerpt":{"rendered":"<p>Por qu\u00e9 el M\u00e1ster en Comercio Internacional Son muchas las ventajas de cursar el M\u00e1ster en Comercio Exterior de la C\u00e1mara de Comercio de M\u00e1lagaLas C\u00e1maras de Comercio son los centros de formaci\u00f3n empresarial m\u00e1s conocidos a nivel nacional e internacional.La esencia y clave de un M\u00e1ster presencial es la excelencia acad\u00e9mica. Por ello, desde [&hellip;]<\/p>\n","protected":false},"author":1,"featured_media":0,"parent":0,"menu_order":0,"comment_status":"closed","ping_status":"closed","template":"","meta":{"_et_pb_use_builder":"on","_et_pb_old_content":"<p>[tabs slidertype=\"top tabs\"] [tabcontainer] [tabtext]Inicio[\/tabtext][tabtext]Duraci\u00f3n[\/tabtext] [tabtext]Horario[\/tabtext] [tabtext]Precio[\/tabtext]\u00a0[tabtext]Lugar[\/tabtext] [\/tabcontainer] [tabcontent] [tab]<\/p><p>Fecha de inicio del Master: \u00a0Octubre 2014<\/p><p>Fecha de finalizaci\u00f3n:\u00a0Julio 2015<\/p><p>[\/tab] [tab]<\/p><p>El Master MIE tiene una duraci\u00f3n de 500 horas, de las cuales 340 son presenciales y el resto se destinar\u00e1n a la elaboraci\u00f3n de un Plan de Internacionalizaci\u00f3n.[\/tab][tab]<\/p><p>El Master se desarrollar\u00e1 en el siguiente horario:<\/p><p>Viernes de 17:00 h a 22:00 y S\u00e1bados de 09:00 a 14:00 horas.[\/tab] [tab]<\/p><p>El Master MIE tiene un coste de 6.970 \u20ac. Ayudas y Subvenciones disponibles para empresas y particulares. Ver ayudas[\/tab]\u00a0 [tab]El M\u00e1ster se desarrollar\u00e1 en la Escuela Formaci\u00f3n de la C\u00e1mara de Comercio de M\u00e1laga sita en C\/Pedro de Toledo n\u00ba1 - 29015 M\u00e1laga.[\/tab] [\/tabcontent] [\/tabs]<\/p><p>\u00a0<\/p><p>\u00a0<\/p><p>[dl url=\"http:\/\/mastercomercioexterior.es\/malaga\/wp-content\/uploads\/2013\/03\/catalogo-mie.pdf\" title=\"Ficha T\u00e9cnica\" desc=\"Descargar\" type=\"new page\" align=\"center\" target=\"_blank\"]<\/p>","_et_gb_content_width":"","footnotes":""},"class_list":["post-198","page","type-page","status-publish","hentry"],"_links":{"self":[{"href":"https:\/\/mastercomercioexterior.es\/malaga\/wp-json\/wp\/v2\/pages\/198","targetHints":{"allow":["GET"]}}],"collection":[{"href":"https:\/\/mastercomercioexterior.es\/malaga\/wp-json\/wp\/v2\/pages"}],"about":[{"href":"https:\/\/mastercomercioexterior.es\/malaga\/wp-json\/wp\/v2\/types\/page"}],"author":[{"embeddable":true,"href":"https:\/\/mastercomercioexterior.es\/malaga\/wp-json\/wp\/v2\/users\/1"}],"replies":[{"embeddable":true,"href":"https:\/\/mastercomercioexterior.es\/malaga\/wp-json\/wp\/v2\/comments?post=198"}],"version-history":[{"count":22,"href":"https:\/\/mastercomercioexterior.es\/malaga\/wp-json\/wp\/v2\/pages\/198\/revisions"}],"predecessor-version":[{"id":5477,"href":"https:\/\/mastercomercioexterior.es\/malaga\/wp-json\/wp\/v2\/pages\/198\/revisions\/5477"}],"wp:attachment":[{"href":"https:\/\/mastercomercioexterior.es\/malaga\/wp-json\/wp\/v2\/media?parent=198"}],"curies":[{"name":"wp","href":"https:\/\/api.w.org\/{rel}","templated":true}]}}