{"id":1815,"date":"2015-07-30T10:28:23","date_gmt":"2015-07-30T08:28:23","guid":{"rendered":"http:\/\/mastercomercioexterior.es\/malaga\/?page_id=1815"},"modified":"2015-09-22T09:04:08","modified_gmt":"2015-09-22T07:04:08","slug":"master-de-escuela-de-negocio-universitario","status":"publish","type":"page","link":"https:\/\/mastercomercioexterior.es\/malaga\/master-de-escuela-de-negocio-universitario\/","title":{"rendered":"M\u00e1ster de Escuela de Negocio Vs Universitario"},"content":{"rendered":"<p>[et_pb_section][et_pb_row][et_pb_column type=\u00bb1_2&#8243;][et_pb_cta admin_label=\u00bbCall To Action\u00bb title=\u00bbPROFESIONAL\u00bb use_background_color=\u00bbon\u00bb background_color=\u00bb#dd3333&#8243; background_layout=\u00bbdark\u00bb text_orientation=\u00bbcenter\u00bb \/][\/et_pb_column][et_pb_column type=\u00bb1_2&#8243;][et_pb_cta admin_label=\u00bbCall To Action\u00bb title=\u00bbUNIVERSITARIO\u00bb use_background_color=\u00bbon\u00bb background_color=\u00bb#1e73be\u00bb background_layout=\u00bbdark\u00bb text_orientation=\u00bbcenter\u00bb \/][\/et_pb_column][\/et_pb_row][et_pb_row][et_pb_column type=\u00bb4_4&#8243;][et_pb_accordion admin_label=\u00bbAccordion\u00bb][et_pb_accordion_item]<\/p>\n<h3 style=\"text-align: center;\">HOMOLOGACI\u00d3N<\/h3>\n<p>[\/et_pb_accordion_item][\/et_pb_accordion][\/et_pb_column][\/et_pb_row][et_pb_row][et_pb_column type=\u00bb1_2&#8243;][et_pb_counters admin_label=\u00bbBar Counters\u00bb background_layout=\u00bblight\u00bb background_color=\u00bb#dd3333&#8243; bar_bg_color=\u00bb#dd3333&#8243;][et_pb_counter percent=\u00bb90&#8243;]PROFESIONALES[\/et_pb_counter][\/et_pb_counters][et_pb_text admin_label=\u00bbText\u00bb background_layout=\u00bblight\u00bb text_orientation=\u00bbleft\u00bb]<\/p>\n<ul>\n<li>Mayor red empresarial a nivel internacional, las C\u00e1maras de Comercio.<\/li>\n<\/ul>\n<p>[\/et_pb_text][\/et_pb_column][et_pb_column type=\u00bb1_2&#8243;][et_pb_counters admin_label=\u00bbBar Counters\u00bb background_layout=\u00bblight\u00bb background_color=\u00bb#1e73be\u00bb bar_bg_color=\u00bb#1e73be\u00bb][et_pb_counter percent=\u00bb95&#8243;]UNIVERSITARIO[\/et_pb_counter][\/et_pb_counters][et_pb_text admin_label=\u00bbText\u00bb background_layout=\u00bblight\u00bb text_orientation=\u00bbleft\u00bb]<\/p>\n<ul>\n<li>Por el Ministerio de Educaci\u00f3n.<\/li>\n<li>T\u00edtulos propios de cada Universidad.<\/li>\n<\/ul>\n<p>[\/et_pb_text][\/et_pb_column][\/et_pb_row][et_pb_row][et_pb_column type=\u00bb4_4&#8243;][et_pb_accordion admin_label=\u00bbAccordion\u00bb][et_pb_accordion_item]<\/p>\n<h3 style=\"text-align: center;\">DOCENTES<\/h3>\n<p>[\/et_pb_accordion_item][\/et_pb_accordion][\/et_pb_column][\/et_pb_row][et_pb_row][et_pb_column type=\u00bb1_2&#8243;][et_pb_text admin_label=\u00bbText\u00bb background_layout=\u00bblight\u00bb text_orientation=\u00bbleft\u00bb]<\/p>\n<ul style=\"list-style-type: disc;\">\n<li>Docentes profesionales especialistas en activo y referentes en su sector a nivel internacional.<\/li>\n<li>CEO\u00b4s, directores, empresarios, consultores de grandes empresas.<\/li>\n<\/ul>\n<p>[\/et_pb_text][\/et_pb_column][et_pb_column type=\u00bb1_2&#8243;][et_pb_text admin_label=\u00bbText\u00bb background_layout=\u00bblight\u00bb text_orientation=\u00bbleft\u00bb]<\/p>\n<ul>\n<li>Exigencia de un elevado porcentaje de docentes doctorados acad\u00e9micos.<\/li>\n<\/ul>\n<p>[\/et_pb_text][\/et_pb_column][\/et_pb_row][et_pb_row][et_pb_column type=\u00bb4_4&#8243;][et_pb_accordion admin_label=\u00bbPRACTICIDAD\u00bb][et_pb_accordion_item]<\/p>\n<h3 style=\"text-align: center;\">PRACTICIDAD<\/h3>\n<p>[\/et_pb_accordion_item][\/et_pb_accordion][\/et_pb_column][\/et_pb_row][et_pb_row][et_pb_column type=\u00bb1_2&#8243;][et_pb_number_counter admin_label=\u00bbNumber Counter\u00bb title=\u00bbPROFESIONAL\u00bb number=\u00bb99&#8243; percent_sign=\u00bbon\u00bb counter_color=\u00bb#dd3333&#8243; background_layout=\u00bblight\u00bb \/][et_pb_text admin_label=\u00bbText\u00bb background_layout=\u00bblight\u00bb text_orientation=\u00bbleft\u00bb]<\/p>\n<ul>\n<li>Casos eminentemente pr\u00e1cticos de la realidad empresarial internacional, implantaci\u00f3n del m\u00e9todo del caso.<\/li>\n<li>Desarrollo de un plan de internacionalizaci\u00f3n real.<\/li>\n<\/ul>\n<p>[\/et_pb_text][\/et_pb_column][et_pb_column type=\u00bb1_2&#8243;][et_pb_number_counter admin_label=\u00bbNumber Counter\u00bb title=\u00bbUNIVERSITARIO\u00bb number=\u00bb50&#8243; percent_sign=\u00bbon\u00bb counter_color=\u00bb#1e73be\u00bb background_layout=\u00bblight\u00bb \/][et_pb_text admin_label=\u00bbText\u00bb background_layout=\u00bblight\u00bb text_orientation=\u00bbleft\u00bb]<\/p>\n<ul>\n<li>Casos pr\u00e1cticos acad\u00e9micos.<\/li>\n<\/ul>\n<p>[\/et_pb_text][\/et_pb_column][\/et_pb_row][et_pb_row][et_pb_column type=\u00bb4_4&#8243;][et_pb_accordion admin_label=\u00bbALUMNADO\u00bb][et_pb_accordion_item]<\/p>\n<h3 style=\"text-align: center;\">ALUMNADO<\/h3>\n<p>[\/et_pb_accordion_item][\/et_pb_accordion][\/et_pb_column][\/et_pb_row][et_pb_row][et_pb_column type=\u00bb1_2&#8243;][et_pb_text admin_label=\u00bbText\u00bb background_layout=\u00bblight\u00bb text_orientation=\u00bbleft\u00bb]<\/p>\n<ul>\n<li>Heterogeneidad profesional del alumnado.<\/li>\n<li>Profesionales en activo de diferentes sectores, Licenciados, Diplomados, emprendedores con proyectos de internacionalizaci\u00f3n.<\/li>\n<\/ul>\n<p>[\/et_pb_text][\/et_pb_column][et_pb_column type=\u00bb1_2&#8243;][et_pb_text admin_label=\u00bbText\u00bb background_layout=\u00bblight\u00bb text_orientation=\u00bbleft\u00bb]<\/p>\n<ul>\n<li>Alto porcentaje de reci\u00e9n graduados.<\/li>\n<\/ul>\n<p>[\/et_pb_text][\/et_pb_column][\/et_pb_row][et_pb_row][et_pb_column type=\u00bb4_4&#8243;][et_pb_accordion admin_label=\u00bbCONTENIDO ACAD\u00c9MICO\u00bb][et_pb_accordion_item]<\/p>\n<h3 style=\"text-align: center;\">CONTENIDO ACAD\u00c9MICO<\/h3>\n<p>[\/et_pb_accordion_item][\/et_pb_accordion][\/et_pb_column][\/et_pb_row][et_pb_row][et_pb_column type=\u00bb1_2&#8243;][et_pb_text admin_label=\u00bbText\u00bb background_layout=\u00bblight\u00bb text_orientation=\u00bbleft\u00bb]<\/p>\n<ul>\n<li>Eminentemente pr\u00e1ctico.<\/li>\n<li>Cubren formaci\u00f3n espec\u00edfica de puestos que surgen.<\/li>\n<li>Proyectos de internacionalizaci\u00f3n tutorizados.<\/li>\n<li>Temario actualizado permanentemente.<\/li>\n<li>Plataforma online para el seguimiento de las clases y proyecto.<\/li>\n<\/ul>\n<p>[\/et_pb_text][\/et_pb_column][et_pb_column type=\u00bb1_2&#8243;][et_pb_text admin_label=\u00bbText\u00bb background_layout=\u00bblight\u00bb text_orientation=\u00bbleft\u00bb]<\/p>\n<ul>\n<li>Temario fijado y con revisiones sujetas a valoraciones por parte de la Universidad.<\/li>\n<\/ul>\n<p>[\/et_pb_text][\/et_pb_column][\/et_pb_row][et_pb_row][et_pb_column type=\u00bb4_4&#8243;][et_pb_accordion admin_label=\u00bbMOTIVACI\u00d3N\u00bb][et_pb_accordion_item]<\/p>\n<h3 style=\"text-align: center;\">MOTIVACI\u00d3N<\/h3>\n<p>[\/et_pb_accordion_item][\/et_pb_accordion][\/et_pb_column][\/et_pb_row][et_pb_row][et_pb_column type=\u00bb1_2&#8243;][et_pb_text admin_label=\u00bbText\u00bb background_layout=\u00bblight\u00bb text_orientation=\u00bbleft\u00bb]<\/p>\n<ul>\n<li>Inmersi\u00f3n total en el mundo empresarial.<\/li>\n<li>Cambio y visi\u00f3n empresarial.<\/li>\n<\/ul>\n<p>[\/et_pb_text][\/et_pb_column][et_pb_column type=\u00bb1_2&#8243;][et_pb_text admin_label=\u00bbText\u00bb background_layout=\u00bblight\u00bb text_orientation=\u00bbleft\u00bb]<\/p>\n<ul>\n<li>Percepci\u00f3n de ser una continuaci\u00f3n de la carrera.<\/li>\n<li>Acceso al doctorado.<\/li>\n<li>Punt\u00faa para oposiciones y trayectoria universitaria.<\/li>\n<\/ul>\n<p>[\/et_pb_text][\/et_pb_column][\/et_pb_row][et_pb_row][et_pb_column type=\u00bb4_4&#8243;][et_pb_accordion admin_label=\u00bbVALORES EXTRAS\u00bb][et_pb_accordion_item]<\/p>\n<h3 style=\"text-align: center;\">VALORES EXTRAS<\/h3>\n<p>[\/et_pb_accordion_item][\/et_pb_accordion][\/et_pb_column][\/et_pb_row][et_pb_row][et_pb_column type=\u00bb1_2&#8243;][et_pb_text admin_label=\u00bbText\u00bb background_layout=\u00bblight\u00bb text_orientation=\u00bbleft\u00bb]<\/p>\n<ul>\n<li>Pr\u00e1cticas en empresas en departamentos de internacionalizaci\u00f3n.<\/li>\n<li>Elevada inserci\u00f3n laboral.<\/li>\n<li>Ayudas y Subvenciones.<\/li>\n<li>Networking y eventos.<\/li>\n<li>Orientaci\u00f3n profesional.<\/li>\n<\/ul>\n<p>[\/et_pb_text][\/et_pb_column][et_pb_column type=\u00bb1_2&#8243;][et_pb_text admin_label=\u00bbText\u00bb background_layout=\u00bblight\u00bb text_orientation=\u00bbleft\u00bb]<\/p>\n<ul>\n<li>Becas del ministerio.<\/li>\n<li>Convenio pr\u00e1cticas en Empresas-Universidad.<\/li>\n<li>Campus Universitario.<\/li>\n<\/ul>\n<p>&nbsp;<\/p>\n<p>[\/et_pb_text][\/et_pb_column][\/et_pb_row][et_pb_row][et_pb_column type=\u00bb1_3&#8243;][\/et_pb_column][et_pb_column type=\u00bb1_3&#8243;][et_pb_text admin_label=\u00bbText\u00bb background_layout=\u00bblight\u00bb text_orientation=\u00bbleft\u00bb][\/et_pb_text][\/et_pb_column][et_pb_column type=\u00bb1_3&#8243;][\/et_pb_column][\/et_pb_row][\/et_pb_section]<\/p>\n","protected":false},"excerpt":{"rendered":"<p><div class=\"et_pb_section et_pb_section_0 et_section_regular\" >\n\t\t\t\t\n\t\t\t\t\n\t\t\t\t\n\t\t\t\t\n\t\t\t\t\n\t\t\t\t\n\t\t\t\t\n\t\t\t\t\n\t\t\t\t\n\t\t\t<\/div><div class=\"et_pb_row et_pb_row_0 et_pb_row_empty\">\n\t\t\t\t\n\t\t\t\t\n\t\t\t\t\n\t\t\t\t\n\t\t\t\t\n\t\t\t<\/div><div class=\"et_pb_row et_pb_row_1 et_pb_row_empty\">\n\t\t\t\t\n\t\t\t\t\n\t\t\t\t\n\t\t\t\t\n\t\t\t\t\n\t\t\t<\/div> HOMOLOGACI\u00d3N <div class=\"et_pb_row et_pb_row_2 et_pb_row_empty\">\n\t\t\t\t\n\t\t\t\t\n\t\t\t\t\n\t\t\t\t\n\t\t\t\t\n\t\t\t<\/div>PROFESIONALES Mayor red empresarial a nivel internacional, las C\u00e1maras de Comercio. UNIVERSITARIO Por el Ministerio de Educaci\u00f3n. T\u00edtulos propios de cada Universidad. <div class=\"et_pb_row et_pb_row_3 et_pb_row_empty\">\n\t\t\t\t\n\t\t\t\t\n\t\t\t\t\n\t\t\t\t\n\t\t\t\t\n\t\t\t<\/div> DOCENTES <div class=\"et_pb_row et_pb_row_4 et_pb_row_empty\">\n\t\t\t\t\n\t\t\t\t\n\t\t\t\t\n\t\t\t\t\n\t\t\t\t\n\t\t\t<\/div> Docentes profesionales especialistas en activo y referentes en su sector a nivel internacional. CEO\u00b4s, directores, empresarios, consultores de grandes empresas. Exigencia de un elevado porcentaje de docentes doctorados [&hellip;]<\/p>\n","protected":false},"author":2,"featured_media":0,"parent":0,"menu_order":0,"comment_status":"closed","ping_status":"open","template":"","meta":{"_et_pb_use_builder":"on","_et_pb_old_content":"","_et_gb_content_width":"","footnotes":""},"class_list":["post-1815","page","type-page","status-publish","hentry"],"_links":{"self":[{"href":"https:\/\/mastercomercioexterior.es\/malaga\/wp-json\/wp\/v2\/pages\/1815","targetHints":{"allow":["GET"]}}],"collection":[{"href":"https:\/\/mastercomercioexterior.es\/malaga\/wp-json\/wp\/v2\/pages"}],"about":[{"href":"https:\/\/mastercomercioexterior.es\/malaga\/wp-json\/wp\/v2\/types\/page"}],"author":[{"embeddable":true,"href":"https:\/\/mastercomercioexterior.es\/malaga\/wp-json\/wp\/v2\/users\/2"}],"replies":[{"embeddable":true,"href":"https:\/\/mastercomercioexterior.es\/malaga\/wp-json\/wp\/v2\/comments?post=1815"}],"version-history":[{"count":0,"href":"https:\/\/mastercomercioexterior.es\/malaga\/wp-json\/wp\/v2\/pages\/1815\/revisions"}],"wp:attachment":[{"href":"https:\/\/mastercomercioexterior.es\/malaga\/wp-json\/wp\/v2\/media?parent=1815"}],"curies":[{"name":"wp","href":"https:\/\/api.w.org\/{rel}","templated":true}]}}