{"id":1771,"date":"2015-05-28T16:13:14","date_gmt":"2015-05-28T14:13:14","guid":{"rendered":"http:\/\/mastercomercioexterior.es\/malaga\/?page_id=1771"},"modified":"2019-03-21T18:12:27","modified_gmt":"2019-03-21T17:12:27","slug":"informacion-practicas-master-internacional","status":"publish","type":"page","link":"https:\/\/mastercomercioexterior.es\/malaga\/informacion-practicas-master-internacional\/","title":{"rendered":"Informaci\u00f3n pr\u00e1ctica master internacional"},"content":{"rendered":"<p>[et_pb_section fb_built=\u00bb1&#8243; admin_label=\u00bbsection\u00bb _builder_version=\u00bb3.0.47&#8243;][et_pb_row admin_label=\u00bbrow\u00bb _builder_version=\u00bb3.0.48&#8243; background_size=\u00bbinitial\u00bb background_position=\u00bbtop_left\u00bb background_repeat=\u00bbrepeat\u00bb][et_pb_column type=\u00bb3_4&#8243; _builder_version=\u00bb3.0.47&#8243;][et_pb_image src=\u00bbhttps:\/\/mastercomercioexterior.es\/malaga\/wp-content\/uploads\/2015\/05\/informacion-practica.jpg\u00bb admin_label=\u00bbImage\u00bb _builder_version=\u00bb3.0.74&#8243; animation=\u00bboff\u00bb] [\/et_pb_image][et_pb_text admin_label=\u00bbText\u00bb _builder_version=\u00bb3.0.87&#8243; background_size=\u00bbinitial\u00bb background_position=\u00bbtop_left\u00bb background_repeat=\u00bbrepeat\u00bb use_border_color=\u00bboff\u00bb border_color=\u00bb#ffffff\u00bb border_style=\u00bbsolid\u00bb]<\/p>\n<h1>Informaci\u00f3n pr\u00e1ctica<\/h1>\n<p>El M\u00e1ster en Internacionalizaci\u00f3n de Empresas lo cursan muchos estudiantes extranjeros, por ellos nos vemos en la obligaci\u00f3n de facilitarles informaci\u00f3n muy pr\u00e1ctica para que su estancia en M\u00e1laga sea lo m\u00e1s c\u00f3moda posible, adem\u00e1s desde la administraci\u00f3n del M\u00e1ster nos ofrecemos a ayudarle para cualquier gesti\u00f3n que precise en su proceso de adaptaci\u00f3n a la ciudad.<\/p>\n<p>&nbsp;<\/p>\n<h3><strong>C\u00f3mo llegar<\/strong><\/h3>\n<p>M\u00e1laga\u00a0 es una ciudad perfectamente comunicada, tanto por carretera, como avi\u00f3n o tren de alta velocidad, por lo que las opciones para desplazarse a ella son m\u00faltiples.<\/p>\n<p>Si no usamos un veh\u00edculo propio y llegamos en autob\u00fas, nuestra ruta terminar\u00e1 en la\u00a0Estaci\u00f3n de autobuses de M\u00e1laga, situada a 10 minutos andando del centro de M\u00e1laga, junto a la estaci\u00f3n de tren \u201cMar\u00eda Zambrano\u201d, por lo que estaremos comunicados tanto con los autobuses de linea de toda la ciudad, como con trenes de cercan\u00edas.<\/p>\n<p>Esta estaci\u00f3n tiene conexiones con todos los municipios de la provincia y los principales de Espa\u00f1a y Europa.<\/p>\n<p>Si llegamos\u00a0en\u00a0tren, llegar\u00e9mos a la estaci\u00f3n de \u201cMar\u00eda Zambrano\u201c, con unas conexiones excelentes, tanto de cercan\u00edas como de largo recorrido con trenes diarios a Madrid, Cordoba o Barcelona entre otros. Cuenta con linea de alta velocidad, lo que hace que podamos estar en 2 horas y media en Madrid.<\/p>\n<p>En el caso de que\u00a0aterricemos en avi\u00f3n, lo haremos en el arepuerto internacional M\u00e1laga AGP, tercer aeropuerto de la pen\u00ednsula y cuarto en n\u00famero de pasajeros en Espa\u00f1a, sus conexiones se centran principalmente en unir M\u00e1laga con las principales ciudades del pa\u00eds, con Europa, EE.UU.,\u00a0 Norte de \u00c1frica y Oriente Medio, con la reciente inauguraci\u00f3n en el mes de Marzo de la tercera terminal, se espera un aumento considerable de sus vuelos.<\/p>\n<p>\u00a0Su conexi\u00f3n con M\u00e1laga capital se hace por medio de la\u00a0l\u00ednea 19 del autob\u00fas urbano\u00a0o con los\u00a0trenes de cercan\u00edas\u00a0que nos dejar\u00edan en el mismo centro de la ciudad, aunque tambi\u00e9n dispone de taxis en la misma puerta del aeropuerto.<\/p>\n<p>&nbsp;<\/p>\n<p><strong>C\u00f3mo moverse por M\u00e1laga<\/strong><\/p>\n<p>M\u00e1laga es relativamente grande, aunque la zona centro se puede visitar sin problemas a pie, \u00e1rea donde est\u00e1n la mayor\u00eda de puntos de inter\u00e9s a visitar y donde se encuentra nuestra <strong>Escuela de Negocio<\/strong>s, a 50 metros de la Catedral de M\u00e1laga, centro neur\u00e1lgico de la ciudad.<\/p>\n<p>El transporte urbano est\u00e1 muy bien organizado, hay\u00a043 lineas de autob\u00fas\u00a0que cubren todas las zonas (incluyendo 3 circulares y otros 3 nocturnos), el billete sencillo cuesta 1,10 euros, si bien hay abonos mucho m\u00e1s econ\u00f3micos.<\/p>\n<p>El metro cuenta con 3 lineas, las 2 primeras que unen las zonas de la Carretera de C\u00e1diz y Teatinos ,<\/p>\n<p>Otra opci\u00f3n como es natural es coger un taxi, Uber o Cabify con casi 2500 de ellos repartidos por todo el municipio, no ser\u00e1 complicado encontrar uno, ya sea en las paradas reservadas para ello o por medio de tel\u00e9fono o app.\u00a0<\/p>\n<p>&nbsp;<\/p>\n<h3><strong><\/strong><\/h3>\n<h3><strong><\/strong><\/h3>\n<h3><strong>Costes para vivir en M\u00e1laga<\/strong><\/h3>\n<p>Una aproximaci\u00f3n de los costes por mes en M\u00e1laga ser\u00eda la siguiente:<\/p>\n<ul>\n<li>Alojamiento El alquiler \u20ac250\/mes (habitaci\u00f3n compartida)<\/li>\n<li>Comida \u20ac 150\/mes\u00a0<\/li>\n<li>Otros gastos \u20ac 150 \/mes<\/li>\n<\/ul>\n<p>Si comes fuera por temas de trabajo, el precio de una comida o almuerzo suele rondar los 9 \u20ac aunque tambi\u00e9n puedes optar por un men\u00fa de comida r\u00e1pida por unos 7 \u20ac.<\/p>\n<p>\u00bfUn mes de gimnasio? Puedes encontrar gimnasios desde 25 \u20ac<\/p>\n<p>&nbsp;<\/p>\n<p>Total aproximado:\u00a0 \u20ac550 \/mes<\/p>\n<p><strong>Bancos y tarjeta de cr\u00e9dito<\/strong><\/p>\n<p>El sistema bancario cumple con todos los est\u00e1ndares internacionales y dispone de una gran red de oficinas y cajeros autom\u00e1ticos. El uso de las\u00a0tarjetas de cr\u00e9dito\u00a0est\u00e1 ampliamente extendido y se pueden usar en la mayor\u00eda de tiendas, restaurantes, etc.<\/p>\n<p>Para abrir una cuenta\u00a0bancaria es necesario tener el\u00a0n\u00famero\/tarjeta de NIE.<\/p>\n<p>Si tu estancia va a ser larga ser\u00e1 conveniente que abras una cuenta bancaria en Espa\u00f1a. Tambi\u00e9n te recomendamos que antes de salir de tu pa\u00eds consultes con tu banco las comisiones por usar tu\u00a0TARJETA en el extranjero, as\u00ed como las condiciones para la transferencia de dinero.<\/p>\n<p>&nbsp;<\/p>\n<h3><strong>Alojamiento<\/strong><\/h3>\n<p><span style=\"font-size: 14px;\">\u00a0<\/span><\/p>\n<p><strong>Para estancias largas<\/strong><\/p>\n<p>Si te quedas aqui por una temporada larga y has decidido seguir una formaci\u00f3n de postgrado (M\u00e1ster) en la C\u00e1mara de M\u00e1laga, te recomendamos el alquiler de una habitaci\u00f3n o apartemento cerca del centro de la ciudad. Hay muchas p\u00e1ginas web que ofrecen habitaciones y apartementos para alquilar, como ejemplo:<\/p>\n<p><a href=\"http:\/\/www.enalquiler.com\" target=\"_blank\" rel=\"noopener\">www.enalquiler.com<\/a>,<\/p>\n<p><a href=\"http:\/\/www.easypiso.com\" target=\"_blank\" rel=\"noopener\">www.easypiso.com<\/a>,<\/p>\n<p><a href=\"http:\/\/www.pisocompartido.com\/habitaciones-malaga\" target=\"_blank\" rel=\"noopener\">www.pisocompartido.com\/habitaciones-malaga<\/a><\/p>\n<p><a href=\"http:\/\/www.idealista.com\/alquiler-habitacion\/malaga-malaga\/\" target=\"_blank\" rel=\"noopener\">www.idealista.com\/alquiler-habitacion\/malaga-malaga\/<\/a><\/p>\n<p><a href=\"http:\/\/www.segundamano.es\/pisos-compartidos-y-habitaciones-malaga\/\" target=\"_blank\" rel=\"noopener\">www.segundamano.es\/pisos-compartidos-y-habitaciones-malaga\/<\/a><\/p>\n<p><a href=\"http:\/\/spain.gabinohome.com\/en\/rent+room\/malaga\" target=\"_blank\" rel=\"noopener noreferrer\"><\/a><\/p>\n<p>&nbsp;<\/p>\n<p>[\/et_pb_text][\/et_pb_column][et_pb_column type=\u00bb1_4&#8243; _builder_version=\u00bb3.0.47&#8243;][et_pb_sidebar area=\u00bbsidebar-1&#8243; admin_label=\u00bbSidebar\u00bb _builder_version=\u00bb3.0.74&#8243;] [\/et_pb_sidebar][et_pb_sidebar area=\u00bbet_pb_widget_area_2&#8243; admin_label=\u00bbSidebar\u00bb _builder_version=\u00bb3.0.74&#8243;] [\/et_pb_sidebar][\/et_pb_column][\/et_pb_row][\/et_pb_section]<\/p>\n","protected":false},"excerpt":{"rendered":"<p>Informaci\u00f3n pr\u00e1ctica El M\u00e1ster en Internacionalizaci\u00f3n de Empresas lo cursan muchos estudiantes extranjeros, por ellos nos vemos en la obligaci\u00f3n de facilitarles informaci\u00f3n muy pr\u00e1ctica para que su estancia en M\u00e1laga sea lo m\u00e1s c\u00f3moda posible, adem\u00e1s desde la administraci\u00f3n del M\u00e1ster nos ofrecemos a ayudarle para cualquier gesti\u00f3n que precise en su proceso de [&hellip;]<\/p>\n","protected":false},"author":2,"featured_media":0,"parent":0,"menu_order":0,"comment_status":"closed","ping_status":"open","template":"","meta":{"_et_pb_use_builder":"on","_et_pb_old_content":"<h1>\u00a0<\/h1><p>\u00a0<\/p>","_et_gb_content_width":"","footnotes":""},"class_list":["post-1771","page","type-page","status-publish","hentry"],"_links":{"self":[{"href":"https:\/\/mastercomercioexterior.es\/malaga\/wp-json\/wp\/v2\/pages\/1771","targetHints":{"allow":["GET"]}}],"collection":[{"href":"https:\/\/mastercomercioexterior.es\/malaga\/wp-json\/wp\/v2\/pages"}],"about":[{"href":"https:\/\/mastercomercioexterior.es\/malaga\/wp-json\/wp\/v2\/types\/page"}],"author":[{"embeddable":true,"href":"https:\/\/mastercomercioexterior.es\/malaga\/wp-json\/wp\/v2\/users\/2"}],"replies":[{"embeddable":true,"href":"https:\/\/mastercomercioexterior.es\/malaga\/wp-json\/wp\/v2\/comments?post=1771"}],"version-history":[{"count":0,"href":"https:\/\/mastercomercioexterior.es\/malaga\/wp-json\/wp\/v2\/pages\/1771\/revisions"}],"wp:attachment":[{"href":"https:\/\/mastercomercioexterior.es\/malaga\/wp-json\/wp\/v2\/media?parent=1771"}],"curies":[{"name":"wp","href":"https:\/\/api.w.org\/{rel}","templated":true}]}}