{"id":1661,"date":"2015-03-19T09:03:00","date_gmt":"2015-03-19T08:03:00","guid":{"rendered":"http:\/\/mastercomercioexterior.es\/malaga\/?page_id=1661"},"modified":"2015-04-09T16:12:36","modified_gmt":"2015-04-09T14:12:36","slug":"malaga-study-master","status":"publish","type":"page","link":"https:\/\/mastercomercioexterior.es\/malaga\/malaga-study-master\/","title":{"rendered":"Why Malaga for study a Master?"},"content":{"rendered":"<p>[et_pb_section][et_pb_row][et_pb_column type=\u00bb3_4&#8243;][et_pb_image admin_label=\u00bbImage\u00bb src=\u00bbhttps:\/\/mastercomercioexterior.es\/malaga\/wp-content\/uploads\/2015\/03\/why-malaga-for-study.jpg\u00bb show_in_lightbox=\u00bboff\u00bb url_new_window=\u00bboff\u00bb animation=\u00bboff\u00bb \/][et_pb_text admin_label=\u00bbText\u00bb background_layout=\u00bblight\u00bb text_orientation=\u00bbleft\u00bb]<\/p>\n<p><strong>Get to know Andalusia and M\u00e1laga<\/strong><\/p>\n<p>M\u00e1laga, the city situated on the coast of the Mediterranean Sea, is the second biggest city of southern Spain, has 600,000 inhabitants and a coast line of 10 kilometres.<\/p>\n<p>The city is famous for its beaches, tourism, historical and cultural background and its pleasant climate.\u00a0Moreover, the people are very open and easy-going.<\/p>\n<p>This altogether makes M\u00e1laga an excellent place to live, work and study. It is Pablo Picasso\u2019s birthplace, it has many museums and you can find many old buildings such as the Roman theatre and la Manquita also buildings dated from the period the Moors ruled Malaga. However nowadays Malaga has become an important commercial centre again.<\/p>\n<p>The city is now considered the most important technological and commercial centre of Andalusia and accommodates excellent shopping centres, has many sport facilities and a vibrant nightlife. More recently the city is working on a project to facilitate a metro line which will connect the most important city districts.<\/p>\n<p>The capital of the Costa del Sol counts more than 40,000 students which study at the University of Malaga and Malaga is also very popular for foreign students. Every year at least 1000 new exchange students come to Malaga to study. Furthermore many people come to Malaga to study at one of the many language schools you can find here. Spanish is the 3th most spoken language and is becoming increasingly important.<\/p>\n<p>Malaga is situated between the coast line and the mountains. If you would like to take a day off, away from the noise city, you could easily take a hike or go for\u00a0a walk through the mountains in the north of Malaga, travel to other beautiful cities nearby M\u00e1laga such as Granada or C\u00f3rdoba or just relax\u00a0on the beach.<\/p>\n<p>&nbsp;<\/p>\n<p><strong>Business environment<\/strong><\/p>\n<p>Malaga is the most important commercial and technological centre of Andalusia. The economy of Malaga is above the average of Spain and surpasses the Andalusian and Spanish economic growth. The most dynamic sectors in Malaga are tourism, construction, agriculture and technology and technology services. Others sectors such as transportation and logistics are growing. Many important companies are stationed in Malaga such as Hojiblanca, Isofot\u00f3n, Sondo and Unicaja. Aslo, since 1992 the Andalusian technology park has been\u00a0stationed in M\u00e1laga. Here many companies have their research and development centres and laboratories. Nowadays, this high-tech science and industrial park is home to 509 companies and 13,600 employees.<\/p>\n<p>The growth of this technology park corresponds to the ambition of Malaga to become the European Silicon Valley. The presence of the University of Malaga, the technology park and other education centres are a strong foundation to provide local and multinational companies stationed in Malaga with educated employees.<\/p>\n<p><strong>The chamber of commerce in Malaga<\/strong> provides entrepreneurs and ambitious students education of high quality with a highly practical approach.\u00a0Furthermore if you pursue a course of study at the Chamber of Commerce, you not only have the advantage of receiving a high quality education\u00a0with teachers who have a wealth of experience in the practice, but you can also benefit from the network the Chamber of Commerce has with teacher which have allot of experience in the practice, but you can also benefit of the network the Chamber of Commerce has with other Chambers of Commerce and companies.<\/p>\n<p>&nbsp;<\/p>\n<p><strong>Why M\u00e1laga?<\/strong><\/p>\n<p>Malaga provides you the perfect study and living environment with many entrepreneurial opportunities.Studying in the commercial and technological capital of Andalusia accesses you to many highly valued education centres,\u00a0enabling the creation of commercial networks with local companies. Let the City of Pablo Picasso and Costa del Sol inspire you! Malaga offers low cost transportation, excellent weather, culture, innovation, developed tourism industry, low cost accommodation\u2026..\u00a0It\u2019s the best place to study your Postgraduate. \u00a0 <iframe loading=\"lazy\" src=\"https:\/\/www.youtube.com\/embed\/s5RyHBTK7nY\" width=\"250\" height=\"188\" frameborder=\"0\" allowfullscreen=\"allowfullscreen\"><\/iframe><\/p>\n<p>&nbsp;<\/p>\n<p><strong>Andalusia<\/strong><\/p>\n<p>Andalusia is the most populous and second largest autonomous region of Spain and is divided in 8 different provinces. The name Andalusia comes from the time the Moors had control of this region.<\/p>\n<p>They called it Al-Andalus. Many things of the Spanish culture originate from Andalusia, such as bull fighting. The province has a high variety of different landscapes. Andalusia is located on the Mediterranean Sea but also the Atlantic Ocean in the west. In addition, you can find desert, huge forests, wetlands and huge protected nature parks. Alongside Malaga, Andalusia knows many other cultural highly valued cities, such as C\u00f3rdoba, Granada and Seville.<\/p>\n<p>Here you can see historical buildings such as the Alhambra in Granada, LA Mezquita in C\u00f3rdoba and you can experience the typical Spanish vibe, seeing people doing the flamenco on the streets, having some tapas on a terrace. \u00a0Discoveries of beautiful small villages are found throughout the whole of Andalusia.<\/p>\n<p>&nbsp;<\/p>\n<p><strong>Health system<\/strong><\/p>\n<p>Spain has a very large public health service. There are many health centres and even in the smallest villages you can find a health centre. Spanish people do get these services for free. If you own a European Health Insurance Card you can also benefit from these free services.<\/p>\n<p>The province of Malaga has 6 health districts and in every district is at least one large hospital. These 6 health districts are La Vega in Antequera, Serran\u00eda in Ronda, Valle del Guadalhorce in C\u00e1rtama, Malaga in Malaga city Costa del Sol in Mijas and Axarqu\u00eda based in V\u00e9lez-M\u00e1laga. In the centre of the province are hospitals in Malaga city, called Materno Infantil, Hospital Civil, Hospital Virgen de la Victoria and Hospital Regional Carlos Haya.<\/p>\n<p>For routine medical consultations, patients are advised to go to a polyclinic nearby or a health centre. However if you look for specialists you should go to a health centre. There are many hospitals and ambulance services across the province which means that citizens of Spain have access to qualified medical staff wherever they are. Emergency phones are: 061 and 112. Languages spoken on the emergency phones are Spanish, English, French and German. Why M\u00e1laga for a master? <iframe loading=\"lazy\" src=\"https:\/\/www.youtube.com\/embed\/9Na4yYZH2Hg\" width=\"560\" height=\"315\" frameborder=\"0\" allowfullscreen=\"allowfullscreen\"><\/iframe><\/p>\n<p>[\/et_pb_text][\/et_pb_column][et_pb_column type=\u00bb1_4&#8243;][et_pb_sidebar admin_label=\u00bbSidebar\u00bb orientation=\u00bbleft\u00bb area=\u00bbet_pb_widget_area_7&#8243; background_layout=\u00bblight\u00bb \/][\/et_pb_column][\/et_pb_row][\/et_pb_section]<\/p>\n","protected":false},"excerpt":{"rendered":"<p><div class=\"et_pb_section et_pb_section_0 et_section_regular\" >\n\t\t\t\t\n\t\t\t\t\n\t\t\t\t\n\t\t\t\t\n\t\t\t\t\n\t\t\t\t\n\t\t\t\t\n\t\t\t\t\n\t\t\t\t\n\t\t\t<\/div><div class=\"et_pb_row et_pb_row_0 et_pb_row_empty\">\n\t\t\t\t\n\t\t\t\t\n\t\t\t\t\n\t\t\t\t\n\t\t\t\t\n\t\t\t<\/div> Get to know Andalusia and M\u00e1laga M\u00e1laga, the city situated on the coast of the Mediterranean Sea, is the second biggest city of southern Spain, has 600,000 inhabitants and a coast line of 10 kilometres. The city is famous for its beaches, tourism, historical and cultural background and its pleasant climate.\u00a0Moreover, the people are [&hellip;]<\/p>\n","protected":false},"author":2,"featured_media":0,"parent":0,"menu_order":0,"comment_status":"closed","ping_status":"open","template":"","meta":{"_et_pb_use_builder":"on","_et_pb_old_content":"","_et_gb_content_width":"","footnotes":""},"class_list":["post-1661","page","type-page","status-publish","hentry"],"_links":{"self":[{"href":"https:\/\/mastercomercioexterior.es\/malaga\/wp-json\/wp\/v2\/pages\/1661","targetHints":{"allow":["GET"]}}],"collection":[{"href":"https:\/\/mastercomercioexterior.es\/malaga\/wp-json\/wp\/v2\/pages"}],"about":[{"href":"https:\/\/mastercomercioexterior.es\/malaga\/wp-json\/wp\/v2\/types\/page"}],"author":[{"embeddable":true,"href":"https:\/\/mastercomercioexterior.es\/malaga\/wp-json\/wp\/v2\/users\/2"}],"replies":[{"embeddable":true,"href":"https:\/\/mastercomercioexterior.es\/malaga\/wp-json\/wp\/v2\/comments?post=1661"}],"version-history":[{"count":0,"href":"https:\/\/mastercomercioexterior.es\/malaga\/wp-json\/wp\/v2\/pages\/1661\/revisions"}],"wp:attachment":[{"href":"https:\/\/mastercomercioexterior.es\/malaga\/wp-json\/wp\/v2\/media?parent=1661"}],"curies":[{"name":"wp","href":"https:\/\/api.w.org\/{rel}","templated":true}]}}