{"id":1658,"date":"2015-03-19T08:57:20","date_gmt":"2015-03-19T07:57:20","guid":{"rendered":"http:\/\/mastercomercioexterior.es\/malaga\/?page_id=1658"},"modified":"2015-04-09T16:06:34","modified_gmt":"2015-04-09T14:06:34","slug":"practical-information-master","status":"publish","type":"page","link":"https:\/\/mastercomercioexterior.es\/malaga\/practical-information-master\/","title":{"rendered":"Practical Information Master"},"content":{"rendered":"<p>[et_pb_section][et_pb_row][et_pb_column type=\u00bb3_4&#8243;][et_pb_image admin_label=\u00bbImage\u00bb src=\u00bbhttps:\/\/mastercomercioexterior.es\/malaga\/wp-content\/uploads\/2015\/03\/practical-information-master-mib.jpg\u00bb show_in_lightbox=\u00bboff\u00bb url_new_window=\u00bboff\u00bb animation=\u00bboff\u00bb \/][et_pb_text admin_label=\u00bbText\u00bb background_layout=\u00bblight\u00bb text_orientation=\u00bbleft\u00bb]<\/p>\n<h1>Practical information<\/h1>\n<p>&nbsp;<\/p>\n<h2>Getting here<\/h2>\n<p>There are different ways to arrive in M\u00e1laga.\u00a0You could arrive by train, plane or car. M\u00e1laga has a very big airport and from there you can easily access the city centre by train or car.<\/p>\n<p><strong>With plane<\/strong><\/p>\n<p>If you arrive by plane you can get to the city either by taxi or bus.<\/p>\n<p>When you arrive at the airport, many taxis will be waiting for you at the exit to take to\u00a0your destination but if you want to save money, you can also choose to take the bus.\u00a0You will need to take bus number A75 which leaves from the front of terminal 3. The first bus leaves at 7am and the last one leaves at midnight.<\/p>\n<p>&nbsp;<\/p>\n<p><strong>Arrive with train or car<\/strong><\/p>\n<p>There are many possibilities to go to M\u00e1laga with train or by car. The roads to M\u00e1laga are connected with every important main road in Spain and furthermore is and the railway is also connected to every Spanish city and indirectly also with all important cities throughout Europe. The railroad company is: Renfe<\/p>\n<p>&nbsp;<\/p>\n<p><strong>Transport in the city<\/strong><\/p>\n<p>If you live in the centre of the city you virtually never need transport and you can walk to the school of the Chamber of Commerce but if you want to travel within the city\u00a0you can do this the following ways:<\/p>\n<ul>\n<li>Metro For more information about schedules and prices: <a href=\"http:\/\/metromalaga.es\/\" target=\"_blank\" rel=\"noopener\">http:\/\/metromalaga.es\/<\/a><\/li>\n<li>Bus For more information about schedules and prices: <a href=\"http:\/\/www.emtmalaga.es\/\" target=\"_blank\" rel=\"noopener\">http:\/\/www.emtmalaga.es\/<\/a><\/li>\n<li>Taxi<\/li>\n<\/ul>\n<p>Costs of life<\/p>\n<p>Here below you can see an approximation of the costs living a month in M\u00e1laga\u00a0based on an average lifestyle.<\/p>\n<ul>\n<li><strong>Housing <\/strong>rent \u20ac250<\/li>\n<li><strong>Food <\/strong>\u20ac 160 per month<\/li>\n<li><strong>Other costs <\/strong>\u20ac 200<\/li>\n<\/ul>\n<p><strong>Total:\u00a0 \u20ac610<\/strong><\/p>\n<p><strong>Banking and creditcard<\/strong><\/p>\n<p>The banking system complies completely to international standards\u00a0and the city has a major network of different bank offices and automatic tellers. Credit cards are extensively used and are accepted in the majority of shops, restaurants, etc. To open a bank account\u00a0you need to have a\u00a0NIE (Spanish foreign national ID) number \/ card.<\/p>\n<p>If your stay is longer it would be advised for convenience to open a bank account in Spain.<\/p>\n<p>We also recommend you consult with your bank before leaving your country about their fees for using your\u00a0credit or debit card abroad, as well as money transfer conditions.<\/p>\n<p>&nbsp;<\/p>\n<h1>Housing<\/h1>\n<p><strong>Housing service<\/strong><\/p>\n<p><strong>Short visits ( till 3 weeks)<\/strong><\/p>\n<p>On the internet you can find many services which helps you find a place to stay during your time in M\u00e1laga.\u00a0If you only stay for a few days or you want to stay longer than 3 weeks, we recommend you rent an apartment or stay in a hotel or hostel.<\/p>\n<p><strong>Apartments<\/strong><\/p>\n<p>There are websites which offers apartments that you can rent per week and that is why these websites are suitable to find apartments for your short visit.<\/p>\n<p><a href=\"http:\/\/www.wimdu.es\/malaga\" target=\"_blank\" rel=\"noopener\">http:\/\/www.wimdu.es\/malaga<\/a><\/p>\n<p><a href=\"http:\/\/www.airbnb.com\" target=\"_blank\" rel=\"noopener\">www.airbnb.com<\/a><\/p>\n<p>This is a website that offers all kinds of apartments and you can search your apartment with your own selected criteria such as:<\/p>\n<ul>\n<li>Districts( the district of the Chamber of Commerce is called Nuevo Centro and is situated in the heart of the city)<\/li>\n<li>Price (displays the price per day)<\/li>\n<li>Type of housing (apartment, house, private room)<\/li>\n<li>Services( internet\/washing machine\/ balcony)<\/li>\n<\/ul>\n<p>The advantage of this page is that you can change the website into English, German, French or any other language.<\/p>\n<p><strong>Hostel\/Hotel<\/strong><\/p>\n<p>The tourism industry is very big in M\u00e1laga and M\u00e1laga also has the capacity and facilities to cope with the numerous tourists arriving in M\u00e1laga. There are numerous hotels and hostels in M\u00e1laga and you can find these hotels and hostels on well-known websites such as Booking.com or Tripadvisor.com. We recommend to you some suitable hotels\u00a0for your stay in M\u00e1laga. It is not very expensive and you can stay at the most wonderful places in the center\u00a0 of the city.<\/p>\n<p><strong>Alcazaba Premium Hostel<\/strong><\/p>\n<p>This hotel is not expensive and is located very close to the Chamber of Commerce ( 5 minutes walking), furthermore you have a view of the roman theatre and the cathedral. It is located in the heart of the city and you can find numerous shops, restaurants and bars around the hostel. With the comfortable rooms, the favorable price and the location in the center of the city and close to the Chamber of Commerce, is\u00a0the Alcazaba Premium Hostel is a very suitable place to stay during your time in M\u00e1laga.<\/p>\n<p>There are many other hotels and hostels surrounding the Chamber of Commerce and you can find these by websites such as Booking.com or Tripadvisor.com.\u00a0You can find all kinds of hotels and hostels offering various facilities and favorable rates.<\/p>\n<p>&nbsp;<\/p>\n<p><strong>Long stay (more than 3 weeks)<\/strong><\/p>\n<p>If you stay for a longer period than 3 weeks and you have decided to undertake a course of education with the Chamber of Commerce, we recommend that you rent a flat\u00a0or apartment close to the city center.\u00a0There are many website which offer apartments and flats to rent.<\/p>\n<p>We suggest that you find a room close to the city center or in the center of the city because then you will be also close to the school of the Chamber of Commerce and you do not need to travel much every day which will also prevent you to spend extra money on travelling.<\/p>\n<p>Here below you can see some websites where you can find rooms and apartments in M\u00e1laga:<\/p>\n<p><a href=\"http:\/\/www.idealista.com\/alquiler-habitacion\/malaga-malaga\/\" target=\"_blank\" rel=\"noopener\">http:\/\/www.idealista.com\/alquiler-habitacion\/malaga-malaga\/<\/a><\/p>\n<p>http:\/\/www.segundamano.es\/pisos-compartidos-y-habitaciones-malaga\/<\/p>\n<p>This website offers private rooms but you will share the living room and kitchen together with other students. The majority of the people are young and are Erasmus students. You can also visit the website in English.<\/p>\n<p>If you want more privacy, you can rent a flat or apartment. Visit the following websites:<\/p>\n<p><a href=\"http:\/\/www.enalquiler.com\/alquilar\/alquiler-apartamentos-malaga_0_27903_31.html\" target=\"_blank\" rel=\"noopener\">http:\/\/www.enalquiler.com\/alquilar\/alquiler-apartamentos-malaga_0_27903_31.html<\/a><\/p>\n<p><a href=\"http:\/\/www.milanuncios.com\/alquiler-de-apartamentos-en-malaga-malaga\/\" target=\"_blank\" rel=\"noopener\">http:\/\/www.milanuncios.com\/alquiler-de-apartamentos-en-malaga-malaga\/<\/a><\/p>\n<p>On these websites you can find suitable apartments and flats for your stay in M\u00e1laga. The costs are a bit higher than a shared room but you will have more privacy and you will have more space in your own apartment or flat. The pages mentioned above are only offered in Spanish and not in English or any other language.<\/p>\n<p>If you want to use website which is translated in English, you should visit the following website:<\/p>\n<p><a href=\"http:\/\/spain.gabinohome.com\/en\/rent+room\/malaga\" target=\"_blank\" rel=\"noopener\">http:\/\/spain.gabinohome.com\/en\/rent+room\/malaga<\/a><\/p>\n<p>&nbsp;<\/p>\n<p>[\/et_pb_text][\/et_pb_column][et_pb_column type=\u00bb1_4&#8243;][et_pb_sidebar admin_label=\u00bbSidebar\u00bb orientation=\u00bbleft\u00bb area=\u00bbet_pb_widget_area_7&#8243; background_layout=\u00bblight\u00bb \/][\/et_pb_column][\/et_pb_row][\/et_pb_section]<\/p>\n","protected":false},"excerpt":{"rendered":"<p><div class=\"et_pb_section et_pb_section_0 et_section_regular\" >\n\t\t\t\t\n\t\t\t\t\n\t\t\t\t\n\t\t\t\t\n\t\t\t\t\n\t\t\t\t\n\t\t\t\t\n\t\t\t\t\n\t\t\t\t\n\t\t\t<\/div><div class=\"et_pb_row et_pb_row_0 et_pb_row_empty\">\n\t\t\t\t\n\t\t\t\t\n\t\t\t\t\n\t\t\t\t\n\t\t\t\t\n\t\t\t<\/div> Practical information &nbsp; Getting here There are different ways to arrive in M\u00e1laga.\u00a0You could arrive by train, plane or car. M\u00e1laga has a very big airport and from there you can easily access the city centre by train or car. With plane If you arrive by plane you can get to the city either [&hellip;]<\/p>\n","protected":false},"author":2,"featured_media":0,"parent":0,"menu_order":0,"comment_status":"closed","ping_status":"open","template":"","meta":{"_et_pb_use_builder":"on","_et_pb_old_content":"","_et_gb_content_width":"","footnotes":""},"class_list":["post-1658","page","type-page","status-publish","hentry"],"_links":{"self":[{"href":"https:\/\/mastercomercioexterior.es\/malaga\/wp-json\/wp\/v2\/pages\/1658","targetHints":{"allow":["GET"]}}],"collection":[{"href":"https:\/\/mastercomercioexterior.es\/malaga\/wp-json\/wp\/v2\/pages"}],"about":[{"href":"https:\/\/mastercomercioexterior.es\/malaga\/wp-json\/wp\/v2\/types\/page"}],"author":[{"embeddable":true,"href":"https:\/\/mastercomercioexterior.es\/malaga\/wp-json\/wp\/v2\/users\/2"}],"replies":[{"embeddable":true,"href":"https:\/\/mastercomercioexterior.es\/malaga\/wp-json\/wp\/v2\/comments?post=1658"}],"version-history":[{"count":0,"href":"https:\/\/mastercomercioexterior.es\/malaga\/wp-json\/wp\/v2\/pages\/1658\/revisions"}],"wp:attachment":[{"href":"https:\/\/mastercomercioexterior.es\/malaga\/wp-json\/wp\/v2\/media?parent=1658"}],"curies":[{"name":"wp","href":"https:\/\/api.w.org\/{rel}","templated":true}]}}