{"id":1635,"date":"2015-03-18T16:55:22","date_gmt":"2015-03-18T15:55:22","guid":{"rendered":"http:\/\/mastercomercioexterior.es\/malaga\/?page_id=1635"},"modified":"2026-02-21T13:17:35","modified_gmt":"2026-02-21T12:17:35","slug":"technical-information","status":"publish","type":"page","link":"https:\/\/mastercomercioexterior.es\/malaga\/technical-information\/","title":{"rendered":"Technical information"},"content":{"rendered":"<p>[et_pb_section fb_built=\u00bb1&#8243; admin_label=\u00bbsection\u00bb _builder_version=\u00bb4.16&#8243; global_colors_info=\u00bb{}\u00bb][et_pb_row column_structure=\u00bb3_4,1_4&#8243; admin_label=\u00bbrow\u00bb _builder_version=\u00bb4.16&#8243; background_size=\u00bbinitial\u00bb background_position=\u00bbtop_left\u00bb background_repeat=\u00bbrepeat\u00bb global_colors_info=\u00bb{}\u00bb][et_pb_column type=\u00bb3_4&#8243; _builder_version=\u00bb4.16&#8243; custom_padding=\u00bb|||\u00bb global_colors_info=\u00bb{}\u00bb custom_padding__hover=\u00bb|||\u00bb][et_pb_image src=\u00bbhttps:\/\/mastercomercioexterior.es\/malaga\/wp-content\/uploads\/2015\/03\/thenical-information-master.jpg\u00bb align_tablet=\u00bbcenter\u00bb align_phone=\u00bb\u00bb align_last_edited=\u00bbon|desktop\u00bb admin_label=\u00bbImage\u00bb _builder_version=\u00bb4.16&#8243; animation=\u00bboff\u00bb global_colors_info=\u00bb{}\u00bb][\/et_pb_image][et_pb_text admin_label=\u00bbText\u00bb _builder_version=\u00bb4.27.5&#8243; background_size=\u00bbinitial\u00bb background_position=\u00bbtop_left\u00bb background_repeat=\u00bbrepeat\u00bb hover_enabled=\u00bb0&#8243; use_border_color=\u00bboff\u00bb global_colors_info=\u00bb{}\u00bb sticky_enabled=\u00bb0&#8243;][\/et_pb_text][et_pb_button button_text=\u00bbFICHA T\u00c9CNICA\u00bb _builder_version=\u00bb4.27.5&#8243; _module_preset=\u00bbdefault\u00bb button_url=\u00bbhttps:\/\/mastercomercioexterior.es\/malaga\/ficha-tecnica\/\u00bb custom_button=\u00bbon\u00bb button_text_color=\u00bbrgba(224,85,78,0.82)\u00bb button_alignment=\u00bbcenter\u00bb button_border_radius=\u00bb19px\u00bb button_letter_spacing=\u00bb2px\u00bb button_icon=\u00bb&#x24;||divi||400&#8243; box_shadow_style=\u00bbpreset1&#8243; box_shadow_spread=\u00bb-8px\u00bb hover_enabled=\u00bb0&#8243; sticky_enabled=\u00bb0&#8243;][\/et_pb_button][et_pb_divider color=\u00bb#dddddd\u00bb disabled_on=\u00bbon|on|off\u00bb admin_label=\u00bbDivider\u00bb _builder_version=\u00bb4.16&#8243; global_colors_info=\u00bb{}\u00bb][\/et_pb_divider][et_pb_map address=\u00bbC\u00e1mara Oficial de Comercio, Industria y Navegaci\u00f3n de la Provincia de M\u00e1laga, C\/ Cortina del Muelle, n\u00ba, 23, 29015 M\u00e1laga, M\u00e1laga, Espa\u00f1a\u00bb zoom_level=\u00bb16&#8243; address_lat=\u00bb36.71984492665099&#8243; address_lng=\u00bb-4.418577243061017&#8243; admin_label=\u00bbMap\u00bb _builder_version=\u00bb4.16&#8243; global_colors_info=\u00bb{}\u00bb][et_pb_map_pin title=\u00bbChamber of Commerce\u00bb pin_address=\u00bbC\u00e1mara Oficial de Comercio, Industria y Navegaci\u00f3n de la Provincia de M\u00e1laga, C\/ Cortina del Muelle, n\u00ba, 23, 29015 M\u00e1laga, M\u00e1laga, Espa\u00f1a\u00bb pin_address_lat=\u00bb36.719975&#8243; pin_address_lng=\u00bb-4.417844999999943&#8243; _builder_version=\u00bb3.0.47&#8243; global_colors_info=\u00bb{}\u00bb][\/et_pb_map_pin][\/et_pb_map][\/et_pb_column][et_pb_column type=\u00bb1_4&#8243; _builder_version=\u00bb4.16&#8243; custom_padding=\u00bb|||\u00bb global_colors_info=\u00bb{}\u00bb custom_padding__hover=\u00bb|||\u00bb][et_pb_sidebar area=\u00bbet_pb_widget_area_7&#8243; admin_label=\u00bbSidebar\u00bb _builder_version=\u00bb4.16&#8243; global_colors_info=\u00bb{}\u00bb][\/et_pb_sidebar][\/et_pb_column][\/et_pb_row][\/et_pb_section]<\/p>\n","protected":false},"excerpt":{"rendered":"","protected":false},"author":2,"featured_media":0,"parent":0,"menu_order":0,"comment_status":"closed","ping_status":"open","template":"","meta":{"_et_pb_use_builder":"on","_et_pb_old_content":"","_et_gb_content_width":"","footnotes":""},"class_list":["post-1635","page","type-page","status-publish","hentry"],"_links":{"self":[{"href":"https:\/\/mastercomercioexterior.es\/malaga\/wp-json\/wp\/v2\/pages\/1635","targetHints":{"allow":["GET"]}}],"collection":[{"href":"https:\/\/mastercomercioexterior.es\/malaga\/wp-json\/wp\/v2\/pages"}],"about":[{"href":"https:\/\/mastercomercioexterior.es\/malaga\/wp-json\/wp\/v2\/types\/page"}],"author":[{"embeddable":true,"href":"https:\/\/mastercomercioexterior.es\/malaga\/wp-json\/wp\/v2\/users\/2"}],"replies":[{"embeddable":true,"href":"https:\/\/mastercomercioexterior.es\/malaga\/wp-json\/wp\/v2\/comments?post=1635"}],"version-history":[{"count":7,"href":"https:\/\/mastercomercioexterior.es\/malaga\/wp-json\/wp\/v2\/pages\/1635\/revisions"}],"predecessor-version":[{"id":5463,"href":"https:\/\/mastercomercioexterior.es\/malaga\/wp-json\/wp\/v2\/pages\/1635\/revisions\/5463"}],"wp:attachment":[{"href":"https:\/\/mastercomercioexterior.es\/malaga\/wp-json\/wp\/v2\/media?parent=1635"}],"curies":[{"name":"wp","href":"https:\/\/api.w.org\/{rel}","templated":true}]}}