{"id":1424,"date":"2014-08-28T09:11:42","date_gmt":"2014-08-28T07:11:42","guid":{"rendered":"http:\/\/mastercomercioexterior.es\/malaga\/?page_id=1424"},"modified":"2025-05-18T20:06:24","modified_gmt":"2025-05-18T18:06:24","slug":"perfil-de-los-alumnos-master-internacional","status":"publish","type":"page","link":"https:\/\/mastercomercioexterior.es\/malaga\/perfil-de-los-alumnos-master-internacional\/","title":{"rendered":"Perfil de los alumnos master internacional"},"content":{"rendered":"<p>[et_pb_section fb_built=\u00bb1&#8243; admin_label=\u00bbsection\u00bb _builder_version=\u00bb4.16&#8243; global_colors_info=\u00bb{}\u00bb][et_pb_row column_structure=\u00bb3_4,1_4&#8243; admin_label=\u00bbrow\u00bb _builder_version=\u00bb4.16&#8243; background_size=\u00bbinitial\u00bb background_position=\u00bbtop_left\u00bb background_repeat=\u00bbrepeat\u00bb global_colors_info=\u00bb{}\u00bb][et_pb_column type=\u00bb3_4&#8243; _builder_version=\u00bb4.16&#8243; custom_padding=\u00bb|||\u00bb global_colors_info=\u00bb{}\u00bb custom_padding__hover=\u00bb|||\u00bb][et_pb_image src=\u00bbhttps:\/\/mastercomercioexterior.es\/malaga\/wp-content\/uploads\/2014\/08\/perfill.jpg\u00bb align_tablet=\u00bbcenter\u00bb align_phone=\u00bb\u00bb align_last_edited=\u00bbon|desktop\u00bb admin_label=\u00bbImage\u00bb _builder_version=\u00bb4.16&#8243; animation=\u00bboff\u00bb sticky=\u00bboff\u00bb use_border_color=\u00bboff\u00bb border_color=\u00bb#ffffff\u00bb border_style=\u00bbsolid\u00bb always_center_on_mobile=\u00bbon\u00bb global_colors_info=\u00bb{}\u00bb][\/et_pb_image][et_pb_text admin_label=\u00bbText\u00bb _builder_version=\u00bb4.27.4&#8243; background_size=\u00bbinitial\u00bb background_position=\u00bbtop_left\u00bb background_repeat=\u00bbrepeat\u00bb hover_enabled=\u00bb0&#8243; use_border_color=\u00bboff\u00bb border_color=\u00bb#ffffff\u00bb border_style=\u00bbsolid\u00bb global_colors_info=\u00bb{}\u00bb sticky_enabled=\u00bb0&#8243;]<\/p>\n<p>&nbsp;<\/p>\n<p>Los alumnos que deseen cursar el <strong>M\u00e1ster en Internacionalizaci\u00f3n de Empresas<\/strong> deber\u00e1n cumplir unos requisitos formales que garanticen el buen funcionamiento y un \u00f3ptimo aprovechamiento del mismo.<\/p>\n<p>Por ello los alumnos tendr\u00e1n que acreditar <strong>alguno<\/strong> de los siguientes requisitos:<\/p>\n<ul style=\"list-style-type: circle;\">\n<li>Condici\u00f3n de directivo o responsable del departamento de exportaci\u00f3n de una empresa.<\/li>\n<li>\u00a0Estar en posesi\u00f3n de alguna acreditaci\u00f3n acad\u00e9mica universitaria o experiencia profesional equivalente.<\/li>\n<li>Emprendedor con proyecto de internacionalizaci\u00f3n en marcha.<\/li>\n<\/ul>\n<p>&nbsp;<\/p>\n<p>En todo caso la admisi\u00f3n al M\u00e1ster Internacional de la C\u00e1mara de Comercio exige una <strong>entrevista previa con la direcci\u00f3n acad\u00e9mica<\/strong> que determinar\u00e1 la idoneidad del candidato para cursarlo.<\/p>\n<p>&nbsp;<\/p>\n<p>[\/et_pb_text][et_pb_text admin_label=\u00bbTexto\u00bb _builder_version=\u00bb4.27.4&#8243; background_size=\u00bbinitial\u00bb background_position=\u00bbtop_left\u00bb background_repeat=\u00bbrepeat\u00bb hover_enabled=\u00bb0&#8243; use_border_color=\u00bboff\u00bb border_color=\u00bb#ffffff\u00bb border_style=\u00bbsolid\u00bb global_colors_info=\u00bb{}\u00bb sticky_enabled=\u00bb0&#8243;]<\/p>\n<h4><span style=\"color: #a51014;\"><strong>\u25ca \u00bfA QUIEN VA DIRIGIDO EL MASTER MIE?<\/strong><\/span><\/h4>\n<p data-start=\"242\" data-end=\"443\" class=\"\">El M\u00e1ster en Internacionalizaci\u00f3n Empresarial (MIE) est\u00e1 dise\u00f1ado para profesionales y futuros l\u00edderes que buscan impulsar su carrera en el \u00e1mbito del comercio internacional. Este programa se dirige a:<\/p>\n<p data-start=\"242\" data-end=\"443\" class=\"\">\n<ul data-start=\"445\" data-end=\"1208\">\n<li data-start=\"445\" data-end=\"511\" class=\"\">\n<p data-start=\"447\" data-end=\"511\" class=\"\"><strong data-start=\"447\" data-end=\"461\">Directivos<\/strong> que desean expandir su negocio a nuevos mercados.<\/p>\n<\/li>\n<li data-start=\"512\" data-end=\"575\" class=\"\">\n<p data-start=\"514\" data-end=\"575\" class=\"\"><strong data-start=\"514\" data-end=\"545\">Empresarios y emprendedores<\/strong> con proyectos de exportaci\u00f3n.<\/p>\n<\/li>\n<li data-start=\"576\" data-end=\"637\" class=\"\">\n<p data-start=\"578\" data-end=\"637\" class=\"\"><strong data-start=\"578\" data-end=\"596\">Universitarios<\/strong> con vocaci\u00f3n y proyecci\u00f3n internacional.<\/p>\n<\/li>\n<li data-start=\"638\" data-end=\"713\" class=\"\">\n<p data-start=\"640\" data-end=\"713\" class=\"\"><strong data-start=\"640\" data-end=\"676\">Consultores, gestores y asesores<\/strong> especializados en comercio exterior.<\/p>\n<\/li>\n<li data-start=\"714\" data-end=\"802\" class=\"\">\n<p data-start=\"716\" data-end=\"802\" class=\"\"><strong data-start=\"716\" data-end=\"744\">Directivos y comerciales<\/strong> involucrados en operaciones de compraventa internacional.<\/p>\n<\/li>\n<li data-start=\"803\" data-end=\"874\" class=\"\">\n<p data-start=\"805\" data-end=\"874\" class=\"\"><strong data-start=\"805\" data-end=\"827\">Mandos intermedios<\/strong> en departamentos de Exportaci\u00f3n e Importaci\u00f3n.<\/p>\n<\/li>\n<li data-start=\"875\" data-end=\"949\" class=\"\">\n<p data-start=\"877\" data-end=\"949\" class=\"\"><strong data-start=\"877\" data-end=\"889\">Abogados<\/strong> especializados en Derecho Internacional o Derecho Mar\u00edtimo.<\/p>\n<\/li>\n<li data-start=\"950\" data-end=\"1007\" class=\"\">\n<p data-start=\"952\" data-end=\"1007\" class=\"\"><strong data-start=\"952\" data-end=\"1007\">Expertos en fiscalidad y tributaci\u00f3n internacional.<\/strong><\/p>\n<\/li>\n<li data-start=\"1008\" data-end=\"1067\" class=\"\">\n<p data-start=\"1010\" data-end=\"1067\" class=\"\"><strong data-start=\"1010\" data-end=\"1032\">Futuros directivos<\/strong> de empresas con proyecci\u00f3n global.<\/p>\n<\/li>\n<li data-start=\"1068\" data-end=\"1139\" class=\"\">\n<p data-start=\"1070\" data-end=\"1139\" class=\"\"><strong data-start=\"1070\" data-end=\"1110\">Transitarios y operadores log\u00edsticos<\/strong> con actividad internacional.<\/p>\n<\/li>\n<li data-start=\"1140\" data-end=\"1208\" class=\"\">\n<p data-start=\"1142\" data-end=\"1208\" class=\"\"><strong data-start=\"1142\" data-end=\"1175\">Ejecutivos de multinacionales<\/strong> que operan en entornos globales.<\/p>\n<\/li>\n<\/ul>\n<p>[\/et_pb_text][\/et_pb_column][et_pb_column type=\u00bb1_4&#8243; _builder_version=\u00bb4.16&#8243; custom_padding=\u00bb|||\u00bb global_colors_info=\u00bb{}\u00bb custom_padding__hover=\u00bb|||\u00bb][et_pb_testimonial author=\u00bbSalvador Fern\u00e1ndez G\u00f3mez\u00bb job_title=\u00bbEx alumno MIE 2015\/2016&#8243; admin_label=\u00bbRecomendaci\u00f3n\u00bb _builder_version=\u00bb4.16&#8243; background_size=\u00bbinitial\u00bb background_position=\u00bbtop_left\u00bb background_repeat=\u00bbrepeat\u00bb use_border_color=\u00bboff\u00bb border_color=\u00bb#ffffff\u00bb border_style=\u00bbsolid\u00bb global_colors_info=\u00bb{}\u00bb]Es un M\u00e1ster <strong>pr\u00e1ctico<\/strong>, todo el material esta subyace de casos pr\u00e1cticos reales, de los cuales te vas a encontrar algunos casos muy similares en tu d\u00eda a d\u00eda como profesional en comercio internacional.<\/p>\n<p><strong>Profesional<\/strong>, todo el cuerpo acad\u00e9mico esta <strong>compuesto por grand\u00edsimos profesionales<\/strong> de todas las \u00e1reas del comercio internacional, sin lugar a duda este es un gran punto a favor, puesto que gracias a ellos he adquirido una nueva visi\u00f3n sobre el comercio internacional.<br \/>\n[\/et_pb_testimonial][et_pb_sidebar area=\u00bbet_pb_widget_area_2&#8243; admin_label=\u00bbSidebar\u00bb _builder_version=\u00bb4.16&#8243; global_colors_info=\u00bb{}\u00bb][\/et_pb_sidebar][\/et_pb_column][\/et_pb_row][\/et_pb_section]<\/p>\n","protected":false},"excerpt":{"rendered":"<p>&nbsp; Los alumnos que deseen cursar el M\u00e1ster en Internacionalizaci\u00f3n de Empresas deber\u00e1n cumplir unos requisitos formales que garanticen el buen funcionamiento y un \u00f3ptimo aprovechamiento del mismo. Por ello los alumnos tendr\u00e1n que acreditar alguno de los siguientes requisitos: Condici\u00f3n de directivo o responsable del departamento de exportaci\u00f3n de una empresa. \u00a0Estar en posesi\u00f3n [&hellip;]<\/p>\n","protected":false},"author":2,"featured_media":0,"parent":0,"menu_order":0,"comment_status":"closed","ping_status":"closed","template":"","meta":{"_et_pb_use_builder":"on","_et_pb_old_content":"<p>\u00a0<\/p><p>Los alumnos que deseen cursar el M\u00e1ster en Internacionalizaci\u00f3n de Empresas deber\u00e1n cumplir unos requisitos formales que garanticen el buen funcionamiento y un \u00f3ptimo aprovechamiento del mismo.<\/p><p>Los alumnos tendr\u00e1n que acreditar alguno de los siguientes requisitos:<\/p><p>-\u00a0\u00a0\u00a0\u00a0\u00a0\u00a0\u00a0\u00a0\u00a0 Condici\u00f3n de directivo o responsable del departamento de exportaci\u00f3n de una empresa.<\/p><p>-\u00a0\u00a0\u00a0\u00a0\u00a0\u00a0\u00a0\u00a0\u00a0 Estar en posesi\u00f3n de alguna acreditaci\u00f3n acad\u00e9mica universitaria o experiencia profesional equivalente.<\/p><p>-\u00a0\u00a0\u00a0\u00a0\u00a0\u00a0\u00a0\u00a0\u00a0 Emprendedor con proyecto de internacionalizaci\u00f3n en marcha.<\/p>","_et_gb_content_width":"","footnotes":""},"class_list":["post-1424","page","type-page","status-publish","hentry"],"_links":{"self":[{"href":"https:\/\/mastercomercioexterior.es\/malaga\/wp-json\/wp\/v2\/pages\/1424","targetHints":{"allow":["GET"]}}],"collection":[{"href":"https:\/\/mastercomercioexterior.es\/malaga\/wp-json\/wp\/v2\/pages"}],"about":[{"href":"https:\/\/mastercomercioexterior.es\/malaga\/wp-json\/wp\/v2\/types\/page"}],"author":[{"embeddable":true,"href":"https:\/\/mastercomercioexterior.es\/malaga\/wp-json\/wp\/v2\/users\/2"}],"replies":[{"embeddable":true,"href":"https:\/\/mastercomercioexterior.es\/malaga\/wp-json\/wp\/v2\/comments?post=1424"}],"version-history":[{"count":4,"href":"https:\/\/mastercomercioexterior.es\/malaga\/wp-json\/wp\/v2\/pages\/1424\/revisions"}],"predecessor-version":[{"id":5329,"href":"https:\/\/mastercomercioexterior.es\/malaga\/wp-json\/wp\/v2\/pages\/1424\/revisions\/5329"}],"wp:attachment":[{"href":"https:\/\/mastercomercioexterior.es\/malaga\/wp-json\/wp\/v2\/media?parent=1424"}],"curies":[{"name":"wp","href":"https:\/\/api.w.org\/{rel}","templated":true}]}}