{"id":1397,"date":"2014-08-13T21:00:46","date_gmt":"2014-08-13T19:00:46","guid":{"rendered":"http:\/\/mastercomercioexterior.es\/malaga\/?page_id=1397"},"modified":"2021-08-21T11:38:42","modified_gmt":"2021-08-21T09:38:42","slug":"plan-de-desarrollo-personal","status":"publish","type":"page","link":"https:\/\/mastercomercioexterior.es\/malaga\/plan-de-desarrollo-personal\/","title":{"rendered":"Plan de desarrollo personal"},"content":{"rendered":"<p>[et_pb_section fb_built=\u00bb1&#8243; admin_label=\u00bbsection\u00bb _builder_version=\u00bb3.22&#8243; global_colors_info=\u00bb{}\u00bb][et_pb_row column_structure=\u00bb3_4,1_4&#8243; admin_label=\u00bbrow\u00bb _builder_version=\u00bb3.25&#8243; background_size=\u00bbinitial\u00bb background_position=\u00bbtop_left\u00bb background_repeat=\u00bbrepeat\u00bb global_colors_info=\u00bb{}\u00bb][et_pb_column type=\u00bb3_4&#8243; _builder_version=\u00bb3.25&#8243; custom_padding=\u00bb|||\u00bb global_colors_info=\u00bb{}\u00bb custom_padding__hover=\u00bb|||\u00bb][et_pb_image src=\u00bbhttps:\/\/mastercomercioexterior.es\/malaga\/wp-content\/uploads\/2014\/08\/PLAN-DE-DESARROLLO.jpg\u00bb align_tablet=\u00bbcenter\u00bb align_phone=\u00bb\u00bb align_last_edited=\u00bbon|desktop\u00bb admin_label=\u00bbImage\u00bb _builder_version=\u00bb3.23&#8243; animation=\u00bboff\u00bb global_colors_info=\u00bb{}\u00bb] [\/et_pb_image][et_pb_text admin_label=\u00bbText\u00bb _builder_version=\u00bb4.10.3&#8243; background_size=\u00bbinitial\u00bb background_position=\u00bbtop_left\u00bb background_repeat=\u00bbrepeat\u00bb hover_enabled=\u00bb0&#8243; use_border_color=\u00bboff\u00bb border_color=\u00bb#ffffff\u00bb border_style=\u00bbsolid\u00bb global_colors_info=\u00bb{}\u00bb sticky_enabled=\u00bb0&#8243;]<\/p>\n<p>La C\u00e1mara de Comercio de M\u00e1laga ofrece al alumnado que est\u00e9 cursando el M\u00e1ster de forma gratuita los siguientes servicios:<\/p>\n<p>&nbsp;<\/p>\n<h3><span style=\"color: #a51014;\"><strong>Bolsa de Empleo Activa<\/strong><\/span><\/h3>\n<p>La C\u00e1mara de Comercio de M\u00e1laga ofrece al alumnado su servicio de agencia de colocaci\u00f3n. Adem\u00e1s, se pone a disposici\u00f3n de los participantes el acceso a \u00ab<strong>Quiero Empleo<\/strong>\u201d, el Portal de Empleo exclusivo de las C\u00e1maras de Comercio.<\/p>\n<p>&nbsp;<\/p>\n<h3><span style=\"color: #a51014;\"><strong>\u00a0Pr\u00e1cticas en empresas.<\/strong><\/span><\/h3>\n<p>A partir del \u00faltimo trimestre del M\u00e1ster el estudiante puede solicitar la realizaci\u00f3n de <strong>Pr\u00e1cticas<\/strong> en algunas de las empresas m\u00e1s relevantes de M\u00e1laga.\u00a0<strong>\u00a0Ver listado empreas colaboardoras.<\/strong><\/p>\n<p>&nbsp;<\/p>\n<h3><span style=\"color: #a51014;\"><strong>Erasmus para j\u00f3venes empresarios y empresarias.<\/strong><\/span><\/h3>\n<p>La C\u00e1mara de Comercio de M\u00e1laga facilitar\u00e1 la gesti\u00f3n para la realizaci\u00f3n de <strong>pr\u00e1cticas en el exterior<\/strong>. Estas pr\u00e1cticas est\u00e1n destinadas a los j\u00f3venes andaluces que deseen adquirir experiencia de personas empresarias exitosas de diferentes pa\u00edses de la Uni\u00f3n Europea.<\/p>\n<p>Las pr\u00e1cticas ir\u00e1n dotadas con una bolsa de viaje de diferente cuant\u00eda en funci\u00f3n del destino.\u00a0<strong>\u00a0<\/strong><\/p>\n<p>&nbsp;<\/p>\n<h3><span style=\"color: #a51014;\"><strong>Orientaci\u00f3n profesional personalizada.<\/strong><\/span><\/h3>\n<p>Asesoramiento a los estudiantes que as\u00ed lo requieran sobre la adecuada preparaci\u00f3n de las entrevistas de trabajo, confecci\u00f3n del curr\u00edculum y b\u00fasqueda activa de empleo.\u00a0<strong>\u00a0<\/strong><\/p>\n<p>&nbsp;<\/p>\n<h3><span style=\"color: #a51014;\"><strong>Asesoramiento a la iniciativa empresarial.<\/strong><\/span><\/h3>\n<p>La C\u00e1mara de Comercio de M\u00e1laga y la Direcci\u00f3n Acad\u00e9mica del M\u00e1ster ponen a disposici\u00f3n de los participantes que deseen un asesoramiento gratuito y personalizado para la creaci\u00f3n de empresas y las primeras etapas del desarrollo del proyecto.<\/p>\n<p>Por otro lado, se le informa al emprendedor o emprendedora sobre las ayudas y subvenciones disponibles tanto a nivel provincial como auton\u00f3mico, nacional y europeo.<\/p>\n<p>&nbsp;<\/p>\n<h3><span style=\"color: #a51014;\"><strong>Programas de Apoyo a la Internacionalizaci\u00f3n.<\/strong><\/span><\/h3>\n<p>La C\u00e1mara de Comercio tambi\u00e9n pone a disposici\u00f3n de las personas empresarias que realicen el M\u00e1ster varios servicios orientados a facilitar la internacionalizaci\u00f3n de sus empresas, como por ejemplo: Diagn\u00f3sticos del Potencial Exportador, Servicios de Informaci\u00f3n, Jornadas Informativas sobre mercados, acceso a Misiones Comerciales subvencionadas, etc.<\/p>\n<h3><\/h3>\n<p>&nbsp;<\/p>\n<h3><strong><span style=\"color: #a51014;\">Desarrollo Profesional.\u00a0<\/span><\/strong><\/h3>\n<p>El\u00a0M\u00e1ster en Internacionalizaci\u00f3n de Empresas te\u00a0permite enriquecer los perfiles profesionales de los alumnos por los contactos de inestimable valor entre profesores, participantes, conferenciantes y empresas vinculadas a la internacionalizaci\u00f3n.<\/p>\n<p>El MIE ofrece multitud de posibilidades para el <strong>desarrollo de su carrera profesional,<\/strong> entre otras:<\/p>\n<ul style=\"list-style-type: circle;\">\n<li>\u00a0Direcci\u00f3n de departamento Internacional.<\/li>\n<li>Direcci\u00f3n de operaciones log\u00edsticas.<\/li>\n<li>Direcci\u00f3n de expansi\u00f3n internacional.<\/li>\n<li>Establecerse como profesional de la consultor\u00eda internacional.<\/li>\n<li>Crear su propia compa\u00f1\u00eda de Trading Internacional.<\/li>\n<\/ul>\n<p>&nbsp;<\/p>\n<p>Las <strong>grandes multinacionales buscan perfiles globales<\/strong>, con una visi\u00f3n internacional de la empresa, capaces de dirigir organizaciones multiculturales.<\/p>\n<p>&nbsp;<\/p>\n<p>&nbsp;<\/p>\n<p>[\/et_pb_text][\/et_pb_column][et_pb_column type=\u00bb1_4&#8243; _builder_version=\u00bb3.25&#8243; custom_padding=\u00bb|||\u00bb global_colors_info=\u00bb{}\u00bb custom_padding__hover=\u00bb|||\u00bb][et_pb_sidebar area=\u00bbet_pb_widget_area_4&#8243; admin_label=\u00bbSidebar\u00bb _builder_version=\u00bb3.0.74&#8243; global_colors_info=\u00bb{}\u00bb] [\/et_pb_sidebar][et_pb_testimonial author=\u00bbJOSE ENRIQUE DE CASTRO\u00bb admin_label=\u00bbTestimonial\u00bb _builder_version=\u00bb3.2&#8243; background_size=\u00bbinitial\u00bb background_position=\u00bbtop_left\u00bb background_repeat=\u00bbrepeat\u00bb global_colors_info=\u00bb{}\u00bb]Personalmente\u00a0ha sido una experiencia muy enriquecedora.\u00a0Ha sido un gran reto para mi.\u00a0He tenido momentos de agotamiento, pero me he encontrado bien y satisfecho, adem\u00e1s me ha permitido recuperar parte de mi franc\u00e9s y mejorar mi ingl\u00e9s.\u00a0He conocido a personas interesantes, sobre todo en el profesorado con los que espero seguir teniendo relaci\u00f3n.\u00a0Y a nivel profesional, el M\u00e1ster ha sido a\u00fan m\u00e1s enriquecedor. Se me ha abierto un gran abanico de posibilidades profesionales, no solo como promoci\u00f3n en mi trabajo y sector, sino tambi\u00e9n en otros sectores y en otras actividades.<\/p>\n<p>Lo mejor: El profesorado, en lo docente y en lo personal.<br \/>\n[\/et_pb_testimonial][et_pb_sidebar area=\u00bbet_pb_widget_area_2&#8243; admin_label=\u00bbSidebar\u00bb _builder_version=\u00bb3.0.74&#8243; global_colors_info=\u00bb{}\u00bb] [\/et_pb_sidebar][\/et_pb_column][\/et_pb_row][\/et_pb_section]<\/p>\n","protected":false},"excerpt":{"rendered":"<p>La C\u00e1mara de Comercio de M\u00e1laga ofrece al alumnado que est\u00e9 cursando el M\u00e1ster de forma gratuita los siguientes servicios: &nbsp; Bolsa de Empleo Activa La C\u00e1mara de Comercio de M\u00e1laga ofrece al alumnado su servicio de agencia de colocaci\u00f3n. Adem\u00e1s, se pone a disposici\u00f3n de los participantes el acceso a \u00abQuiero Empleo\u201d, el Portal [&hellip;]<\/p>\n","protected":false},"author":2,"featured_media":0,"parent":0,"menu_order":0,"comment_status":"closed","ping_status":"closed","template":"","meta":{"_et_pb_use_builder":"on","_et_pb_old_content":"","_et_gb_content_width":"","footnotes":""},"class_list":["post-1397","page","type-page","status-publish","hentry"],"_links":{"self":[{"href":"https:\/\/mastercomercioexterior.es\/malaga\/wp-json\/wp\/v2\/pages\/1397","targetHints":{"allow":["GET"]}}],"collection":[{"href":"https:\/\/mastercomercioexterior.es\/malaga\/wp-json\/wp\/v2\/pages"}],"about":[{"href":"https:\/\/mastercomercioexterior.es\/malaga\/wp-json\/wp\/v2\/types\/page"}],"author":[{"embeddable":true,"href":"https:\/\/mastercomercioexterior.es\/malaga\/wp-json\/wp\/v2\/users\/2"}],"replies":[{"embeddable":true,"href":"https:\/\/mastercomercioexterior.es\/malaga\/wp-json\/wp\/v2\/comments?post=1397"}],"version-history":[{"count":2,"href":"https:\/\/mastercomercioexterior.es\/malaga\/wp-json\/wp\/v2\/pages\/1397\/revisions"}],"predecessor-version":[{"id":4696,"href":"https:\/\/mastercomercioexterior.es\/malaga\/wp-json\/wp\/v2\/pages\/1397\/revisions\/4696"}],"wp:attachment":[{"href":"https:\/\/mastercomercioexterior.es\/malaga\/wp-json\/wp\/v2\/media?parent=1397"}],"curies":[{"name":"wp","href":"https:\/\/api.w.org\/{rel}","templated":true}]}}