{"id":1250,"date":"2014-06-02T21:58:36","date_gmt":"2014-06-02T19:58:36","guid":{"rendered":"http:\/\/mastercomercioexterior.es\/malaga\/?page_id=1250"},"modified":"2023-07-28T10:42:49","modified_gmt":"2023-07-28T08:42:49","slug":"programa-formativo-master-mie","status":"publish","type":"page","link":"https:\/\/mastercomercioexterior.es\/malaga\/programa-formativo-master-mie\/","title":{"rendered":"PROGRAMA FORMATIVO MASTER MIE"},"content":{"rendered":"<p>[et_pb_section fb_built=\u00bb1&#8243; _builder_version=\u00bb4.16&#8243; custom_padding=\u00bb74px|0px|0|0px|false|false\u00bb global_colors_info=\u00bb{}\u00bb][et_pb_row _builder_version=\u00bb4.16&#8243; background_size=\u00bbinitial\u00bb background_position=\u00bbtop_left\u00bb background_repeat=\u00bbrepeat\u00bb custom_padding=\u00bb0|0px|0|0px|false|false\u00bb global_colors_info=\u00bb{}\u00bb][et_pb_column type=\u00bb4_4&#8243; _builder_version=\u00bb4.16&#8243; custom_padding=\u00bb|||\u00bb global_colors_info=\u00bb{}\u00bb custom_padding__hover=\u00bb|||\u00bb][et_pb_image src=\u00bbhttps:\/\/mastercomercioexterior.es\/malaga\/wp-content\/uploads\/2014\/06\/programa-formativo-master.jpg\u00bb align_tablet=\u00bbcenter\u00bb align_phone=\u00bb\u00bb align_last_edited=\u00bbon|desktop\u00bb admin_label=\u00bbImage\u00bb _builder_version=\u00bb4.16&#8243; global_colors_info=\u00bb{}\u00bb]<br \/>\n[\/et_pb_image][\/et_pb_column][\/et_pb_row][\/et_pb_section][et_pb_section fb_built=\u00bb1&#8243; fullwidth=\u00bbon\u00bb _builder_version=\u00bb4.16&#8243; global_colors_info=\u00bb{}\u00bb][et_pb_fullwidth_header title=\u00bbPROGRAMA FORMATIVO\u00bb subhead=\u00bbM\u00c1STER EN INTERNACIONALIZACI\u00d3N DE EMPRESAS\u00bb text_orientation=\u00bbcenter\u00bb _builder_version=\u00bb4.16&#8243; background_color=\u00bb#ffffff\u00bb background_layout=\u00bblight\u00bb global_colors_info=\u00bb{}\u00bb]<br \/>\n[\/et_pb_fullwidth_header][\/et_pb_section][et_pb_section fb_built=\u00bb1&#8243; _builder_version=\u00bb4.21.0&#8243; _module_preset=\u00bbdefault\u00bb custom_padding=\u00bb||0px|||\u00bb global_colors_info=\u00bb{}\u00bb][et_pb_row _builder_version=\u00bb4.21.0&#8243; _module_preset=\u00bbdefault\u00bb global_colors_info=\u00bb{}\u00bb][et_pb_column type=\u00bb4_4&#8243; _builder_version=\u00bb4.21.0&#8243; _module_preset=\u00bbdefault\u00bb global_colors_info=\u00bb{}\u00bb][et_pb_image src=\u00bbhttps:\/\/mastercomercioexterior.es\/malaga\/wp-content\/uploads\/2023\/06\/master-comercio-exterior.png\u00bb title_text=\u00bbmaster comercio exterior\u00bb _builder_version=\u00bb4.21.0&#8243; _module_preset=\u00bbdefault\u00bb global_colors_info=\u00bb{}\u00bb][\/et_pb_image][\/et_pb_column][\/et_pb_row][\/et_pb_section][et_pb_section fb_built=\u00bb1&#8243; _builder_version=\u00bb4.21.0&#8243; _module_preset=\u00bbdefault\u00bb global_colors_info=\u00bb{}\u00bb][et_pb_row column_structure=\u00bb1_2,1_2&#8243; _builder_version=\u00bb4.21.0&#8243; _module_preset=\u00bbdefault\u00bb global_colors_info=\u00bb{}\u00bb][et_pb_column type=\u00bb1_2&#8243; _builder_version=\u00bb4.21.0&#8243; _module_preset=\u00bbdefault\u00bb global_colors_info=\u00bb{}\u00bb][et_pb_blurb title=\u00bbPrograma Curso Experto Comercio Exterior\u00bb image=\u00bbhttps:\/\/mastercomercioexterior.es\/malaga\/wp-content\/uploads\/2020\/11\/CECI-BLENDED-1280&#215;522-1.png\u00bb _builder_version=\u00bb4.21.0&#8243; _module_preset=\u00bbdefault\u00bb text_orientation=\u00bbcenter\u00bb global_colors_info=\u00bb{}\u00bb][\/et_pb_blurb][et_pb_toggle title=\u00bbM\u00d3DULO I: ESTRATEGIA INTERNACIONAL\u00bb open_toggle_text_color=\u00bb#a51014&#8243; closed_toggle_text_color=\u00bb#e02b20&#8243; _builder_version=\u00bb4.21.0&#8243; title_text_color=\u00bb#a51014&#8243; global_colors_info=\u00bb{}\u00bb]<\/p>\n<ul>\n<li>Introducci\u00f3n al CECI. Entorno y coyuntura internacionales<\/li>\n<li>Introducci\u00f3n a las operaciones internacionales<\/li>\n<li>El Plan de Internacionalizaci\u00f3n<\/li>\n<li>Investigaci\u00f3n y selecci\u00f3n de mercados internacionales<\/li>\n<li>Formas de acceso a los mercados internacionales<\/li>\n<li>Consorcios y Plataformas de Comercializaci\u00f3n Exterior<\/li>\n<li>Marketing-mix internacional<\/li>\n<li>Plan de viabilidad econ\u00f3mico-financiero<\/li>\n<li>Negociaci\u00f3n intercultural<\/li>\n<li>Ayudas y subvenciones<\/li>\n<\/ul>\n<p>[\/et_pb_toggle][et_pb_toggle title=\u00bbM\u00d3DULO II: ADUANAS Y LOGISTICA INTERNACIONAL\u00bb open_toggle_text_color=\u00bb#a51014&#8243; closed_toggle_text_color=\u00bb#e02b20&#8243; _builder_version=\u00bb4.21.0&#8243; title_text_color=\u00bb#a51014&#8243; global_colors_info=\u00bb{}\u00bb]<\/p>\n<ul>\n<li><span>La log\u00edstica internacional.<\/span><\/li>\n<li><span>Clases de transporte.<\/span><\/li>\n<li>Documentos de transporte internacional.<\/li>\n<li><span>Gesti\u00f3n documental del comercio exterior.<\/span><\/li>\n<li><span>R\u00e9gimen aduanero. Uni\u00f3n Aduanera.<\/span><\/li>\n<li><span>Operador econ\u00f3mico autorizado<\/span><\/li>\n<\/ul>\n<p>[\/et_pb_toggle][et_pb_toggle title=\u00bbM\u00d3DULO III: FINANCIACI\u00d3N INTERNACIONAL\u00bb open_toggle_text_color=\u00bb#a51014&#8243; closed_toggle_text_color=\u00bb#e02b20&#8243; _builder_version=\u00bb4.21.0&#8243; title_text_color=\u00bb#a51014&#8243; global_colors_info=\u00bb{}\u00bb]<\/p>\n<ul>\n<li>Los riesgos del comercio internacional.<\/li>\n<li>Medios de pago simples y documentarios.<\/li>\n<li>El Cr\u00e9dito Documentario.<\/li>\n<li>Financiaci\u00f3n internacional.<\/li>\n<li>Seguros de cobro internacionales.<\/li>\n<li>L\u00edneas de apoyo oficiales a la internacionalizaci\u00f3n<\/li>\n<li><\/li>\n<\/ul>\n<p>[\/et_pb_toggle][et_pb_toggle title=\u00bbM\u00d3DULO IV:  CONTRATACI\u00d3N Y FISCALIDAD\u00bb open_toggle_text_color=\u00bb#a51014&#8243; closed_toggle_text_color=\u00bb#e02b20&#8243; _builder_version=\u00bb4.21.0&#8243; title_text_color=\u00bb#a51014&#8243; global_colors_info=\u00bb{}\u00bb]<\/p>\n<ul>\n<li>INCOTERMS 2020<\/li>\n<li><span>Contratos de compraventa, agencia, distribuci\u00f3n, etc.<\/span><\/li>\n<li><span>Fiscalidad Internacional.<\/span><\/li>\n<li><span>IVA en las export\/importaciones.<\/span><\/li>\n<li><span>Operaciones triangulares.<\/span><\/li>\n<li><span>Para\u00edsos fiscales.<\/span><\/li>\n<\/ul>\n<p>[\/et_pb_toggle][et_pb_toggle title=\u00bbM\u00d3DULO V: MARKETING DIGITAL E-COMMERCE\u00bb open_toggle_text_color=\u00bb#a51014&#8243; closed_toggle_text_color=\u00bb#e02b20&#8243; _builder_version=\u00bb4.21.0&#8243; title_text_color=\u00bb#a51014&#8243; global_colors_info=\u00bb{}\u00bb]<\/p>\n<ul>\n<li><span>Marketing digital internacional.<\/span><\/li>\n<li>SEO Y SEM Internacional.<\/li>\n<li>E-Commerce Internacional.<\/li>\n<li>Marketplaces Internacionales.<\/li>\n<li><span>La estrategia omnicanal.<\/span><\/li>\n<li><span>Herramientas de productividad en la nube para la gesti\u00f3n internacional.<\/span><\/li>\n<\/ul>\n<p>[\/et_pb_toggle][\/et_pb_column][et_pb_column type=\u00bb1_2&#8243; _builder_version=\u00bb4.21.0&#8243; _module_preset=\u00bbdefault\u00bb global_colors_info=\u00bb{}\u00bb][et_pb_blurb title=\u00bbPrograma Advanced Iternational Management\u00bb image=\u00bbhttps:\/\/mastercomercioexterior.es\/malaga\/wp-content\/uploads\/2023\/06\/logo-aim-f.png\u00bb _builder_version=\u00bb4.21.0&#8243; _module_preset=\u00bbdefault\u00bb text_orientation=\u00bbcenter\u00bb global_colors_info=\u00bb{}\u00bb][\/et_pb_blurb][et_pb_toggle title=\u00bbM\u00d3DULO I: INTERNATIONAL ENVIRONMENT &#038; MARKETS\u00bb open_toggle_text_color=\u00bb#a51014&#8243; closed_toggle_text_color=\u00bb#e02b20&#8243; _builder_version=\u00bb4.21.0&#8243; title_text_color=\u00bb#a51014&#8243; global_colors_info=\u00bb{}\u00bb][\/et_pb_toggle][et_pb_toggle title=\u00bbM\u00d3DULO II: ADVANCED LEGAL MANAGEMENT &#038; INTERNATIONAL TENDERS\u00bb open_toggle_text_color=\u00bb#a51014&#8243; closed_toggle_text_color=\u00bb#e02b20&#8243; _builder_version=\u00bb4.21.0&#8243; title_text_color=\u00bb#a51014&#8243; global_colors_info=\u00bb{}\u00bb][\/et_pb_toggle][et_pb_toggle title=\u00bbM\u00d3DULO III: SUPPLY CHAIN MANAGEMENT &#038; OPERATIONS\u00bb open_toggle_text_color=\u00bb#a51014&#8243; closed_toggle_text_color=\u00bb#e02b20&#8243; _builder_version=\u00bb4.21.0&#8243; title_text_color=\u00bb#a51014&#8243; global_colors_info=\u00bb{}\u00bb][\/et_pb_toggle][et_pb_toggle title=\u00bbM\u00d3DULO IV: INTERNATIONAL NEGOTIATION\u00bb open_toggle_text_color=\u00bb#a51014&#8243; closed_toggle_text_color=\u00bb#e02b20&#8243; _builder_version=\u00bb4.21.0&#8243; title_text_color=\u00bb#a51014&#8243; global_colors_info=\u00bb{}\u00bb][\/et_pb_toggle][et_pb_toggle title=\u00bbM\u00d3DULO V: ADVANCED INTERNATIONAL BUSINESS STRATEGIES\u00bb open_toggle_text_color=\u00bb#a51014&#8243; closed_toggle_text_color=\u00bb#e02b20&#8243; _builder_version=\u00bb4.21.0&#8243; title_text_color=\u00bb#a51014&#8243; global_colors_info=\u00bb{}\u00bb][\/et_pb_toggle][\/et_pb_column][\/et_pb_row][et_pb_row _builder_version=\u00bb4.21.0&#8243; _module_preset=\u00bbdefault\u00bb global_colors_info=\u00bb{}\u00bb][et_pb_column type=\u00bb4_4&#8243; _builder_version=\u00bb4.21.0&#8243; _module_preset=\u00bbdefault\u00bb global_colors_info=\u00bb{}\u00bb][et_pb_toggle title=\u00bbPROYECTO FIN DE MASTER\u00bb open_toggle_text_color=\u00bb#a51014&#8243; closed_toggle_text_color=\u00bb#e02b20&#8243; _builder_version=\u00bb4.21.0&#8243; title_text_color=\u00bb#a51014&#8243; text_orientation=\u00bbcenter\u00bb global_colors_info=\u00bb{}\u00bb][\/et_pb_toggle][\/et_pb_column][\/et_pb_row][et_pb_row _builder_version=\u00bb4.16&#8243; background_size=\u00bbinitial\u00bb background_position=\u00bbtop_left\u00bb background_repeat=\u00bbrepeat\u00bb custom_padding=\u00bb0|0px|27px|0px|false|false\u00bb global_colors_info=\u00bb{}\u00bb][et_pb_column type=\u00bb4_4&#8243; _builder_version=\u00bb4.16&#8243; custom_padding=\u00bb|||\u00bb global_colors_info=\u00bb{}\u00bb custom_padding__hover=\u00bb|||\u00bb][et_pb_text admin_label=\u00bbText\u00bb _builder_version=\u00bb4.21.0&#8243; background_size=\u00bbinitial\u00bb background_position=\u00bbtop_left\u00bb background_repeat=\u00bbrepeat\u00bb link_option_url_new_window=\u00bbon\u00bb hover_enabled=\u00bb0&#8243; use_border_color=\u00bboff\u00bb global_colors_info=\u00bb{}\u00bb sticky_enabled=\u00bb0&#8243;]<\/p>\n<h3><\/h3>\n<p>&nbsp;<\/p>\n<p><strong><\/strong><\/p>\n<blockquote>\n<p>PROGRAMA ACAD\u00c9MICO. La direcci\u00f3n acad\u00e9mica se reserva el derecho a modificar el programa acad\u00e9mico para garantizar el correcto funcionamiento del M\u00e1ster.<\/p>\n<\/blockquote>\n<p>[\/et_pb_text][\/et_pb_column][\/et_pb_row][\/et_pb_section][et_pb_section fb_built=\u00bb1&#8243; disabled_on=\u00bbon|on|on\u00bb _builder_version=\u00bb4.21.0&#8243; custom_padding=\u00bb0|0px|54px|0px|false|false\u00bb disabled=\u00bbon\u00bb global_colors_info=\u00bb{}\u00bb][et_pb_row column_structure=\u00bb1_3,1_3,1_3&#8243; _builder_version=\u00bb4.16&#8243; background_size=\u00bbinitial\u00bb background_position=\u00bbtop_left\u00bb background_repeat=\u00bbrepeat\u00bb custom_padding=\u00bb0|0px|0|0px|false|false\u00bb global_colors_info=\u00bb{}\u00bb][et_pb_column type=\u00bb1_3&#8243; _builder_version=\u00bb4.16&#8243; custom_padding=\u00bb|||\u00bb global_colors_info=\u00bb{}\u00bb custom_padding__hover=\u00bb|||\u00bb][et_pb_toggle title=\u00bbM\u00d3DULO I: ENTORNO ECON\u00d3MICO INTERNACIONAL\u00bb open_toggle_text_color=\u00bb#a51014&#8243; closed_toggle_text_color=\u00bb#e02b20&#8243; _builder_version=\u00bb4.16&#8243; title_text_color=\u00bb#a51014&#8243; global_colors_info=\u00bb{}\u00bb][\/et_pb_toggle][et_pb_toggle title=\u00bbM\u00d3DULO IV: REGIMEN JUR\u00cdDICO ADUANERO\u00bb open_toggle_text_color=\u00bb#a51014&#8243; closed_toggle_text_color=\u00bb#e02b20&#8243; _builder_version=\u00bb4.16&#8243; title_text_color=\u00bb#a51014&#8243; global_colors_info=\u00bb{}\u00bb][\/et_pb_toggle][et_pb_toggle title=\u00bbM\u00d3DULO VII: GESTI\u00d3N Y DIRECCI\u00d3N DE OPERACIONES INTERNACIONALES\u00bb closed_toggle_text_color=\u00bb#e02b20&#8243; _builder_version=\u00bb4.16&#8243; global_colors_info=\u00bb{}\u00bb][\/et_pb_toggle][et_pb_toggle title=\u00bbM\u00d3DULO X. INTERNACIONALIZACI\u00d3N DE LAS EMPRESAS DE SERVICIOS\u00bb open_toggle_text_color=\u00bb#a51014&#8243; closed_toggle_text_color=\u00bb#e02b20&#8243; _builder_version=\u00bb4.16&#8243; title_text_color=\u00bb#a51014&#8243; global_colors_info=\u00bb{}\u00bb]<br \/>\n[\/et_pb_toggle][\/et_pb_column][et_pb_column type=\u00bb1_3&#8243; _builder_version=\u00bb4.16&#8243; custom_padding=\u00bb|||\u00bb global_colors_info=\u00bb{}\u00bb custom_padding__hover=\u00bb|||\u00bb][et_pb_toggle title=\u00bbM\u00d3DULO II: PLANIFICACI\u00d3N ESTRAT\u00c9GICA Y MARKETING INTERNACIONAL\u00bb open_toggle_text_color=\u00bb#a51014&#8243; closed_toggle_text_color=\u00bb#e02b20&#8243; _builder_version=\u00bb4.16&#8243; title_text_color=\u00bb#a51014&#8243; global_colors_info=\u00bb{}\u00bb][\/et_pb_toggle][et_pb_toggle title=\u00bbM\u00d3DULO V: LOG\u00cdSTICA INTERNACIONAL\u00bb open_toggle_text_color=\u00bb#a51014&#8243; closed_toggle_text_color=\u00bb#e02b20&#8243; _builder_version=\u00bb4.16&#8243; title_text_color=\u00bb#a51014&#8243; global_colors_info=\u00bb{}\u00bb][\/et_pb_toggle][et_pb_toggle title=\u00bbM\u00d3DULO VIII: NEGOCIACI\u00d3N INTERNACIONAL\u00bb open_toggle_text_color=\u00bb#a51014&#8243; closed_toggle_text_color=\u00bb#e02b20&#8243; _builder_version=\u00bb4.16&#8243; title_text_color=\u00bb#a51014&#8243; global_colors_info=\u00bb{}\u00bb]<br \/>\n[\/et_pb_toggle][et_pb_toggle title=\u00bbSEMINARIOS DE APOYO AL TFM\u00bb open_toggle_text_color=\u00bb#a51014&#8243; closed_toggle_text_color=\u00bb#e02b20&#8243; _builder_version=\u00bb4.16&#8243; title_text_color=\u00bb#a51014&#8243; global_colors_info=\u00bb{}\u00bb]<br \/>\n[\/et_pb_toggle][\/et_pb_column][et_pb_column type=\u00bb1_3&#8243; _builder_version=\u00bb4.16&#8243; custom_padding=\u00bb|||\u00bb global_colors_info=\u00bb{}\u00bb custom_padding__hover=\u00bb|||\u00bb][et_pb_toggle title=\u00bbM\u00d3DULO III: CONTRATACI\u00d3N Y FISCALIDAD INTERNACIONAL\u00bb open_toggle_text_color=\u00bb#a51014&#8243; closed_toggle_text_color=\u00bb#e02b20&#8243; _builder_version=\u00bb4.16&#8243; title_text_color=\u00bb#a51014&#8243; global_colors_info=\u00bb{}\u00bb][\/et_pb_toggle][et_pb_toggle title=\u00bbM\u00d3DULO VI: FINANCIACI\u00d3N Y MEDIOS DE PAGO INTERNACIONALES\u00bb open_toggle_text_color=\u00bb#a51014&#8243; closed_toggle_text_color=\u00bb#e02b20&#8243; _builder_version=\u00bb4.16&#8243; title_text_color=\u00bb#a51014&#8243; global_colors_info=\u00bb{}\u00bb]<br \/>\n[\/et_pb_toggle][et_pb_toggle title=\u00bbM\u00d3DULO IX: INTERNACIONALIZACI\u00d3N Y NUEVAS TECNOLOG\u00cdAS\u00bb open_toggle_text_color=\u00bb#a51014&#8243; closed_toggle_text_color=\u00bb#e02b20&#8243; _builder_version=\u00bb4.16&#8243; title_text_color=\u00bb#a51014&#8243; global_colors_info=\u00bb{}\u00bb]<\/p>\n<p>IX.1. INTERNACIONALIZACI\u00d3N DIGITAL Y TECNOL\u00d3GICA<\/p>\n<p>IX. 2. INTELIGENCIA COMPETITIVA INTERNACIONAL<\/p>\n<p>IX. 3. EL PLAN DE MARKETING DIGITAL INTERNACIONAL<\/p>\n<p>IX. 4. PLAN ESTRAT\u00c9GICO DEL NEGOCIO DIGITAL<\/p>\n<p>[\/et_pb_toggle][et_pb_toggle title=\u00bbTRABAJO INDIVIDUAL ALUMNO PARA EL TFM + TUTORIAS.\u00bb open_toggle_text_color=\u00bb#a51014&#8243; closed_toggle_text_color=\u00bb#e02b20&#8243; _builder_version=\u00bb4.16&#8243; title_text_color=\u00bb#a51014&#8243; global_colors_info=\u00bb{}\u00bb]<br \/>\n[\/et_pb_toggle][\/et_pb_column][\/et_pb_row][\/et_pb_section]<\/p>\n","protected":false},"excerpt":{"rendered":"<p>Introducci\u00f3n al CECI. Entorno y coyuntura internacionales Introducci\u00f3n a las operaciones internacionales El Plan de Internacionalizaci\u00f3n Investigaci\u00f3n y selecci\u00f3n de mercados internacionales Formas de acceso a los mercados internacionales Consorcios y Plataformas de Comercializaci\u00f3n Exterior Marketing-mix internacional Plan de viabilidad econ\u00f3mico-financiero Negociaci\u00f3n intercultural Ayudas y subvenciones La log\u00edstica internacional. Clases de transporte. Documentos de transporte [&hellip;]<\/p>\n","protected":false},"author":2,"featured_media":0,"parent":0,"menu_order":0,"comment_status":"closed","ping_status":"closed","template":"","meta":{"_et_pb_use_builder":"on","_et_pb_old_content":"","_et_gb_content_width":"","footnotes":""},"class_list":["post-1250","page","type-page","status-publish","hentry"],"_links":{"self":[{"href":"https:\/\/mastercomercioexterior.es\/malaga\/wp-json\/wp\/v2\/pages\/1250","targetHints":{"allow":["GET"]}}],"collection":[{"href":"https:\/\/mastercomercioexterior.es\/malaga\/wp-json\/wp\/v2\/pages"}],"about":[{"href":"https:\/\/mastercomercioexterior.es\/malaga\/wp-json\/wp\/v2\/types\/page"}],"author":[{"embeddable":true,"href":"https:\/\/mastercomercioexterior.es\/malaga\/wp-json\/wp\/v2\/users\/2"}],"replies":[{"embeddable":true,"href":"https:\/\/mastercomercioexterior.es\/malaga\/wp-json\/wp\/v2\/comments?post=1250"}],"version-history":[{"count":9,"href":"https:\/\/mastercomercioexterior.es\/malaga\/wp-json\/wp\/v2\/pages\/1250\/revisions"}],"predecessor-version":[{"id":5103,"href":"https:\/\/mastercomercioexterior.es\/malaga\/wp-json\/wp\/v2\/pages\/1250\/revisions\/5103"}],"wp:attachment":[{"href":"https:\/\/mastercomercioexterior.es\/malaga\/wp-json\/wp\/v2\/media?parent=1250"}],"curies":[{"name":"wp","href":"https:\/\/api.w.org\/{rel}","templated":true}]}}